{"id":75114,"date":"2021-02-21T19:37:38","date_gmt":"2021-02-21T19:37:38","guid":{"rendered":"https:\/\/www.autonvaraosahaku.fi\/?product=luk-600-0068-00-kytkinpaketti"},"modified":"2021-02-21T19:37:43","modified_gmt":"2021-02-21T19:37:43","slug":"luk-600-0068-00-kytkinpaketti","status":"publish","type":"product","link":"https:\/\/www.autonvaraosahaku.fi\/?product=luk-600-0068-00-kytkinpaketti","title":{"rendered":"LuK 600 0068 00 Kytkinpaketti"},"content":{"rendered":"<p>Lis\u00e4tarvike\/lis\u00e4tieto: Irroitusmekanismilla, ilman ohjauslaakeria; Korvaava tuote\/korvaava tiedote 2: Vauhtipy\u00f6r\u00e4ll\u00e4, Ruuvisarjalla, Erikoisty\u00f6kalu tarpeen asennuksessa, Kaksoismassavauhtipy\u00f6r\u00e4 kitka-ohjauslevyll\u00e4; J\u00e4lkis\u00e4\u00e4t\u00f6: Automaattisella s\u00e4\u00e4d\u00f6ll\u00e4; Kiinnitysreikien lukum\u00e4\u00e4r\u00e4: 7, 7; suurin p\u00e4\u00e4st\u00f6kulma [Grad]: 18; Hammaslukum\u00e4\u00e4r\u00e4 (suurimman p\u00e4\u00e4st\u00f6kulman ilmoitus): 7; suurin heitto [mm]: 1,6; Tuotelinja: BR 0241; Valmistusvuoteen: 05\/2008; RENAULT: SC\u00c9NIC II JM0\/1_,MEGANE II Kombi KM0\/1_,MEGANE II Coup\u00e9-Cabriolet EM0\/1_,MEGANE II BM0\/1_, CM0\/1_,GRAND SC\u00c9NIC II JM0\/1_,MEGANE II Stufenheck LM0\/1_,MEGANE II Kasten\/Kombi KM_; NISSAN: PRIMERA Kombi WP12,PRIMERA P12,PRIMERA Hatchback P12; 12310AW300, 30620AE800, 302053536R, 302057458R, 302058570R, 306201683R, 7701474494, 7701474495, 7701475108, 7701475314, 7701475432, 7701477468, 7701477695, 7701479183, 7711497028, 8200116459, 8200223453, 8200243494, 8200291858, 8200341798, 8200723260, 8200764618, 8200805656, 8200842580; Kytkinsarja<\/p>\n","protected":false},"excerpt":{"rendered":"<p>LuK Kytkinpaketti 600 0068 00 Kytkinsarja RENAULT,NISSAN,SC\u00c9NIC II JM0\/1_,MEGANE II Kombi KM0\/1_,MEGANE II Coup\u00e9-Cabriolet EM0\/1_<\/p>\n","protected":false},"featured_media":0,"template":"","meta":{"site-sidebar-layout":"default","site-content-layout":"default","ast-global-header-display":"","ast-main-header-display":"","ast-hfb-above-header-display":"","ast-hfb-below-header-display":"","ast-hfb-mobile-header-display":"","site-post-title":"","ast-breadcrumbs-content":"","ast-featured-img":"","footer-sml-layout":"","theme-transparent-header-meta":"","adv-header-id-meta":"","stick-header-meta":"","header-above-stick-meta":"","header-main-stick-meta":"","header-below-stick-meta":""},"pwb-brand":[20],"product_cat":[21],"product_tag":[],"class_list":{"0":"post-75114","1":"product","2":"type-product","3":"status-publish","5":"pwb-brand-luk","6":"product_cat-kytkinpaketti","7":"desktop-align-left","8":"tablet-align-left","9":"mobile-align-left","11":"first","12":"instock","13":"product-type-external"},"brands":[{"id":20,"name":"LuK","slug":"luk"}],"_links":{"self":[{"href":"https:\/\/www.autonvaraosahaku.fi\/index.php?rest_route=\/wp\/v2\/product\/75114","targetHints":{"allow":["GET"]}}],"collection":[{"href":"https:\/\/www.autonvaraosahaku.fi\/index.php?rest_route=\/wp\/v2\/product"}],"about":[{"href":"https:\/\/www.autonvaraosahaku.fi\/index.php?rest_route=\/wp\/v2\/types\/product"}],"wp:attachment":[{"href":"https:\/\/www.autonvaraosahaku.fi\/index.php?rest_route=%2Fwp%2Fv2%2Fmedia&parent=75114"}],"wp:term":[{"taxonomy":"pwb-brand","embeddable":true,"href":"https:\/\/www.autonvaraosahaku.fi\/index.php?rest_route=%2Fwp%2Fv2%2Fpwb-brand&post=75114"},{"taxonomy":"product_cat","embeddable":true,"href":"https:\/\/www.autonvaraosahaku.fi\/index.php?rest_route=%2Fwp%2Fv2%2Fproduct_cat&post=75114"},{"taxonomy":"product_tag","embeddable":true,"href":"https:\/\/www.autonvaraosahaku.fi\/index.php?rest_route=%2Fwp%2Fv2%2Fproduct_tag&post=75114"}],"curies":[{"name":"wp","href":"https:\/\/api.w.org\/{rel}","templated":true}]}}