{"id":75116,"date":"2021-02-21T19:37:38","date_gmt":"2021-02-21T19:37:38","guid":{"rendered":"https:\/\/www.autonvaraosahaku.fi\/?product=pierburg-7-50051-60-0-polttoainepumppu"},"modified":"2021-02-21T19:37:43","modified_gmt":"2021-02-21T19:37:43","slug":"pierburg-7-50051-60-0-polttoainepumppu","status":"publish","type":"product","link":"https:\/\/www.autonvaraosahaku.fi\/?product=pierburg-7-50051-60-0-polttoainepumppu","title":{"rendered":"PIERBURG 7.50051.60.0 Polttoainepumppu"},"content":{"rendered":"<p>K\u00e4ytt\u00f6: S\u00e4hk\u00f6inen; L\u00e4pimitta [mm]: 43,5; Kokonaispituus [mm]: 199,5; L\u00e4pimitta 1 [mm]: 9; L\u00e4pimitta 2 [mm]: 9; Virran voimakkuus enint. [A]: 4,8; Liittimi\u00e4: 2; Paine alkaen (bar): 1; Paine asti (bar): 5; Paine (psi) asti: 72,5; J\u00e4nnite (V): 12; Paine (psi) alkaen: 14,5; Teknisten tietojen numero: SI 0097; TECDOC henkil\u00f6auton tyyppinumero: 16254; LAND ROVER: FREELANDER LN,RANGE ROVER III LM; OPEL: OMEGA B Caravan 21_, 22_, 23_,OMEGA B 25_, 26_, 27_; ROVER: 75 RJ,75 Tourer RJ; BMW: 3 E46,5 E39,3 Touring E46,5 Touring E39,3 Compact E46,3 Coupe E46,X5 E53,3 Cabriolet E46,7 E38; MG: MG ZT- T,MG ZT; 1184633, 16114028194, 16117165590, 16121184633, 16124024376, 16124024377, 16126750016, 16126750603, 16126756000, 16126756157, 16126757305, 16126757530, 16126757531, 16126757607, 16126757702, 16126758498, 16126758525, 16144024378, 16146751867, 16146755456, 16146767383, 4024375, 4024376, 4024377, 4024378, 4028194, 6750016, 6750603, 6751867, 6755456, 6756000, 6756157, 6757305, 6757530, 6757531, 6757607, 6757702, 6758498, 6758525, 6760934, 6767383, 7165590, WFX000180, WFX500210, WQB100480, WQB100482, WQB10048L, 05815000, 09266245, 6750016, WOB100481, WQB100481, 93174897<\/p>\n","protected":false},"excerpt":{"rendered":"<p>PIERBURG Polttoainepumppu 7.50051.60.0  LAND ROVER,OPEL,ROVER,FREELANDER LN,RANGE ROVER III LM,OMEGA B Caravan 21_, 22_, 23_,OMEGA B 25_, 26_, 27_<\/p>\n","protected":false},"featured_media":0,"template":"","meta":{"site-sidebar-layout":"default","site-content-layout":"default","ast-global-header-display":"","ast-main-header-display":"","ast-hfb-above-header-display":"","ast-hfb-below-header-display":"","ast-hfb-mobile-header-display":"","site-post-title":"","ast-breadcrumbs-content":"","ast-featured-img":"","footer-sml-layout":"","theme-transparent-header-meta":"","adv-header-id-meta":"","stick-header-meta":"","header-above-stick-meta":"","header-main-stick-meta":"","header-below-stick-meta":""},"pwb-brand":[380],"product_cat":[73],"product_tag":[],"class_list":{"0":"post-75116","1":"product","2":"type-product","3":"status-publish","5":"pwb-brand-pierburg","6":"product_cat-polttoainepumppu","7":"desktop-align-left","8":"tablet-align-left","9":"mobile-align-left","11":"first","12":"instock","13":"product-type-external"},"brands":[{"id":380,"name":"PIERBURG","slug":"pierburg"}],"_links":{"self":[{"href":"https:\/\/www.autonvaraosahaku.fi\/index.php?rest_route=\/wp\/v2\/product\/75116","targetHints":{"allow":["GET"]}}],"collection":[{"href":"https:\/\/www.autonvaraosahaku.fi\/index.php?rest_route=\/wp\/v2\/product"}],"about":[{"href":"https:\/\/www.autonvaraosahaku.fi\/index.php?rest_route=\/wp\/v2\/types\/product"}],"wp:attachment":[{"href":"https:\/\/www.autonvaraosahaku.fi\/index.php?rest_route=%2Fwp%2Fv2%2Fmedia&parent=75116"}],"wp:term":[{"taxonomy":"pwb-brand","embeddable":true,"href":"https:\/\/www.autonvaraosahaku.fi\/index.php?rest_route=%2Fwp%2Fv2%2Fpwb-brand&post=75116"},{"taxonomy":"product_cat","embeddable":true,"href":"https:\/\/www.autonvaraosahaku.fi\/index.php?rest_route=%2Fwp%2Fv2%2Fproduct_cat&post=75116"},{"taxonomy":"product_tag","embeddable":true,"href":"https:\/\/www.autonvaraosahaku.fi\/index.php?rest_route=%2Fwp%2Fv2%2Fproduct_tag&post=75116"}],"curies":[{"name":"wp","href":"https:\/\/api.w.org\/{rel}","templated":true}]}}