{"id":75162,"date":"2021-02-21T19:38:02","date_gmt":"2021-02-21T19:38:02","guid":{"rendered":"https:\/\/www.autonvaraosahaku.fi\/?product=mapco-20810-iskunvaimennin"},"modified":"2021-02-21T19:38:03","modified_gmt":"2021-02-21T19:38:03","slug":"mapco-20810-iskunvaimennin","status":"publish","type":"product","link":"https:\/\/www.autonvaraosahaku.fi\/?product=mapco-20810-iskunvaimennin","title":{"rendered":"MAPCO 20810 Iskunvaimennin"},"content":{"rendered":"<p>Iskunvaimennin tyyppi: Kaasupaine; Asennuspuoli: Etuakseli; Iskunvaimennin malli: Vaimennin, jousituella; Iskunvaimennusj\u00e4rjestelm\u00e4: Kaksiputki; Iskunvaimennin asennustapa: Tappi ylh\u00e4\u00e4ll\u00e4; Vaihdettava pareittain: ; Alustarakenne: f\u00fcr Fahrzeuge ohne Sportfahrwerk; VW: POLO 9N_,FOX 5Z1, 5Z3,POLO Stufenheck 9A4; AUDI: A2 8Z0; SKODA: FABIA Combi 6Y5,FABIA,FABIA 6Y2,FABIA Combi,ROOMSTER 5J,FABIA Stufenheck 6Y3,ROOMSTER Praktik 5J,FABIA Praktik; SEAT: IBIZA IV 6L1,CORDOBA 6L2; 5Z0413031C, 6Q0413031BD, 8Z0413031AD, 5Z0413031C, 6Q0413031BD, 6Q0413031BK, 6Q0413031BT, 8Z0413031AD, 443512331, 5Z0413031C, 600413031AH, 600413031AJ, 6O0413031AH, 6O0413031AJ, 6Q0413031AH, 6Q0413031AJ, 6Q0413031AM, 6Q0413031AN, 6Q0413031AP, 6Q0413031BD, 6Q0413031BJ, 6Q0413031BL, 6Q0413031BM, 6Q0413031BP, 6Q0413031BQ, 6Q0413031BR, 6Q0413031BS, 6Q0513031BN, 8Z0413031AD, 5Z0413031AB, 5Z0413031C, 5Z0413031D, 5Z0413031IB, 5Z0413031L, 5Z0413031N, 6Q0413031BD, 6Q0413031BN, 6Q0413031BT, 6Q0413031CD, 6Q0413031CE, 6Q0413031CF, 6Q0513031BN, 6Q0513031BQ, 8Z0413031AC, 8Z0413031AD, 8Z0413031N, 8Z0413031P, 8Z0413031S; Iskarit,Iskunvaimennin<\/p>\n","protected":false},"excerpt":{"rendered":"<p>MAPCO Iskunvaimentimet 20810 Iskarit,Iskunvaimennin VW,AUDI,SKODA,POLO 9N_,FOX 5Z1, 5Z3,POLO Stufenheck 9A4,A2 8Z0,FABIA Combi 6Y5,FABIA,FABIA 6Y2<\/p>\n","protected":false},"featured_media":0,"template":"","meta":{"site-sidebar-layout":"default","site-content-layout":"default","ast-global-header-display":"","ast-main-header-display":"","ast-hfb-above-header-display":"","ast-hfb-below-header-display":"","ast-hfb-mobile-header-display":"","site-post-title":"","ast-breadcrumbs-content":"","ast-featured-img":"","footer-sml-layout":"","theme-transparent-header-meta":"","adv-header-id-meta":"","stick-header-meta":"","header-above-stick-meta":"","header-main-stick-meta":"","header-below-stick-meta":""},"pwb-brand":[36],"product_cat":[80],"product_tag":[],"class_list":{"0":"post-75162","1":"product","2":"type-product","3":"status-publish","5":"pwb-brand-mapco","6":"product_cat-iskunvaimennin","7":"desktop-align-left","8":"tablet-align-left","9":"mobile-align-left","11":"first","12":"instock","13":"product-type-external"},"brands":[{"id":36,"name":"MAPCO","slug":"mapco"}],"_links":{"self":[{"href":"https:\/\/www.autonvaraosahaku.fi\/index.php?rest_route=\/wp\/v2\/product\/75162","targetHints":{"allow":["GET"]}}],"collection":[{"href":"https:\/\/www.autonvaraosahaku.fi\/index.php?rest_route=\/wp\/v2\/product"}],"about":[{"href":"https:\/\/www.autonvaraosahaku.fi\/index.php?rest_route=\/wp\/v2\/types\/product"}],"wp:attachment":[{"href":"https:\/\/www.autonvaraosahaku.fi\/index.php?rest_route=%2Fwp%2Fv2%2Fmedia&parent=75162"}],"wp:term":[{"taxonomy":"pwb-brand","embeddable":true,"href":"https:\/\/www.autonvaraosahaku.fi\/index.php?rest_route=%2Fwp%2Fv2%2Fpwb-brand&post=75162"},{"taxonomy":"product_cat","embeddable":true,"href":"https:\/\/www.autonvaraosahaku.fi\/index.php?rest_route=%2Fwp%2Fv2%2Fproduct_cat&post=75162"},{"taxonomy":"product_tag","embeddable":true,"href":"https:\/\/www.autonvaraosahaku.fi\/index.php?rest_route=%2Fwp%2Fv2%2Fproduct_tag&post=75162"}],"curies":[{"name":"wp","href":"https:\/\/api.w.org\/{rel}","templated":true}]}}