{"id":75167,"date":"2021-02-21T19:38:02","date_gmt":"2021-02-21T19:38:02","guid":{"rendered":"https:\/\/www.autonvaraosahaku.fi\/?product=febi-bilstein-24362-muut-luokat"},"modified":"2021-02-21T19:38:05","modified_gmt":"2021-02-21T19:38:05","slug":"febi-bilstein-24362-muut-luokat","status":"publish","type":"product","link":"https:\/\/www.autonvaraosahaku.fi\/?product=febi-bilstein-24362-muut-luokat","title":{"rendered":"FEBI BILSTEIN 24362 Muut luokat"},"content":{"rendered":"<p>Pituus (mm): 39; Ulkol\u00e4pimitta [mm]: 20,0; Ulkokierre [mm]: M10 x 1,5; Laatu \/ luokka: 10.9; Avainv\u00e4li: 13; Ruuvikanta\/mutteriprofiili: Kuusioruuvi \/-mutteri; Pinta: Sinkki-liuska-pinnoite; Ruuvin pituus ilman p\u00e4\u00e4t\u00e4: 30; Paino [kg]: 0,030, 0,030; LAND ROVER: FREELANDER 2 FA_; VOLVO: V50 MW,V70 III BW,C30,V60,S40 II MS,C70 II Cabriolet,S80 II AS,S60 II; FORD: MONDEO III Kombi BWY,FOCUS II Kombi DA_,MONDEO IV Turnier BA7,FOCUS Kombi DNW,FOCUS II DA_,FOCUS DAW, DBW,S-MAX WA6,FOCUS C-MAX,FIESTA IV JA_, JB_,GALAXY WA6,KUGA I,KA RB_,MONDEO III B5Y,C-MAX DM2,MONDEO IV BA7,MONDEO III Stufenheck B4Y,FOCUS Stufenheck DFW,MONDEO II Kombi BNP,FIESTA III GFJ,FOCUS II Stufenheck DA_,FOCUS II Cabriolet,COUGAR EC_,MONDEO II BAP,PUMA EC_,MONDEO IV Stufenheck BA7,MONDEO II Stufenheck BFP,MONDEO I Kombi BNP,MONDEO I GBP,SCORPIO II GFR, GGR,MONDEO I Stufenheck GBP,FIESTA Kasten J5_, J3_,SCORPIO II Kombi GNR, GGR,FIESTA Kasten JV_,KA Van RB,FIESTA Kasten F3L, F5L,FIESTA Kasten FVD; CITRO\u00cbN: BERLINGO MF,XSARA PICASSO N68,BERLINGO Kasten M_,XSARA N1,XSARA Break N2,XSARA Coupe N0,ZX N2,ZX Break N2,XSARA Kasten; PEUGEOT: 306 Schr\u00e4gheck 7A, 7C, N3, N5,306 Cabriolet 7D, N3, N5,PARTNER Combispace 5F,PARTNER Kasten 5,306 Break 7E, N3, N5,306 7B, N3, N5,306 Van N_, 7_; 352250, 1479052, 4046133, 6790116, W5004134S309, W500434S426, 352250<\/p>\n","protected":false},"excerpt":{"rendered":"<p>FEBI BILSTEIN Ruuvi 24362  LAND ROVER,VOLVO,FORD,FREELANDER 2 FA_,V50 MW,V70 III BW,C30,V60,S40 II MS,C70 II Cabriolet,S80 II AS,S60 II<\/p>\n","protected":false},"featured_media":0,"template":"","meta":{"site-sidebar-layout":"default","site-content-layout":"default","ast-global-header-display":"","ast-main-header-display":"","ast-hfb-above-header-display":"","ast-hfb-below-header-display":"","ast-hfb-mobile-header-display":"","site-post-title":"","ast-breadcrumbs-content":"","ast-featured-img":"","footer-sml-layout":"","theme-transparent-header-meta":"","adv-header-id-meta":"","stick-header-meta":"","header-above-stick-meta":"","header-main-stick-meta":"","header-below-stick-meta":""},"pwb-brand":[50],"product_cat":[37],"product_tag":[],"class_list":{"0":"post-75167","1":"product","2":"type-product","3":"status-publish","5":"pwb-brand-febi-bilstein","6":"product_cat-muut-luokat","7":"desktop-align-left","8":"tablet-align-left","9":"mobile-align-left","11":"first","12":"instock","13":"product-type-external"},"brands":[{"id":50,"name":"FEBI BILSTEIN","slug":"febi-bilstein"}],"_links":{"self":[{"href":"https:\/\/www.autonvaraosahaku.fi\/index.php?rest_route=\/wp\/v2\/product\/75167","targetHints":{"allow":["GET"]}}],"collection":[{"href":"https:\/\/www.autonvaraosahaku.fi\/index.php?rest_route=\/wp\/v2\/product"}],"about":[{"href":"https:\/\/www.autonvaraosahaku.fi\/index.php?rest_route=\/wp\/v2\/types\/product"}],"wp:attachment":[{"href":"https:\/\/www.autonvaraosahaku.fi\/index.php?rest_route=%2Fwp%2Fv2%2Fmedia&parent=75167"}],"wp:term":[{"taxonomy":"pwb-brand","embeddable":true,"href":"https:\/\/www.autonvaraosahaku.fi\/index.php?rest_route=%2Fwp%2Fv2%2Fpwb-brand&post=75167"},{"taxonomy":"product_cat","embeddable":true,"href":"https:\/\/www.autonvaraosahaku.fi\/index.php?rest_route=%2Fwp%2Fv2%2Fproduct_cat&post=75167"},{"taxonomy":"product_tag","embeddable":true,"href":"https:\/\/www.autonvaraosahaku.fi\/index.php?rest_route=%2Fwp%2Fv2%2Fproduct_tag&post=75167"}],"curies":[{"name":"wp","href":"https:\/\/api.w.org\/{rel}","templated":true}]}}