{"id":75171,"date":"2021-02-21T19:38:02","date_gmt":"2021-02-21T19:38:02","guid":{"rendered":"https:\/\/www.autonvaraosahaku.fi\/?product=mapco-80001-sytytyspuola"},"modified":"2021-02-21T19:38:07","modified_gmt":"2021-02-21T19:38:07","slug":"mapco-80001-sytytyspuola","status":"publish","type":"product","link":"https:\/\/www.autonvaraosahaku.fi\/?product=mapco-80001-sytytyspuola","title":{"rendered":"MAPCO 80001 Sytytyspuola"},"content":{"rendered":"<p>Napojen m\u00e4\u00e4r\u00e4: 3; Sis\u00e4\u00e4n\/ulosmeno aukkojen lukum\u00e4\u00e4r\u00e4: 4; Valmistusvuosi alkaen: 03\/1993; KIA: SPORTAGE K00; LAND ROVER: DISCOVERY II LJ, LT; LANCIA: Y 840A,KAPPA 838A,THEMA 834,DELTA II 836,KAPPA SW 838B,KAPPA Coupe 838,DEDRA 835,Y10 156,THEMA SW 834; FIAT: PUNTO 188,PUNTO 176,BRAVO I 182,BRAVA 182,SCUDO Kasten 220L,MAREA Weekend 185,SCUDO Combinato 220P,FIORINO Kasten 146,TIPO 160,CROMA 154,MAREA 185,TEMPRA 159,TEMPRA S.W. 159; CITRO\u00cbN: JUMPY U6U,JUMPY Kasten BS_, BT_, BY_, BZ_; ALFA ROMEO: 164 164,145 930,155 167,146 930; FERRARI: 348 ts\/GTS,348 tb\/GTB,MONDIAL,F355 Spider,F355 BERLINETTA,MONDIAL Cabriolet; 60586072, 76487970, 597053, 134386, 60558152, 60809606, 7648797, 30520PDFE00, 0K01118100, ERR6045, 597053, ERR6045<\/p>\n","protected":false},"excerpt":{"rendered":"<p>MAPCO Sytytyspuola 80001  KIA,LAND ROVER,LANCIA,SPORTAGE K00,DISCOVERY II LJ, LT,Y 840A,KAPPA 838A,THEMA 834,DELTA II 836,KAPPA SW 838B<\/p>\n","protected":false},"featured_media":0,"template":"","meta":{"site-sidebar-layout":"default","site-content-layout":"default","ast-global-header-display":"","ast-main-header-display":"","ast-hfb-above-header-display":"","ast-hfb-below-header-display":"","ast-hfb-mobile-header-display":"","site-post-title":"","ast-breadcrumbs-content":"","ast-featured-img":"","footer-sml-layout":"","theme-transparent-header-meta":"","adv-header-id-meta":"","stick-header-meta":"","header-above-stick-meta":"","header-main-stick-meta":"","header-below-stick-meta":""},"pwb-brand":[36],"product_cat":[25],"product_tag":[],"class_list":{"0":"post-75171","1":"product","2":"type-product","3":"status-publish","5":"pwb-brand-mapco","6":"product_cat-sytytyspuola","7":"desktop-align-left","8":"tablet-align-left","9":"mobile-align-left","11":"first","12":"instock","13":"product-type-external"},"brands":[{"id":36,"name":"MAPCO","slug":"mapco"}],"_links":{"self":[{"href":"https:\/\/www.autonvaraosahaku.fi\/index.php?rest_route=\/wp\/v2\/product\/75171","targetHints":{"allow":["GET"]}}],"collection":[{"href":"https:\/\/www.autonvaraosahaku.fi\/index.php?rest_route=\/wp\/v2\/product"}],"about":[{"href":"https:\/\/www.autonvaraosahaku.fi\/index.php?rest_route=\/wp\/v2\/types\/product"}],"wp:attachment":[{"href":"https:\/\/www.autonvaraosahaku.fi\/index.php?rest_route=%2Fwp%2Fv2%2Fmedia&parent=75171"}],"wp:term":[{"taxonomy":"pwb-brand","embeddable":true,"href":"https:\/\/www.autonvaraosahaku.fi\/index.php?rest_route=%2Fwp%2Fv2%2Fpwb-brand&post=75171"},{"taxonomy":"product_cat","embeddable":true,"href":"https:\/\/www.autonvaraosahaku.fi\/index.php?rest_route=%2Fwp%2Fv2%2Fproduct_cat&post=75171"},{"taxonomy":"product_tag","embeddable":true,"href":"https:\/\/www.autonvaraosahaku.fi\/index.php?rest_route=%2Fwp%2Fv2%2Fproduct_tag&post=75171"}],"curies":[{"name":"wp","href":"https:\/\/api.w.org\/{rel}","templated":true}]}}