{"id":75221,"date":"2021-02-21T19:38:19","date_gmt":"2021-02-21T19:38:19","guid":{"rendered":"https:\/\/www.autonvaraosahaku.fi\/?product=mapco-49125-raidetangon-sisapaa"},"modified":"2021-02-21T19:38:26","modified_gmt":"2021-02-21T19:38:26","slug":"mapco-49125-raidetangon-sisapaa","status":"publish","type":"product","link":"https:\/\/www.autonvaraosahaku.fi\/?product=mapco-49125-raidetangon-sisapaa","title":{"rendered":"MAPCO 49125 Raidetangon sis\u00e4p\u00e4\u00e4"},"content":{"rendered":"<p>Asennuspuoli: etuakseli molemminpuoleinen; Kierre 1: M14x1,5; kierre 2: M16x1,5; Kokonaispituus (mm): 196; Tarvittava kappalem\u00e4\u00e4r\u00e4: 2; NISSAN: INTERSTAR Kasten X70,INTERSTAR Bus X70,INTERSTAR Pritsche\/Fahrgestell; OPEL: MOVANO Kasten F9,MOVANO B Kasten,MOVANO Combi J9,MOVANO Pritsche\/Fahrgestell U9, E9,MOVANO B Pritsche\/Fahrgestell,MOVANO Kipper H9; RENAULT: MASTER II Kasten FD,MASTER II Pritsche\/Fahrgestell ED\/HD\/UD,MASTER II Bus JD; VAUXHALL: MOVANO Mk I A Van FD,MOVANO Mk II B VAN,MOVANO Mk I A Combi JD,MOVANO Mk II B Chassis\/Cab; 4852100Q0B, 4852100QAF, 4418780, 4501261, 7701470362, 7701478762, 9161561, 93196241; Raidetangon P\u00e4\u00e4 Sisempi,Raidetangon P\u00e4\u00e4, Suora<\/p>\n","protected":false},"excerpt":{"rendered":"<p>MAPCO Raidetangon Sis\u00e4p\u00e4\u00e4 49125 Raidetangon P\u00e4\u00e4 Sisempi,Raidetangon P\u00e4\u00e4, Suora NISSAN,OPEL,RENAULT,INTERSTAR Kasten X70,INTERSTAR Bus X70<\/p>\n","protected":false},"featured_media":0,"template":"","meta":{"site-sidebar-layout":"default","site-content-layout":"default","ast-global-header-display":"","ast-main-header-display":"","ast-hfb-above-header-display":"","ast-hfb-below-header-display":"","ast-hfb-mobile-header-display":"","site-post-title":"","ast-breadcrumbs-content":"","ast-featured-img":"","footer-sml-layout":"","theme-transparent-header-meta":"","adv-header-id-meta":"","stick-header-meta":"","header-above-stick-meta":"","header-main-stick-meta":"","header-below-stick-meta":""},"pwb-brand":[36],"product_cat":[208],"product_tag":[],"class_list":{"0":"post-75221","1":"product","2":"type-product","3":"status-publish","5":"pwb-brand-mapco","6":"product_cat-raidetangon-sisapaa","7":"desktop-align-left","8":"tablet-align-left","9":"mobile-align-left","11":"first","12":"instock","13":"product-type-external"},"brands":[{"id":36,"name":"MAPCO","slug":"mapco"}],"_links":{"self":[{"href":"https:\/\/www.autonvaraosahaku.fi\/index.php?rest_route=\/wp\/v2\/product\/75221","targetHints":{"allow":["GET"]}}],"collection":[{"href":"https:\/\/www.autonvaraosahaku.fi\/index.php?rest_route=\/wp\/v2\/product"}],"about":[{"href":"https:\/\/www.autonvaraosahaku.fi\/index.php?rest_route=\/wp\/v2\/types\/product"}],"wp:attachment":[{"href":"https:\/\/www.autonvaraosahaku.fi\/index.php?rest_route=%2Fwp%2Fv2%2Fmedia&parent=75221"}],"wp:term":[{"taxonomy":"pwb-brand","embeddable":true,"href":"https:\/\/www.autonvaraosahaku.fi\/index.php?rest_route=%2Fwp%2Fv2%2Fpwb-brand&post=75221"},{"taxonomy":"product_cat","embeddable":true,"href":"https:\/\/www.autonvaraosahaku.fi\/index.php?rest_route=%2Fwp%2Fv2%2Fproduct_cat&post=75221"},{"taxonomy":"product_tag","embeddable":true,"href":"https:\/\/www.autonvaraosahaku.fi\/index.php?rest_route=%2Fwp%2Fv2%2Fproduct_tag&post=75221"}],"curies":[{"name":"wp","href":"https:\/\/api.w.org\/{rel}","templated":true}]}}