{"id":75224,"date":"2021-02-21T19:38:28","date_gmt":"2021-02-21T19:38:28","guid":{"rendered":"https:\/\/www.autonvaraosahaku.fi\/?product=febi-bilstein-03516-muut-luokat"},"modified":"2021-02-21T19:38:28","modified_gmt":"2021-02-21T19:38:28","slug":"febi-bilstein-03516-muut-luokat","status":"publish","type":"product","link":"https:\/\/www.autonvaraosahaku.fi\/?product=febi-bilstein-03516-muut-luokat","title":{"rendered":"FEBI BILSTEIN 03516 Muut luokat"},"content":{"rendered":"<p>Paksuus [mm]: 20,0; Sis\u00e4kierre (mm): M30 x 1,5; Avainv\u00e4li: 46; Ruuvikanta\/mutteriprofiili: Kuusioruuvi \/-mutteri; Asennuspuoli: Taka-akseli; Paino [kg]: 0,11, 0,11; Tarvittava kappalem\u00e4\u00e4r\u00e4: 2; Moottorinumero: AS; VW: TRANSPORTER III Bus,TRANSPORTER III Kasten,TRANSPORTER II Bus,TRANSPORTER III Pritsche\/Fahrgestell,TRANSPORTER I Bus 22, 24, 25, 28,TRANSPORTER II Kasten,TRANSPORTER II Pritsche\/Fahrgestell; 211501221A, N90149601<\/p>\n","protected":false},"excerpt":{"rendered":"<p>FEBI BILSTEIN Akselimutteri, Vetoakseli 03516  VW,TRANSPORTER III Bus,TRANSPORTER III Kasten,TRANSPORTER II Bus,TRANSPORTER III Pritsche\/Fahrgestell<\/p>\n","protected":false},"featured_media":0,"template":"","meta":{"site-sidebar-layout":"default","site-content-layout":"default","ast-global-header-display":"","ast-main-header-display":"","ast-hfb-above-header-display":"","ast-hfb-below-header-display":"","ast-hfb-mobile-header-display":"","site-post-title":"","ast-breadcrumbs-content":"","ast-featured-img":"","footer-sml-layout":"","theme-transparent-header-meta":"","adv-header-id-meta":"","stick-header-meta":"","header-above-stick-meta":"","header-main-stick-meta":"","header-below-stick-meta":""},"pwb-brand":[50],"product_cat":[37],"product_tag":[],"class_list":{"0":"post-75224","1":"product","2":"type-product","3":"status-publish","5":"pwb-brand-febi-bilstein","6":"product_cat-muut-luokat","7":"desktop-align-left","8":"tablet-align-left","9":"mobile-align-left","11":"first","12":"instock","13":"product-type-external"},"brands":[{"id":50,"name":"FEBI BILSTEIN","slug":"febi-bilstein"}],"_links":{"self":[{"href":"https:\/\/www.autonvaraosahaku.fi\/index.php?rest_route=\/wp\/v2\/product\/75224","targetHints":{"allow":["GET"]}}],"collection":[{"href":"https:\/\/www.autonvaraosahaku.fi\/index.php?rest_route=\/wp\/v2\/product"}],"about":[{"href":"https:\/\/www.autonvaraosahaku.fi\/index.php?rest_route=\/wp\/v2\/types\/product"}],"wp:attachment":[{"href":"https:\/\/www.autonvaraosahaku.fi\/index.php?rest_route=%2Fwp%2Fv2%2Fmedia&parent=75224"}],"wp:term":[{"taxonomy":"pwb-brand","embeddable":true,"href":"https:\/\/www.autonvaraosahaku.fi\/index.php?rest_route=%2Fwp%2Fv2%2Fpwb-brand&post=75224"},{"taxonomy":"product_cat","embeddable":true,"href":"https:\/\/www.autonvaraosahaku.fi\/index.php?rest_route=%2Fwp%2Fv2%2Fproduct_cat&post=75224"},{"taxonomy":"product_tag","embeddable":true,"href":"https:\/\/www.autonvaraosahaku.fi\/index.php?rest_route=%2Fwp%2Fv2%2Fproduct_tag&post=75224"}],"curies":[{"name":"wp","href":"https:\/\/api.w.org\/{rel}","templated":true}]}}