{"id":75257,"date":"2021-02-21T19:38:35","date_gmt":"2021-02-21T19:38:35","guid":{"rendered":"https:\/\/www.autonvaraosahaku.fi\/?product=vaico-v10-6225-hammastangon-suojakumi"},"modified":"2021-02-21T19:38:40","modified_gmt":"2021-02-21T19:38:40","slug":"vaico-v10-6225-hammastangon-suojakumi","status":"publish","type":"product","link":"https:\/\/www.autonvaraosahaku.fi\/?product=vaico-v10-6225-hammastangon-suojakumi","title":{"rendered":"VAICO V10-6225 Hammastangon suojakumi"},"content":{"rendered":"<p>Sis\u00e4l\u00e4pimitta 2 [mm]: 42; Asennuspuoli: Etuakseli, beidseitig; Korkeus (mm): 208; Materiaali: Kumi; Varusteet: Autoihin, joissa ohjaustehostin; Sis\u00e4l\u00e4pimitta 1 [mm]: 11; Paino [kg]: 0,1352; Pakkausleveys [cm]: 1; Pakkauskorkeus [mm]: 18; Pakkaussyvyys [cm]: 4,5; lis\u00e4tieto: CST99; VW: LUPO 6X1, 6E1,POLO 6N2,POLO 6N1,POLO Variant 6KV5,POLO CLASSIC 6KV2,POLO Kasten 6NF; AUDI: A2 8Z0; SKODA: FELICIA I 6U1,FELICIA II 6U1,FELICIA I Fun 797,FELICIA I Kombi 6U5,FELICIA II Kombi 6U5; SEAT: AROSA 6H; 6N0422831, 6N0422831, 6N0422831, 6N0422831; Paljekumi, Ohjaus<\/p>\n","protected":false},"excerpt":{"rendered":"<p>VAICO Hammastangon Suojakumi V10-6225 Paljekumi, Ohjaus VW,AUDI,SKODA,LUPO 6X1, 6E1,POLO 6N2,POLO 6N1,POLO Variant 6KV5,POLO CLASSIC 6KV2<\/p>\n","protected":false},"featured_media":0,"template":"","meta":{"site-sidebar-layout":"default","site-content-layout":"default","ast-global-header-display":"","ast-main-header-display":"","ast-hfb-above-header-display":"","ast-hfb-below-header-display":"","ast-hfb-mobile-header-display":"","site-post-title":"","ast-breadcrumbs-content":"","ast-featured-img":"","footer-sml-layout":"","theme-transparent-header-meta":"","adv-header-id-meta":"","stick-header-meta":"","header-above-stick-meta":"","header-main-stick-meta":"","header-below-stick-meta":""},"pwb-brand":[330],"product_cat":[81],"product_tag":[],"class_list":{"0":"post-75257","1":"product","2":"type-product","3":"status-publish","5":"pwb-brand-vaico","6":"product_cat-hammastangon-suojakumi","7":"desktop-align-left","8":"tablet-align-left","9":"mobile-align-left","11":"first","12":"instock","13":"product-type-external"},"brands":[{"id":330,"name":"VAICO","slug":"vaico"}],"_links":{"self":[{"href":"https:\/\/www.autonvaraosahaku.fi\/index.php?rest_route=\/wp\/v2\/product\/75257","targetHints":{"allow":["GET"]}}],"collection":[{"href":"https:\/\/www.autonvaraosahaku.fi\/index.php?rest_route=\/wp\/v2\/product"}],"about":[{"href":"https:\/\/www.autonvaraosahaku.fi\/index.php?rest_route=\/wp\/v2\/types\/product"}],"wp:attachment":[{"href":"https:\/\/www.autonvaraosahaku.fi\/index.php?rest_route=%2Fwp%2Fv2%2Fmedia&parent=75257"}],"wp:term":[{"taxonomy":"pwb-brand","embeddable":true,"href":"https:\/\/www.autonvaraosahaku.fi\/index.php?rest_route=%2Fwp%2Fv2%2Fpwb-brand&post=75257"},{"taxonomy":"product_cat","embeddable":true,"href":"https:\/\/www.autonvaraosahaku.fi\/index.php?rest_route=%2Fwp%2Fv2%2Fproduct_cat&post=75257"},{"taxonomy":"product_tag","embeddable":true,"href":"https:\/\/www.autonvaraosahaku.fi\/index.php?rest_route=%2Fwp%2Fv2%2Fproduct_tag&post=75257"}],"curies":[{"name":"wp","href":"https:\/\/api.w.org\/{rel}","templated":true}]}}