{"id":75264,"date":"2021-02-21T19:38:42","date_gmt":"2021-02-21T19:38:42","guid":{"rendered":"https:\/\/www.autonvaraosahaku.fi\/?product=magneti-marelli-153071760236-ilmansuodatin"},"modified":"2021-02-21T19:38:43","modified_gmt":"2021-02-21T19:38:43","slug":"magneti-marelli-153071760236-ilmansuodatin","status":"publish","type":"product","link":"https:\/\/www.autonvaraosahaku.fi\/?product=magneti-marelli-153071760236-ilmansuodatin","title":{"rendered":"MAGNETI MARELLI 153071760236 Ilmansuodatin"},"content":{"rendered":"<p>Korkeus (mm): 70; Suodatintyyppi: Suodatinpanos; L\u00e4pimitta 1 [mm]: 322; L\u00e4pimitta 2 [mm]: 153; TECDOC-moottorinumero: 26794; PEUGEOT: 407 SW 6E_,508 SW,407 6D_,508,407 Coupe 6C_; CITRO\u00cbN: C5 III Break TD_,C5 II Break RE_,C5 III RD_,C5 II RC_; 1444EW, 1444XF, 9650188880, 1444EJ, 1444XF, 9650188880<\/p>\n","protected":false},"excerpt":{"rendered":"<p>MAGNETI MARELLI Ilmansuodatin 153071760236  PEUGEOT,CITRO\u00cbN,407 SW 6E_,508 SW,407 6D_,508,407 Coupe 6C_,C5 III Break TD_,C5 II Break RE_,C5 III RD_<\/p>\n","protected":false},"featured_media":0,"template":"","meta":{"site-sidebar-layout":"default","site-content-layout":"default","ast-global-header-display":"","ast-main-header-display":"","ast-hfb-above-header-display":"","ast-hfb-below-header-display":"","ast-hfb-mobile-header-display":"","site-post-title":"","ast-breadcrumbs-content":"","ast-featured-img":"","footer-sml-layout":"","theme-transparent-header-meta":"","adv-header-id-meta":"","stick-header-meta":"","header-above-stick-meta":"","header-main-stick-meta":"","header-below-stick-meta":""},"pwb-brand":[34],"product_cat":[31],"product_tag":[],"class_list":{"0":"post-75264","1":"product","2":"type-product","3":"status-publish","5":"pwb-brand-magneti-marelli","6":"product_cat-ilmansuodatin","7":"desktop-align-left","8":"tablet-align-left","9":"mobile-align-left","11":"first","12":"instock","13":"product-type-external"},"brands":[{"id":34,"name":"MAGNETI MARELLI","slug":"magneti-marelli"}],"_links":{"self":[{"href":"https:\/\/www.autonvaraosahaku.fi\/index.php?rest_route=\/wp\/v2\/product\/75264","targetHints":{"allow":["GET"]}}],"collection":[{"href":"https:\/\/www.autonvaraosahaku.fi\/index.php?rest_route=\/wp\/v2\/product"}],"about":[{"href":"https:\/\/www.autonvaraosahaku.fi\/index.php?rest_route=\/wp\/v2\/types\/product"}],"wp:attachment":[{"href":"https:\/\/www.autonvaraosahaku.fi\/index.php?rest_route=%2Fwp%2Fv2%2Fmedia&parent=75264"}],"wp:term":[{"taxonomy":"pwb-brand","embeddable":true,"href":"https:\/\/www.autonvaraosahaku.fi\/index.php?rest_route=%2Fwp%2Fv2%2Fpwb-brand&post=75264"},{"taxonomy":"product_cat","embeddable":true,"href":"https:\/\/www.autonvaraosahaku.fi\/index.php?rest_route=%2Fwp%2Fv2%2Fproduct_cat&post=75264"},{"taxonomy":"product_tag","embeddable":true,"href":"https:\/\/www.autonvaraosahaku.fi\/index.php?rest_route=%2Fwp%2Fv2%2Fproduct_tag&post=75264"}],"curies":[{"name":"wp","href":"https:\/\/api.w.org\/{rel}","templated":true}]}}