{"id":75267,"date":"2021-02-21T19:38:42","date_gmt":"2021-02-21T19:38:42","guid":{"rendered":"https:\/\/www.autonvaraosahaku.fi\/?product=japanparts-pp-256af-jarrupalat"},"modified":"2021-02-21T19:38:44","modified_gmt":"2021-02-21T19:38:44","slug":"japanparts-pp-256af-jarrupalat","status":"publish","type":"product","link":"https:\/\/www.autonvaraosahaku.fi\/?product=japanparts-pp-256af-jarrupalat","title":{"rendered":"JAPANPARTS PP-256AF Jarrupalat"},"content":{"rendered":"<p>Asennuspuoli: Taka-akseli; Jarrutyyppi: Levyjarru; Pituus (mm): 78,5; Korkeus (mm): 54; Paksuus [mm]: 13,6; WVA-numero: 23656; Tarkistuskilpi: ECE R90 APPROVED; M\u00e4\u00e4r\u00e4yksikk\u00f6: Akselisarja; Jarrut: f\u00fcr Fahrzeuge mit Scheibenbremse an der Hinterachse; TOYOTA: RAV 4 II CLA2_, XA2_, ZCA2_, ACA2_; DR: DR 5; T113502080, T113AH3502080, T11BJ3501080, 720060008, T11BJ3501080, 0446642010, 0446642020, 0446642030, 0446642040, 0446642050, 04466YZZD3; Jarrupalasarja,Jarrupala, Levyjarru<\/p>\n","protected":false},"excerpt":{"rendered":"<p>JAPANPARTS Jarrupalat PP-256AF Jarrupalasarja,Jarrupala, Levyjarru TOYOTA,DR,RAV 4 II CLA2_, XA2_, ZCA2_, ACA2_,DR 5<\/p>\n","protected":false},"featured_media":0,"template":"","meta":{"site-sidebar-layout":"default","site-content-layout":"default","ast-global-header-display":"","ast-main-header-display":"","ast-hfb-above-header-display":"","ast-hfb-below-header-display":"","ast-hfb-mobile-header-display":"","site-post-title":"","ast-breadcrumbs-content":"","ast-featured-img":"","footer-sml-layout":"","theme-transparent-header-meta":"","adv-header-id-meta":"","stick-header-meta":"","header-above-stick-meta":"","header-main-stick-meta":"","header-below-stick-meta":""},"pwb-brand":[334],"product_cat":[100],"product_tag":[],"class_list":{"0":"post-75267","1":"product","2":"type-product","3":"status-publish","5":"pwb-brand-japanparts","6":"product_cat-jarrupalat","7":"desktop-align-left","8":"tablet-align-left","9":"mobile-align-left","11":"first","12":"instock","13":"product-type-external"},"brands":[{"id":334,"name":"JAPANPARTS","slug":"japanparts"}],"_links":{"self":[{"href":"https:\/\/www.autonvaraosahaku.fi\/index.php?rest_route=\/wp\/v2\/product\/75267","targetHints":{"allow":["GET"]}}],"collection":[{"href":"https:\/\/www.autonvaraosahaku.fi\/index.php?rest_route=\/wp\/v2\/product"}],"about":[{"href":"https:\/\/www.autonvaraosahaku.fi\/index.php?rest_route=\/wp\/v2\/types\/product"}],"wp:attachment":[{"href":"https:\/\/www.autonvaraosahaku.fi\/index.php?rest_route=%2Fwp%2Fv2%2Fmedia&parent=75267"}],"wp:term":[{"taxonomy":"pwb-brand","embeddable":true,"href":"https:\/\/www.autonvaraosahaku.fi\/index.php?rest_route=%2Fwp%2Fv2%2Fpwb-brand&post=75267"},{"taxonomy":"product_cat","embeddable":true,"href":"https:\/\/www.autonvaraosahaku.fi\/index.php?rest_route=%2Fwp%2Fv2%2Fproduct_cat&post=75267"},{"taxonomy":"product_tag","embeddable":true,"href":"https:\/\/www.autonvaraosahaku.fi\/index.php?rest_route=%2Fwp%2Fv2%2Fproduct_tag&post=75267"}],"curies":[{"name":"wp","href":"https:\/\/api.w.org\/{rel}","templated":true}]}}