{"id":75278,"date":"2021-02-21T19:38:42","date_gmt":"2021-02-21T19:38:42","guid":{"rendered":"https:\/\/www.autonvaraosahaku.fi\/?product=japanparts-kh-c30-jaahdyttimen-korkki"},"modified":"2021-02-21T19:38:47","modified_gmt":"2021-02-21T19:38:47","slug":"japanparts-kh-c30-jaahdyttimen-korkki","status":"publish","type":"product","link":"https:\/\/www.autonvaraosahaku.fi\/?product=japanparts-kh-c30-jaahdyttimen-korkki","title":{"rendered":"JAPANPARTS KH-C30 J\u00e4\u00e4hdyttimen korkki"},"content":{"rendered":"<p>L\u00e4pimitta [mm]: 43,5; Korkeus (mm): 21; Paine (bar): 0,9; MAZDA: DEMIO DW,323 P V BA,FAMILIA VI BJ,323 C IV BG,FAMILIA V BA,FAMILIA V BG8,121 II DB,FAMILIA IV BG,E-SERIE Kasten SR2,121 I DA; SUZUKI: JIMNY FJ,GRAND VITARA I FT,SWIFT II Schr\u00e4gheck EA, MA,VITARA ET, TA,VITARA Cabrio ET, TA,BALENO Schr\u00e4gheck EG,SWIFT Cabriolet SF413,SWIFT II Stufenheck AH, AJ; HONDA: CR-V IV RE; LEXUS: GS JZS147; TOYOTA: AVENSIS Kombi T25,COROLLA Verso ZER_, ZZE12_, R1_,COROLLA ZZE12_, NDE12_, ZDE12_,AVENSIS T25_,STARLET EP91,PRIUS Liftback NHW20_,AVENSIS Stufenheck T25,AVENSIS _T22_,COROLLA Liftback _E11_,AURIS TOURING SPORTS ADE18_, ZWE18_, ZRE18_,COROLLA Compact _E11_,AVENSIS Station Wagon _T22_,RAV 4 I SXA1_,COROLLA Stufenheck _E12J_, _E12T_,AVENSIS Liftback _T22_,PICNIC _XM10,LAND CRUISER 90 _J9_,STARLET _P8_,PASEO Coupe EL54,COROLLA Compact _E10_,CARINA E _T19_,CELICA ST20_, AT20_,COROLLA _E11_,CARINA E Stufenheck _T19_,CELICA Coupe AT18_, ST18_,COROLLA Wagon __E11_,CARINA E Sportswagon _T19_,RAV 4 \u00a0 SXA1_,COROLLA Liftback _E10_,YARIS NCP15_,CELICA RA2_, TA2_,PASEO Cabriolet EL54,COROLLA _E10_,CAMRY _CV1_, _XV1_, _V1_,FJ CRUISER GSJ1_,CAMRY Station Wagon _XV1_, _CV1_, _V10,SIENNA ASL3_, GSL3_,COROLLA Wagon _E10_,CELICA TA60, RA40, RA6_,CELICA Cabriolet AT18_, ST18_; DAIHATSU: CUORE IV L501,MOVE L6_,CHARADE IV G200, G202,CUORE III L201,CHARADE IV Stufenheck G203; MITSUBISHI: COLT V CJ_, CP_,GALANT VI Station Wagon EA_,GALANT VI EA_,PAJERO II V3_W, V2_W, V4_W,COLT IV CA_A,SPACE RUNNER N1_W, N2_W,COLT III C5_A,LANCER VI CJ-CP_,SIGMA F2_A, F1_A,LANCER V Station Wagon CB_W, CD_W,LANCER V CB\/D_A,SPACE WAGON N3_W, N4_W,GALANT V Stufenheck E5_A, E7_A, E8_A,GALANT V E5_A, E7_A, E8_A,GALANT III E1_A,SPACE WAGON D0_V\/W,GALANT I A12_; 1611823480, 1637834980, 1640131520, 1640172090, 1640187208, 1640187208000, 1640187209, 1640187211, 1640187211000, 1640187212, 1640187212000, 1640187405, 1640197202, 1640128280, 1640131480, 1640131650, 1640153010, 164015B630, 164016A140, 164017A470, 1640187211, 1640187211000, 1640187212, 1640197202, 1792075F00, 1792077A00, 19045P08003, 19045P45G01, 19045PAAA01, 19045PAAA51, 19045PNC004, 19045PSLF01, 19045PWA004, 19045RAA003, 19045RAAA51, 71742152, MR597126, WL2115205, WL8115205, WL8115205A, 1640120310, 1640120353, 1640128280, 1640131480, 1640131790, 1640131791, 1640162100, 1640172090, 1640175440, 1647551010, B3C715205, WL2115205, WL8115205, WL8115205A, ZM4315205, MB660667, 1640172090, 45137XA01A, 45137XA01B, MB660667, MR481216, MR481218, MR481267, MR597126, 214109C002, 1306F4, MB660607, MB660667, 1640187211, 45137AE010, 45137AE011, 45137AE012, 17820M79F10, 1792056B00, 1792060B21, 1792060D10, 1792066F00000, 1792066F01000, 1792075F00, 1792076G00, 1792077A00, 1792080E01, 1792080E01000, 1&#8230;; Korkki, J\u00e4\u00e4hdytin<\/p>\n","protected":false},"excerpt":{"rendered":"<p>JAPANPARTS J\u00e4\u00e4hdyttimen Korkki KH-C30 Korkki, J\u00e4\u00e4hdytin MAZDA,SUZUKI,HONDA,DEMIO DW,323 P V BA,FAMILIA VI BJ,323 C IV BG,FAMILIA V BA,FAMILIA V BG8<\/p>\n","protected":false},"featured_media":0,"template":"","meta":{"site-sidebar-layout":"default","site-content-layout":"default","ast-global-header-display":"","ast-main-header-display":"","ast-hfb-above-header-display":"","ast-hfb-below-header-display":"","ast-hfb-mobile-header-display":"","site-post-title":"","ast-breadcrumbs-content":"","ast-featured-img":"","footer-sml-layout":"","theme-transparent-header-meta":"","adv-header-id-meta":"","stick-header-meta":"","header-above-stick-meta":"","header-main-stick-meta":"","header-below-stick-meta":""},"pwb-brand":[334],"product_cat":[173],"product_tag":[],"class_list":{"0":"post-75278","1":"product","2":"type-product","3":"status-publish","5":"pwb-brand-japanparts","6":"product_cat-jaahdyttimen-korkki","7":"desktop-align-left","8":"tablet-align-left","9":"mobile-align-left","11":"first","12":"instock","13":"product-type-external"},"brands":[{"id":334,"name":"JAPANPARTS","slug":"japanparts"}],"_links":{"self":[{"href":"https:\/\/www.autonvaraosahaku.fi\/index.php?rest_route=\/wp\/v2\/product\/75278","targetHints":{"allow":["GET"]}}],"collection":[{"href":"https:\/\/www.autonvaraosahaku.fi\/index.php?rest_route=\/wp\/v2\/product"}],"about":[{"href":"https:\/\/www.autonvaraosahaku.fi\/index.php?rest_route=\/wp\/v2\/types\/product"}],"wp:attachment":[{"href":"https:\/\/www.autonvaraosahaku.fi\/index.php?rest_route=%2Fwp%2Fv2%2Fmedia&parent=75278"}],"wp:term":[{"taxonomy":"pwb-brand","embeddable":true,"href":"https:\/\/www.autonvaraosahaku.fi\/index.php?rest_route=%2Fwp%2Fv2%2Fpwb-brand&post=75278"},{"taxonomy":"product_cat","embeddable":true,"href":"https:\/\/www.autonvaraosahaku.fi\/index.php?rest_route=%2Fwp%2Fv2%2Fproduct_cat&post=75278"},{"taxonomy":"product_tag","embeddable":true,"href":"https:\/\/www.autonvaraosahaku.fi\/index.php?rest_route=%2Fwp%2Fv2%2Fproduct_tag&post=75278"}],"curies":[{"name":"wp","href":"https:\/\/api.w.org\/{rel}","templated":true}]}}