{"id":75305,"date":"2021-02-21T19:38:58","date_gmt":"2021-02-21T19:38:58","guid":{"rendered":"https:\/\/www.autonvaraosahaku.fi\/?product=vaico-v42-0030-raidetangon-sisapaa"},"modified":"2021-02-21T19:38:59","modified_gmt":"2021-02-21T19:38:59","slug":"vaico-v42-0030-raidetangon-sisapaa","status":"publish","type":"product","link":"https:\/\/www.autonvaraosahaku.fi\/?product=vaico-v42-0030-raidetangon-sisapaa","title":{"rendered":"VAICO V42-0030 Raidetangon sis\u00e4p\u00e4\u00e4"},"content":{"rendered":"<p>Paino [kg]: 0,55; Asennuspuoli: Etuakseli; Pakkausleveys [cm]: 32,1; Pakkauskorkeus [mm]: 3,6; Pakkaussyvyys [cm]: 3,6; lis\u00e4tieto: CST99; Varusteet: f\u00fcr Fahrzeuge mit Servolenkung; PEUGEOT: 206 Schr\u00e4gheck 2A\/C,206 CC 2D,207 WA_, WC_,207 SW WK_,206 SW 2E\/K,206+ T3E,207 Stufenheck,206 Stufenheck,206 Van; 3812C5; Raidetangon P\u00e4\u00e4 Sisempi,Raidetangon P\u00e4\u00e4, Suora<\/p>\n","protected":false},"excerpt":{"rendered":"<p>VAICO Raidetangon Sis\u00e4p\u00e4\u00e4 V42-0030 Raidetangon P\u00e4\u00e4 Sisempi,Raidetangon P\u00e4\u00e4, Suora PEUGEOT,206 Schr\u00e4gheck 2A\/C,206 CC 2D,207 WA_, WC_,207 SW WK_<\/p>\n","protected":false},"featured_media":0,"template":"","meta":{"site-sidebar-layout":"default","site-content-layout":"default","ast-global-header-display":"","ast-main-header-display":"","ast-hfb-above-header-display":"","ast-hfb-below-header-display":"","ast-hfb-mobile-header-display":"","site-post-title":"","ast-breadcrumbs-content":"","ast-featured-img":"","footer-sml-layout":"","theme-transparent-header-meta":"","adv-header-id-meta":"","stick-header-meta":"","header-above-stick-meta":"","header-main-stick-meta":"","header-below-stick-meta":""},"pwb-brand":[330],"product_cat":[208],"product_tag":[],"class_list":{"0":"post-75305","1":"product","2":"type-product","3":"status-publish","5":"pwb-brand-vaico","6":"product_cat-raidetangon-sisapaa","7":"desktop-align-left","8":"tablet-align-left","9":"mobile-align-left","11":"first","12":"instock","13":"product-type-external"},"brands":[{"id":330,"name":"VAICO","slug":"vaico"}],"_links":{"self":[{"href":"https:\/\/www.autonvaraosahaku.fi\/index.php?rest_route=\/wp\/v2\/product\/75305","targetHints":{"allow":["GET"]}}],"collection":[{"href":"https:\/\/www.autonvaraosahaku.fi\/index.php?rest_route=\/wp\/v2\/product"}],"about":[{"href":"https:\/\/www.autonvaraosahaku.fi\/index.php?rest_route=\/wp\/v2\/types\/product"}],"wp:attachment":[{"href":"https:\/\/www.autonvaraosahaku.fi\/index.php?rest_route=%2Fwp%2Fv2%2Fmedia&parent=75305"}],"wp:term":[{"taxonomy":"pwb-brand","embeddable":true,"href":"https:\/\/www.autonvaraosahaku.fi\/index.php?rest_route=%2Fwp%2Fv2%2Fpwb-brand&post=75305"},{"taxonomy":"product_cat","embeddable":true,"href":"https:\/\/www.autonvaraosahaku.fi\/index.php?rest_route=%2Fwp%2Fv2%2Fproduct_cat&post=75305"},{"taxonomy":"product_tag","embeddable":true,"href":"https:\/\/www.autonvaraosahaku.fi\/index.php?rest_route=%2Fwp%2Fv2%2Fproduct_tag&post=75305"}],"curies":[{"name":"wp","href":"https:\/\/api.w.org\/{rel}","templated":true}]}}