{"id":75360,"date":"2021-02-21T19:39:13","date_gmt":"2021-02-21T19:39:13","guid":{"rendered":"https:\/\/www.autonvaraosahaku.fi\/?product=corteco-21652780-jousijalan-tukilaakeri"},"modified":"2021-02-21T19:39:18","modified_gmt":"2021-02-21T19:39:18","slug":"corteco-21652780-jousijalan-tukilaakeri","status":"publish","type":"product","link":"https:\/\/www.autonvaraosahaku.fi\/?product=corteco-21652780-jousijalan-tukilaakeri","title":{"rendered":"CORTECO 21652780 Jousijalan tukilaakeri"},"content":{"rendered":"<p>Asennuspuoli: etuakseli molemminpuoleinen; Paino [kg]: 0,43; Tarvittava kappalem\u00e4\u00e4r\u00e4: 2; Vaihtoehtoinen korjaussarja: 80001636; Korvaava tuote\/korvaava tiedote 2: Ilman kuulalaakeria; Alustanumerosta: S50265609; CITRO\u00cbN: SAXO S0, S1; PEUGEOT: 106 II 1,106 I 1A, 1C; 503815, 503850; Iskarin Yl\u00e4p\u00e4\u00e4,Iskunvaimentimen Yl\u00e4p\u00e4\u00e4<\/p>\n","protected":false},"excerpt":{"rendered":"<p>CORTECO Jousijalan Tukilaakeri 21652780 Iskarin Yl\u00e4p\u00e4\u00e4,Iskunvaimentimen Yl\u00e4p\u00e4\u00e4 CITRO\u00cbN,PEUGEOT,SAXO S0, S1,106 II 1,106 I 1A, 1C<\/p>\n","protected":false},"featured_media":0,"template":"","meta":{"site-sidebar-layout":"default","site-content-layout":"default","ast-global-header-display":"","ast-main-header-display":"","ast-hfb-above-header-display":"","ast-hfb-below-header-display":"","ast-hfb-mobile-header-display":"","site-post-title":"","ast-breadcrumbs-content":"","ast-featured-img":"","footer-sml-layout":"","theme-transparent-header-meta":"","adv-header-id-meta":"","stick-header-meta":"","header-above-stick-meta":"","header-main-stick-meta":"","header-below-stick-meta":""},"pwb-brand":[53],"product_cat":[45],"product_tag":[],"class_list":{"0":"post-75360","1":"product","2":"type-product","3":"status-publish","5":"pwb-brand-corteco","6":"product_cat-jousijalan-tukilaakeri","7":"desktop-align-left","8":"tablet-align-left","9":"mobile-align-left","11":"first","12":"instock","13":"product-type-external"},"brands":[{"id":53,"name":"CORTECO","slug":"corteco"}],"_links":{"self":[{"href":"https:\/\/www.autonvaraosahaku.fi\/index.php?rest_route=\/wp\/v2\/product\/75360","targetHints":{"allow":["GET"]}}],"collection":[{"href":"https:\/\/www.autonvaraosahaku.fi\/index.php?rest_route=\/wp\/v2\/product"}],"about":[{"href":"https:\/\/www.autonvaraosahaku.fi\/index.php?rest_route=\/wp\/v2\/types\/product"}],"wp:attachment":[{"href":"https:\/\/www.autonvaraosahaku.fi\/index.php?rest_route=%2Fwp%2Fv2%2Fmedia&parent=75360"}],"wp:term":[{"taxonomy":"pwb-brand","embeddable":true,"href":"https:\/\/www.autonvaraosahaku.fi\/index.php?rest_route=%2Fwp%2Fv2%2Fpwb-brand&post=75360"},{"taxonomy":"product_cat","embeddable":true,"href":"https:\/\/www.autonvaraosahaku.fi\/index.php?rest_route=%2Fwp%2Fv2%2Fproduct_cat&post=75360"},{"taxonomy":"product_tag","embeddable":true,"href":"https:\/\/www.autonvaraosahaku.fi\/index.php?rest_route=%2Fwp%2Fv2%2Fproduct_tag&post=75360"}],"curies":[{"name":"wp","href":"https:\/\/api.w.org\/{rel}","templated":true}]}}