{"id":75363,"date":"2021-02-21T19:39:13","date_gmt":"2021-02-21T19:39:13","guid":{"rendered":"https:\/\/www.autonvaraosahaku.fi\/?product=trw-gs8714-kasijarrukengat"},"modified":"2021-02-21T19:39:19","modified_gmt":"2021-02-21T19:39:19","slug":"trw-gs8714-kasijarrukengat","status":"publish","type":"product","link":"https:\/\/www.autonvaraosahaku.fi\/?product=trw-gs8714-kasijarrukengat","title":{"rendered":"TRW GS8714 K\u00e4sijarrukeng\u00e4t"},"content":{"rendered":"<p>L\u00e4pimitta [mm]: 170; Leveys (mm): 40; Valmistaja rajaus: AKEBONO; Asennuspuoli: Hinterachse; TOYOTA: AVENSIS _T22_,AVENSIS Station Wagon _T22_,AVENSIS Liftback _T22_,CELICA ST20_, AT20_,CELICA Coupe AT18_, ST18_,CAMRY MCV3_, ACV3_, _XV3_,CAMRY _CV2_, _XV2_,CAMRY _CV1_, _XV1_, _V1_,CAMRY Station Wagon _XV1_, _CV1_, _V10,CAMRY Stufenheck _XV4_,CELICA Cabriolet AT18_, ST18_,CAMRY Stufenheck AVV5_, XV5_,CAMRY Station Wagon _CV2_, _XV2_; LEXUS: RX MCU15,ES GSV4_, ACV4_,ES F1, F2,ES MCV_, VZV_; 4654020060, 4654020070, 4655033020, 4659033020, 4654020010, 4654020020, 4654020040, 4654020060, 4654020070, 4654033010, 4655020010, 4655020020, 4655020040, 4655020060, 4655033010, 4655033020, 4659020010, 4659020020, 4659020040, 4659020060, 4659033010, 4659033020; Jarrukenk\u00e4sarja, K\u00e4sijarru<\/p>\n","protected":false},"excerpt":{"rendered":"<p>TRW K\u00e4sijarrukeng\u00e4t GS8714 Jarrukenk\u00e4sarja, K\u00e4sijarru TOYOTA,LEXUS,AVENSIS _T22_,AVENSIS Station Wagon _T22_,AVENSIS Liftback _T22_<\/p>\n","protected":false},"featured_media":0,"template":"","meta":{"site-sidebar-layout":"default","site-content-layout":"default","ast-global-header-display":"","ast-main-header-display":"","ast-hfb-above-header-display":"","ast-hfb-below-header-display":"","ast-hfb-mobile-header-display":"","site-post-title":"","ast-breadcrumbs-content":"","ast-featured-img":"","footer-sml-layout":"","theme-transparent-header-meta":"","adv-header-id-meta":"","stick-header-meta":"","header-above-stick-meta":"","header-main-stick-meta":"","header-below-stick-meta":""},"pwb-brand":[332],"product_cat":[236],"product_tag":[],"class_list":{"0":"post-75363","1":"product","2":"type-product","3":"status-publish","5":"pwb-brand-trw","6":"product_cat-kasijarrukengat","7":"desktop-align-left","8":"tablet-align-left","9":"mobile-align-left","11":"first","12":"instock","13":"product-type-external"},"brands":[{"id":332,"name":"TRW","slug":"trw"}],"_links":{"self":[{"href":"https:\/\/www.autonvaraosahaku.fi\/index.php?rest_route=\/wp\/v2\/product\/75363","targetHints":{"allow":["GET"]}}],"collection":[{"href":"https:\/\/www.autonvaraosahaku.fi\/index.php?rest_route=\/wp\/v2\/product"}],"about":[{"href":"https:\/\/www.autonvaraosahaku.fi\/index.php?rest_route=\/wp\/v2\/types\/product"}],"wp:attachment":[{"href":"https:\/\/www.autonvaraosahaku.fi\/index.php?rest_route=%2Fwp%2Fv2%2Fmedia&parent=75363"}],"wp:term":[{"taxonomy":"pwb-brand","embeddable":true,"href":"https:\/\/www.autonvaraosahaku.fi\/index.php?rest_route=%2Fwp%2Fv2%2Fpwb-brand&post=75363"},{"taxonomy":"product_cat","embeddable":true,"href":"https:\/\/www.autonvaraosahaku.fi\/index.php?rest_route=%2Fwp%2Fv2%2Fproduct_cat&post=75363"},{"taxonomy":"product_tag","embeddable":true,"href":"https:\/\/www.autonvaraosahaku.fi\/index.php?rest_route=%2Fwp%2Fv2%2Fproduct_tag&post=75363"}],"curies":[{"name":"wp","href":"https:\/\/api.w.org\/{rel}","templated":true}]}}