{"id":75368,"date":"2021-02-21T19:39:21","date_gmt":"2021-02-21T19:39:21","guid":{"rendered":"https:\/\/www.autonvaraosahaku.fi\/?product=trw-gs8481-kasijarrukengat"},"modified":"2021-02-21T19:39:23","modified_gmt":"2021-02-21T19:39:23","slug":"trw-gs8481-kasijarrukengat","status":"publish","type":"product","link":"https:\/\/www.autonvaraosahaku.fi\/?product=trw-gs8481-kasijarrukengat","title":{"rendered":"TRW GS8481 K\u00e4sijarrukeng\u00e4t"},"content":{"rendered":"<p>Tarkistuskilpi: E1-90R-01195\/081; L\u00e4pimitta [mm]: 164; Leveys (mm): 18; Lis\u00e4tarvike\/lis\u00e4tieto: Tarvikkeilla; Asennuspuoli: Hinterachse; MERCEDES-BENZ: C-CLASS W203,A-CLASS W169,A-CLASS W168,B-CLASS W245,C-CLASS T-Model S203,C-CLASS Coupe CL203,SLK R171,CLK C209,VANEO 414,CLK Cabriolet A209,CLC-CLASS CL203; CHRYSLER: CROSSFIRE,CROSSFIRE Roadster; 05143676AA, 5096552AA, 5143676AA, 2034200120, 4144200320, A2034200120, A4144200320; Jarrukenk\u00e4sarja, K\u00e4sijarru<\/p>\n","protected":false},"excerpt":{"rendered":"<p>TRW K\u00e4sijarrukeng\u00e4t GS8481 Jarrukenk\u00e4sarja, K\u00e4sijarru MERCEDES-BENZ,CHRYSLER,C-CLASS W203,A-CLASS W169,A-CLASS W168,B-CLASS W245,C-CLASS T-Model S203<\/p>\n","protected":false},"featured_media":0,"template":"","meta":{"site-sidebar-layout":"default","site-content-layout":"default","ast-global-header-display":"","ast-main-header-display":"","ast-hfb-above-header-display":"","ast-hfb-below-header-display":"","ast-hfb-mobile-header-display":"","site-post-title":"","ast-breadcrumbs-content":"","ast-featured-img":"","footer-sml-layout":"","theme-transparent-header-meta":"","adv-header-id-meta":"","stick-header-meta":"","header-above-stick-meta":"","header-main-stick-meta":"","header-below-stick-meta":""},"pwb-brand":[332],"product_cat":[236],"product_tag":[],"class_list":{"0":"post-75368","1":"product","2":"type-product","3":"status-publish","5":"pwb-brand-trw","6":"product_cat-kasijarrukengat","7":"desktop-align-left","8":"tablet-align-left","9":"mobile-align-left","11":"first","12":"instock","13":"product-type-external"},"brands":[{"id":332,"name":"TRW","slug":"trw"}],"_links":{"self":[{"href":"https:\/\/www.autonvaraosahaku.fi\/index.php?rest_route=\/wp\/v2\/product\/75368","targetHints":{"allow":["GET"]}}],"collection":[{"href":"https:\/\/www.autonvaraosahaku.fi\/index.php?rest_route=\/wp\/v2\/product"}],"about":[{"href":"https:\/\/www.autonvaraosahaku.fi\/index.php?rest_route=\/wp\/v2\/types\/product"}],"wp:attachment":[{"href":"https:\/\/www.autonvaraosahaku.fi\/index.php?rest_route=%2Fwp%2Fv2%2Fmedia&parent=75368"}],"wp:term":[{"taxonomy":"pwb-brand","embeddable":true,"href":"https:\/\/www.autonvaraosahaku.fi\/index.php?rest_route=%2Fwp%2Fv2%2Fpwb-brand&post=75368"},{"taxonomy":"product_cat","embeddable":true,"href":"https:\/\/www.autonvaraosahaku.fi\/index.php?rest_route=%2Fwp%2Fv2%2Fproduct_cat&post=75368"},{"taxonomy":"product_tag","embeddable":true,"href":"https:\/\/www.autonvaraosahaku.fi\/index.php?rest_route=%2Fwp%2Fv2%2Fproduct_tag&post=75368"}],"curies":[{"name":"wp","href":"https:\/\/api.w.org\/{rel}","templated":true}]}}