{"id":75383,"date":"2021-02-21T19:39:21","date_gmt":"2021-02-21T19:39:21","guid":{"rendered":"https:\/\/www.autonvaraosahaku.fi\/?product=corteco-12012248b-kampiakselin-tiiviste"},"modified":"2021-02-21T19:39:27","modified_gmt":"2021-02-21T19:39:27","slug":"corteco-12012248b-kampiakselin-tiiviste","status":"publish","type":"product","link":"https:\/\/www.autonvaraosahaku.fi\/?product=corteco-12012248b-kampiakselin-tiiviste","title":{"rendered":"CORTECO 12012248B Kampiakselin tiiviste"},"content":{"rendered":"<p>Asennuspuoli: Etup\u00e4\u00e4; Sis\u00e4l\u00e4pimitta 1 [mm]: 45; Ulkol\u00e4pimitta 1 [mm]: 67; Korkeus 1 (mm): 8; Materiaali: FPM (fluori-kumi); Rihlamalli: Oikea kierre; Suojavaippa: Suojakumilla; Moottorinumero: M 102.910, M 102.919; VW: PASSAT Variant 365; AUDI: 100 44, 44Q, C3; MERCEDES-BENZ: C-CLASS W203,C-CLASS T-Model S203,C-CLASS W202,190 W201,SLK R170,E-CLASS W210,M-CLASS W164,C-CLASS Coupe CL203,M-CLASS W163,Stufenheck W124,E-CLASS Kombi S210,SLK R171,CLK C208,SL R129,CLK C209,SL R107,C-CLASS Kombi S202,S-CLASS W220,S-CLASS W126,SL R230,KOMBI Kombi S124,E-CLASS W124,G-CLASS W463,VITO Bus 638,CLK Cabriolet A208,COUPE C124,CLK Cabriolet A209,G-CLASS W460,S-CLASS W140,E-CLASS Kombi S124,S-CLASS W108, W109,SPRINTER 3-t Kasten 903,SPRINTER 2-t Bus 901, 902,S-CLASS W116,COUPE W111,V-CLASS 638\/2,S-CLASS Coupe C126,CLC-CLASS CL203,G-CLASS W461,SPRINTER 2-t Kasten 901, 902,SPRINTER 3-t Bus 903,SPRINTER 3-t Pritsche\/Fahrgestell 903,T1 Bus 601,100 Bus 631,S-CLASS Coupe C215,VITO Kasten 638,E-CLASS Cabriolet A124,SL Coupe C107,E-CLASS Coupe C124,T1 Pritsche\/Fahrgestell 602,T2\/L Kasten\/Kombi,T1 Kasten 602,SPRINTER 4-t Pritsche\/Fahrgestell 904,T1 Pritsche\/Fahrgestell 601,T2\/LN1 Kasten\/Kombi,SPRINTER 2-t Pritsche\/Fahrgestell 901, 902,T1 Kasten 601,S-; BMW: 3 E30,3 Coupe E36,5 E34,02 E10,3 E21,3 Touring E30; OPEL: OMEGA A 16_, 17_, 19_,ASTRA F Caravan 51_, 52_,VECTRA A 86_, 87_,ASCONA B 81_, 86_, 87_, 88_,CORSA A TR 91_, 92_, 96_, 97_; FORD: MONDEO I GBP,TRANSIT Bus T_ _,CAPRI II GECP; FIAT: TEMPRA S.W. 159; TOYOTA: CAMRY Station Wagon _XV1_, _CV1_, _V10; HONDA: CIVIC IV Hatchback EC, ED, EE; VOLVO: 960 964; 0109970947, 0109973347, 1209970346; Akselitiiviste, Kampiakseli<\/p>\n","protected":false},"excerpt":{"rendered":"<p>CORTECO Kampiakselin Tiiviste 12012248B Akselitiiviste, Kampiakseli VW,AUDI,MERCEDES-BENZ,PASSAT Variant 365,100 44, 44Q, C3,C-CLASS W203<\/p>\n","protected":false},"featured_media":0,"template":"","meta":{"site-sidebar-layout":"default","site-content-layout":"default","ast-global-header-display":"","ast-main-header-display":"","ast-hfb-above-header-display":"","ast-hfb-below-header-display":"","ast-hfb-mobile-header-display":"","site-post-title":"","ast-breadcrumbs-content":"","ast-featured-img":"","footer-sml-layout":"","theme-transparent-header-meta":"","adv-header-id-meta":"","stick-header-meta":"","header-above-stick-meta":"","header-main-stick-meta":"","header-below-stick-meta":""},"pwb-brand":[53],"product_cat":[88],"product_tag":[],"class_list":{"0":"post-75383","1":"product","2":"type-product","3":"status-publish","5":"pwb-brand-corteco","6":"product_cat-kampiakselin-tiiviste","7":"desktop-align-left","8":"tablet-align-left","9":"mobile-align-left","11":"first","12":"instock","13":"product-type-external"},"brands":[{"id":53,"name":"CORTECO","slug":"corteco"}],"_links":{"self":[{"href":"https:\/\/www.autonvaraosahaku.fi\/index.php?rest_route=\/wp\/v2\/product\/75383","targetHints":{"allow":["GET"]}}],"collection":[{"href":"https:\/\/www.autonvaraosahaku.fi\/index.php?rest_route=\/wp\/v2\/product"}],"about":[{"href":"https:\/\/www.autonvaraosahaku.fi\/index.php?rest_route=\/wp\/v2\/types\/product"}],"wp:attachment":[{"href":"https:\/\/www.autonvaraosahaku.fi\/index.php?rest_route=%2Fwp%2Fv2%2Fmedia&parent=75383"}],"wp:term":[{"taxonomy":"pwb-brand","embeddable":true,"href":"https:\/\/www.autonvaraosahaku.fi\/index.php?rest_route=%2Fwp%2Fv2%2Fpwb-brand&post=75383"},{"taxonomy":"product_cat","embeddable":true,"href":"https:\/\/www.autonvaraosahaku.fi\/index.php?rest_route=%2Fwp%2Fv2%2Fproduct_cat&post=75383"},{"taxonomy":"product_tag","embeddable":true,"href":"https:\/\/www.autonvaraosahaku.fi\/index.php?rest_route=%2Fwp%2Fv2%2Fproduct_tag&post=75383"}],"curies":[{"name":"wp","href":"https:\/\/api.w.org\/{rel}","templated":true}]}}