{"id":75384,"date":"2021-02-21T19:39:28","date_gmt":"2021-02-21T19:39:28","guid":{"rendered":"https:\/\/www.autonvaraosahaku.fi\/?product=trw-jtc974-alatukivarsi"},"modified":"2021-02-21T19:39:28","modified_gmt":"2021-02-21T19:39:28","slug":"trw-jtc974-alatukivarsi","status":"publish","type":"product","link":"https:\/\/www.autonvaraosahaku.fi\/?product=trw-jtc974-alatukivarsi","title":{"rendered":"TRW JTC974 Alatukivarsi"},"content":{"rendered":"<p>Lis\u00e4tarvike\/lis\u00e4tieto: Ilman tarvikkeita; Ohjausmalli: Poikittaistukivarsi; parilliset tuotenumerot: JTC975, JTC975; Asennuspuoli: Vorderachse unten; CITRO\u00cbN: BERLINGO B9,C4 Picasso I UD_,C4 Grand Picasso I UA_,C4 I LC_,C4 Coupe LA_,BERLINGO Kasten B9,C4 Stufenheck L,BERLINGO Pritsche\/Fahrgestell B9,C4 Stufenheck N; PEUGEOT: 307 SW 3H,307 CC 3B,307 3A\/C,307 Break 3E,PARTNER Tepee,PARTNER Kasten,PARTNER Pritsche\/Fahrgestell; 1607314580, 1643188580, 3520K8, 3520P3, 3520S2, 3520T0, E455005, 1607314580, 1643188580, 3520K8, 3520N5, 3520P3, 3520S2, 3520T0, E455005; Tukivarsi,Tukivarsi, Py\u00f6r\u00e4ntuenta<\/p>\n","protected":false},"excerpt":{"rendered":"<p>TRW Alatukivarsi JTC974 Tukivarsi,Tukivarsi, Py\u00f6r\u00e4ntuenta CITRO\u00cbN,PEUGEOT,BERLINGO B9,C4 Picasso I UD_,C4 Grand Picasso I UA_,C4 I LC_,C4 Coupe LA_<\/p>\n","protected":false},"featured_media":0,"template":"","meta":{"site-sidebar-layout":"default","site-content-layout":"default","ast-global-header-display":"","ast-main-header-display":"","ast-hfb-above-header-display":"","ast-hfb-below-header-display":"","ast-hfb-mobile-header-display":"","site-post-title":"","ast-breadcrumbs-content":"","ast-featured-img":"","footer-sml-layout":"","theme-transparent-header-meta":"","adv-header-id-meta":"","stick-header-meta":"","header-above-stick-meta":"","header-main-stick-meta":"","header-below-stick-meta":""},"pwb-brand":[332],"product_cat":[62],"product_tag":[],"class_list":{"0":"post-75384","1":"product","2":"type-product","3":"status-publish","5":"pwb-brand-trw","6":"product_cat-alatukivarsi","7":"desktop-align-left","8":"tablet-align-left","9":"mobile-align-left","11":"first","12":"instock","13":"product-type-external"},"brands":[{"id":332,"name":"TRW","slug":"trw"}],"_links":{"self":[{"href":"https:\/\/www.autonvaraosahaku.fi\/index.php?rest_route=\/wp\/v2\/product\/75384","targetHints":{"allow":["GET"]}}],"collection":[{"href":"https:\/\/www.autonvaraosahaku.fi\/index.php?rest_route=\/wp\/v2\/product"}],"about":[{"href":"https:\/\/www.autonvaraosahaku.fi\/index.php?rest_route=\/wp\/v2\/types\/product"}],"wp:attachment":[{"href":"https:\/\/www.autonvaraosahaku.fi\/index.php?rest_route=%2Fwp%2Fv2%2Fmedia&parent=75384"}],"wp:term":[{"taxonomy":"pwb-brand","embeddable":true,"href":"https:\/\/www.autonvaraosahaku.fi\/index.php?rest_route=%2Fwp%2Fv2%2Fpwb-brand&post=75384"},{"taxonomy":"product_cat","embeddable":true,"href":"https:\/\/www.autonvaraosahaku.fi\/index.php?rest_route=%2Fwp%2Fv2%2Fproduct_cat&post=75384"},{"taxonomy":"product_tag","embeddable":true,"href":"https:\/\/www.autonvaraosahaku.fi\/index.php?rest_route=%2Fwp%2Fv2%2Fproduct_tag&post=75384"}],"curies":[{"name":"wp","href":"https:\/\/api.w.org\/{rel}","templated":true}]}}