{"id":75391,"date":"2021-02-21T19:39:28","date_gmt":"2021-02-21T19:39:28","guid":{"rendered":"https:\/\/www.autonvaraosahaku.fi\/?product=trw-gdb1734-jarrupalat"},"modified":"2021-02-21T19:39:31","modified_gmt":"2021-02-21T19:39:31","slug":"trw-gdb1734-jarrupalat","status":"publish","type":"product","link":"https:\/\/www.autonvaraosahaku.fi\/?product=trw-gdb1734-jarrupalat","title":{"rendered":"TRW GDB1734 Jarrupalat"},"content":{"rendered":"<p>Valmistaja rajaus: BREMBO; Pituus (mm): 189,3; Korkeus (mm): 93,1; Paksuus [mm]: 16,6; Kulumisenilmaisimen liitos: Kulumisenilmaisemelle; Tarkistuskilpi: E9 90R &#8211; 01107\/2379; Jarrut: ajoneuvoille ilman keraamisia jarruja; M\u00e4\u00e4r\u00e4yksikk\u00f6: Akselisarja; Asennuspuoli: Vorderachse; MERCEDES-BENZ: E-CLASS W211,C-CLASS W204,C-CLASS T-Model S204,E-CLASS T-Model S211,E-CLASS W212,E-CLASS T-Model S212,CLK C209,SL R230,M-CLASS W166,C-CLASS Coupe C204,CLS C218,S-CLASS Coupe C216,CLS Shooting Brake X218,S-CLASS W222, V222, X222,SL R231,SLS AMG C197,SLS AMG Cabriolet A197,AMG GT \/ GT S C190,S-CLASS Cabriolet A217; 0004204000, 0044207620, 0044208920, 0044209520, 0054201120, 0054203320, 0054206620, 005420662041, 0054208920, 0064202920, 0074200120, 0074205320, 0074205920, 0074206520, 0074207620, 0084201020, A0004204000, A0044207620, A0044208920, A0044209520, A0054201120, A0054203320, A0054206620, A005420662041, A0054208920, A0064202920, A0074200120, A0074205320, A0074205920, A0074206520, A0074207620, A0084201020; Jarrupalasarja,Jarrupala, Levyjarru<\/p>\n","protected":false},"excerpt":{"rendered":"<p>TRW Jarrupalat GDB1734 Jarrupalasarja,Jarrupala, Levyjarru MERCEDES-BENZ,E-CLASS W211,C-CLASS W204,C-CLASS T-Model S204,E-CLASS T-Model S211<\/p>\n","protected":false},"featured_media":0,"template":"","meta":{"site-sidebar-layout":"default","site-content-layout":"default","ast-global-header-display":"","ast-main-header-display":"","ast-hfb-above-header-display":"","ast-hfb-below-header-display":"","ast-hfb-mobile-header-display":"","site-post-title":"","ast-breadcrumbs-content":"","ast-featured-img":"","footer-sml-layout":"","theme-transparent-header-meta":"","adv-header-id-meta":"","stick-header-meta":"","header-above-stick-meta":"","header-main-stick-meta":"","header-below-stick-meta":""},"pwb-brand":[332],"product_cat":[100],"product_tag":[],"class_list":{"0":"post-75391","1":"product","2":"type-product","3":"status-publish","5":"pwb-brand-trw","6":"product_cat-jarrupalat","7":"desktop-align-left","8":"tablet-align-left","9":"mobile-align-left","11":"first","12":"instock","13":"product-type-external"},"brands":[{"id":332,"name":"TRW","slug":"trw"}],"_links":{"self":[{"href":"https:\/\/www.autonvaraosahaku.fi\/index.php?rest_route=\/wp\/v2\/product\/75391","targetHints":{"allow":["GET"]}}],"collection":[{"href":"https:\/\/www.autonvaraosahaku.fi\/index.php?rest_route=\/wp\/v2\/product"}],"about":[{"href":"https:\/\/www.autonvaraosahaku.fi\/index.php?rest_route=\/wp\/v2\/types\/product"}],"wp:attachment":[{"href":"https:\/\/www.autonvaraosahaku.fi\/index.php?rest_route=%2Fwp%2Fv2%2Fmedia&parent=75391"}],"wp:term":[{"taxonomy":"pwb-brand","embeddable":true,"href":"https:\/\/www.autonvaraosahaku.fi\/index.php?rest_route=%2Fwp%2Fv2%2Fpwb-brand&post=75391"},{"taxonomy":"product_cat","embeddable":true,"href":"https:\/\/www.autonvaraosahaku.fi\/index.php?rest_route=%2Fwp%2Fv2%2Fproduct_cat&post=75391"},{"taxonomy":"product_tag","embeddable":true,"href":"https:\/\/www.autonvaraosahaku.fi\/index.php?rest_route=%2Fwp%2Fv2%2Fproduct_tag&post=75391"}],"curies":[{"name":"wp","href":"https:\/\/api.w.org\/{rel}","templated":true}]}}