{"id":7542,"date":"2021-02-21T14:00:29","date_gmt":"2021-02-21T14:00:29","guid":{"rendered":"https:\/\/www.autonvaraosahaku.fi\/?product=topran-115-764-muut-luokat"},"modified":"2021-02-21T14:00:30","modified_gmt":"2021-02-21T14:00:30","slug":"topran-115-764-muut-luokat","status":"publish","type":"product","link":"https:\/\/www.autonvaraosahaku.fi\/?product=topran-115-764-muut-luokat","title":{"rendered":"TOPRAN 115 764 Muut luokat"},"content":{"rendered":"<p>Asennuspuoli: Taka-akseli; Suodatintyyppi: Suodatinpanos, Kotelon kannella; Korvaava tuote\/korvaava tiedote 2: Tiivisterenkaalla; Voimansiirtotyyppi: Neliveto; Huomioi j\u00e4rjestelm\u00e4-t\u00e4ytt\u00f6m\u00e4\u00e4r\u00e4: ; Muoto: sylinterinmuotoinen; Valmistaja rajaus: HALDEX Gen. I; VW: GOLF IV 1J1,GOLF IV Variant 1J5,SHARAN 7M8, 7M9, 7M6,BORA 1J2,BORA Kombi 1J6; AUDI: A3 8L1,TT 8N3,TT Roadster 8N9; SKODA: OCTAVIA Combi 1U5,OCTAVIA 1U2; SEAT: LEON 1M1,ALHAMBRA 7V8, 7V9,TOLEDO II 1M2; 02D525558A, 02D525558A, 02D525558A, 02D525558A<\/p>\n","protected":false},"excerpt":{"rendered":"<p>TOPRAN \u00d6ljysuodatin, Tasauspy\u00f6r\u00e4st\u00f6 115 764  VW,AUDI,SKODA,GOLF IV 1J1,GOLF IV Variant 1J5,SHARAN 7M8, 7M9, 7M6,BORA 1J2,BORA Kombi 1J6,A3 8L1,TT 8N3<\/p>\n","protected":false},"featured_media":0,"template":"","meta":{"site-sidebar-layout":"default","site-content-layout":"default","ast-global-header-display":"","ast-main-header-display":"","ast-hfb-above-header-display":"","ast-hfb-below-header-display":"","ast-hfb-mobile-header-display":"","site-post-title":"","ast-breadcrumbs-content":"","ast-featured-img":"","footer-sml-layout":"","theme-transparent-header-meta":"","adv-header-id-meta":"","stick-header-meta":"","header-above-stick-meta":"","header-main-stick-meta":"","header-below-stick-meta":""},"pwb-brand":[18],"product_cat":[37],"product_tag":[],"class_list":{"0":"post-7542","1":"product","2":"type-product","3":"status-publish","5":"pwb-brand-topran","6":"product_cat-muut-luokat","7":"desktop-align-left","8":"tablet-align-left","9":"mobile-align-left","11":"first","12":"instock","13":"product-type-external"},"brands":[{"id":18,"name":"TOPRAN","slug":"topran"}],"_links":{"self":[{"href":"https:\/\/www.autonvaraosahaku.fi\/index.php?rest_route=\/wp\/v2\/product\/7542","targetHints":{"allow":["GET"]}}],"collection":[{"href":"https:\/\/www.autonvaraosahaku.fi\/index.php?rest_route=\/wp\/v2\/product"}],"about":[{"href":"https:\/\/www.autonvaraosahaku.fi\/index.php?rest_route=\/wp\/v2\/types\/product"}],"wp:attachment":[{"href":"https:\/\/www.autonvaraosahaku.fi\/index.php?rest_route=%2Fwp%2Fv2%2Fmedia&parent=7542"}],"wp:term":[{"taxonomy":"pwb-brand","embeddable":true,"href":"https:\/\/www.autonvaraosahaku.fi\/index.php?rest_route=%2Fwp%2Fv2%2Fpwb-brand&post=7542"},{"taxonomy":"product_cat","embeddable":true,"href":"https:\/\/www.autonvaraosahaku.fi\/index.php?rest_route=%2Fwp%2Fv2%2Fproduct_cat&post=7542"},{"taxonomy":"product_tag","embeddable":true,"href":"https:\/\/www.autonvaraosahaku.fi\/index.php?rest_route=%2Fwp%2Fv2%2Fproduct_tag&post=7542"}],"curies":[{"name":"wp","href":"https:\/\/api.w.org\/{rel}","templated":true}]}}