{"id":75420,"date":"2021-02-21T19:39:35","date_gmt":"2021-02-21T19:39:35","guid":{"rendered":"https:\/\/www.autonvaraosahaku.fi\/?product=trw-bwf321-takajarrusylinteri"},"modified":"2021-02-21T19:39:40","modified_gmt":"2021-02-21T19:39:40","slug":"trw-bwf321-takajarrusylinteri","status":"publish","type":"product","link":"https:\/\/www.autonvaraosahaku.fi\/?product=trw-bwf321-takajarrusylinteri","title":{"rendered":"TRW BWF321 Takajarrusylinteri"},"content":{"rendered":"<p>Materiaali: Alumiini; L\u00e4pimitta [mm]: 20,6; Reik\u00e4ympyr\u00e4-\u00d8 [mm]: 30; Asennuspuoli: Hinterachse; DAIHATSU: CHARADE; LANCIA: YPSILON 843,MUSA 350,YPSILON 312, 846; TOYOTA: YARIS SCP9_, NSP9_, KSP9_, NCP9_, ZSP9_; FIAT: GRANDE PUNTO 199,PUNTO 188,PANDA 169,PUNTO EVO 199,DOBLO Cargo 223,DOBLO 119,DOBLO Kasten\/Kombi 263,PANDA Van 169,PUNTO 199,IDEA,PANDA 312,QUBO 225,DOBLO Gro\u00dfraumlimousine 152, 263,FIORINO Kasten\/Kombi 225,LINEA 323,PUNTO Van 199,DOBLO Pritsche\/Fahrgestell 263,SIENA 178_,PANDA VAN 312,GRANDE PUNTO Van 199_,PUNTO EVO Van 199_; CITRO\u00cbN: NEMO Kasten AA_,NEMO Kombi; PEUGEOT: BIPPER AA_,BIPPER Tepee; 77363849, 4402F3, 4755009101, 4755009101000, 77363849, 77363849, 4402F3, 4755009100, 4755009101; Py\u00f6r\u00e4n Jarrusylinteri,Jarrusylinteri<\/p>\n","protected":false},"excerpt":{"rendered":"<p>TRW Takajarrusylinteri BWF321 Py\u00f6r\u00e4n Jarrusylinteri,Jarrusylinteri DAIHATSU,LANCIA,TOYOTA,CHARADE,YPSILON 843,MUSA 350,YPSILON 312, 846<\/p>\n","protected":false},"featured_media":0,"template":"","meta":{"site-sidebar-layout":"default","site-content-layout":"default","ast-global-header-display":"","ast-main-header-display":"","ast-hfb-above-header-display":"","ast-hfb-below-header-display":"","ast-hfb-mobile-header-display":"","site-post-title":"","ast-breadcrumbs-content":"","ast-featured-img":"","footer-sml-layout":"","theme-transparent-header-meta":"","adv-header-id-meta":"","stick-header-meta":"","header-above-stick-meta":"","header-main-stick-meta":"","header-below-stick-meta":""},"pwb-brand":[332],"product_cat":[158],"product_tag":[],"class_list":{"0":"post-75420","1":"product","2":"type-product","3":"status-publish","5":"pwb-brand-trw","6":"product_cat-takajarrusylinteri","7":"desktop-align-left","8":"tablet-align-left","9":"mobile-align-left","11":"first","12":"instock","13":"product-type-external"},"brands":[{"id":332,"name":"TRW","slug":"trw"}],"_links":{"self":[{"href":"https:\/\/www.autonvaraosahaku.fi\/index.php?rest_route=\/wp\/v2\/product\/75420","targetHints":{"allow":["GET"]}}],"collection":[{"href":"https:\/\/www.autonvaraosahaku.fi\/index.php?rest_route=\/wp\/v2\/product"}],"about":[{"href":"https:\/\/www.autonvaraosahaku.fi\/index.php?rest_route=\/wp\/v2\/types\/product"}],"wp:attachment":[{"href":"https:\/\/www.autonvaraosahaku.fi\/index.php?rest_route=%2Fwp%2Fv2%2Fmedia&parent=75420"}],"wp:term":[{"taxonomy":"pwb-brand","embeddable":true,"href":"https:\/\/www.autonvaraosahaku.fi\/index.php?rest_route=%2Fwp%2Fv2%2Fpwb-brand&post=75420"},{"taxonomy":"product_cat","embeddable":true,"href":"https:\/\/www.autonvaraosahaku.fi\/index.php?rest_route=%2Fwp%2Fv2%2Fproduct_cat&post=75420"},{"taxonomy":"product_tag","embeddable":true,"href":"https:\/\/www.autonvaraosahaku.fi\/index.php?rest_route=%2Fwp%2Fv2%2Fproduct_tag&post=75420"}],"curies":[{"name":"wp","href":"https:\/\/api.w.org\/{rel}","templated":true}]}}