{"id":75432,"date":"2021-02-21T19:39:42","date_gmt":"2021-02-21T19:39:42","guid":{"rendered":"https:\/\/www.autonvaraosahaku.fi\/?product=metzger-0910025-oljynpaineanturi"},"modified":"2021-02-21T19:39:45","modified_gmt":"2021-02-21T19:39:45","slug":"metzger-0910025-oljynpaineanturi","status":"publish","type":"product","link":"https:\/\/www.autonvaraosahaku.fi\/?product=metzger-0910025-oljynpaineanturi","title":{"rendered":"METZGER 0910025 \u00d6ljynpaineanturi"},"content":{"rendered":"<p>Napojen m\u00e4\u00e4r\u00e4: 1; Kytkent\u00e4paine alkaen [bar]: 0,75; Kytkinpaine enint. [bar]: 1,05; Kierremitta: M 10&#215;1; V\u00e4ri: Harmaa; Lis\u00e4tarvike\/lis\u00e4tieto: Tiivisteill\u00e4; Alustanumerosta: 8L-W-000001; VW: GOLF IV 1J1,GOLF IV Variant 1J5,BORA 1J2,BORA Kombi 1J6; AUDI: A3 8L1; SKODA: OCTAVIA Combi 1U5,OCTAVIA 1U2; RENAULT: SAFRANE II B54_,SAFRANE I B54_; 1669964, 95VW9278CA; \u00d6ljynpainekytkin<\/p>\n","protected":false},"excerpt":{"rendered":"<p>METZGER \u00d6ljynpaineanturi 0910025 \u00d6ljynpainekytkin VW,AUDI,SKODA,GOLF IV 1J1,GOLF IV Variant 1J5,BORA 1J2,BORA Kombi 1J6,A3 8L1,OCTAVIA Combi 1U5<\/p>\n","protected":false},"featured_media":0,"template":"","meta":{"site-sidebar-layout":"default","site-content-layout":"default","ast-global-header-display":"","ast-main-header-display":"","ast-hfb-above-header-display":"","ast-hfb-below-header-display":"","ast-hfb-mobile-header-display":"","site-post-title":"","ast-breadcrumbs-content":"","ast-featured-img":"","footer-sml-layout":"","theme-transparent-header-meta":"","adv-header-id-meta":"","stick-header-meta":"","header-above-stick-meta":"","header-main-stick-meta":"","header-below-stick-meta":""},"pwb-brand":[69],"product_cat":[235],"product_tag":[],"class_list":{"0":"post-75432","1":"product","2":"type-product","3":"status-publish","5":"pwb-brand-metzger","6":"product_cat-oljynpaineanturi","7":"desktop-align-left","8":"tablet-align-left","9":"mobile-align-left","11":"first","12":"instock","13":"product-type-external"},"brands":[{"id":69,"name":"METZGER","slug":"metzger"}],"_links":{"self":[{"href":"https:\/\/www.autonvaraosahaku.fi\/index.php?rest_route=\/wp\/v2\/product\/75432","targetHints":{"allow":["GET"]}}],"collection":[{"href":"https:\/\/www.autonvaraosahaku.fi\/index.php?rest_route=\/wp\/v2\/product"}],"about":[{"href":"https:\/\/www.autonvaraosahaku.fi\/index.php?rest_route=\/wp\/v2\/types\/product"}],"wp:attachment":[{"href":"https:\/\/www.autonvaraosahaku.fi\/index.php?rest_route=%2Fwp%2Fv2%2Fmedia&parent=75432"}],"wp:term":[{"taxonomy":"pwb-brand","embeddable":true,"href":"https:\/\/www.autonvaraosahaku.fi\/index.php?rest_route=%2Fwp%2Fv2%2Fpwb-brand&post=75432"},{"taxonomy":"product_cat","embeddable":true,"href":"https:\/\/www.autonvaraosahaku.fi\/index.php?rest_route=%2Fwp%2Fv2%2Fproduct_cat&post=75432"},{"taxonomy":"product_tag","embeddable":true,"href":"https:\/\/www.autonvaraosahaku.fi\/index.php?rest_route=%2Fwp%2Fv2%2Fproduct_tag&post=75432"}],"curies":[{"name":"wp","href":"https:\/\/api.w.org\/{rel}","templated":true}]}}