{"id":75450,"date":"2021-02-21T19:39:49","date_gmt":"2021-02-21T19:39:49","guid":{"rendered":"https:\/\/www.autonvaraosahaku.fi\/?product=febi-bilstein-18409-hehkutulppa"},"modified":"2021-02-21T19:39:51","modified_gmt":"2021-02-21T19:39:51","slug":"febi-bilstein-18409-hehkutulppa","status":"publish","type":"product","link":"https:\/\/www.autonvaraosahaku.fi\/?product=febi-bilstein-18409-hehkutulppa","title":{"rendered":"FEBI BILSTEIN 18409 Hehkutulppa"},"content":{"rendered":"<p>Pituus (mm): 130, 27; Ulkokierre [mm]: M10 x 1; Avainv\u00e4li: 10; J\u00e4nnite (V): 11,5; Paino [kg]: 0,033; Hehkutulppatyyppi: j\u00e4lkihehkutuksenkest\u00e4v\u00e4, j\u00e4lkihehkutuksenkest\u00e4v\u00e4; JEEP: GRAND CHEROKEE II WJ, WG; MERCEDES-BENZ: C-CLASS W203,E-CLASS W211,C-CLASS T-Model S203,C-CLASS W202,E-CLASS T-Model S211,E-CLASS W210,VIANO W639,C-CLASS Coupe CL203,M-CLASS W163,E-CLASS Kombi S210,VITO Bus W639,CLK C209,C-CLASS Kombi S202,S-CLASS W220,VITO \/ MIXTO Kasten W639,SPRINTER 3,5-t Kasten 906,G-CLASS W463,VITO Bus 638,SPRINTER 3-t Kasten 903,SPRINTER 3,5-t Bus 906,SPRINTER 2-t Bus 901, 902,SPRINTER 3-t Kasten 906,V-CLASS 638\/2,CLC-CLASS CL203,SPRINTER 2-t Kasten 901, 902,SPRINTER 3-t Bus 903,SPRINTER 3,5-t Pritsche\/Fahrgestell 906,SPRINTER 3-t Pritsche\/Fahrgestell 903,VITO Kasten 638,SPRINTER 3-t Bus 906,SPRINTER 4-t Pritsche\/Fahrgestell 904,SPRINTER 2-t Pritsche\/Fahrgestell 901, 902,SPRINTER 5-t Kasten 906,SPRINTER 5-t Pritsche\/Fahrgestell 906,SPRINTER 4-t Kasten 904,G-CLASS Cabrio W463,SPRINTER 3-t Pritsche\/Fahrgestell 906,SPRINTER 5-t Pritsche\/Fahrgestell 905; CHRYSLER: PT CRUISER PT_; 0011592801, A0011592801<\/p>\n","protected":false},"excerpt":{"rendered":"<p>FEBI BILSTEIN Hehkutulppa 18409  JEEP,MERCEDES-BENZ,CHRYSLER,GRAND CHEROKEE II WJ, WG,C-CLASS W203,E-CLASS W211,C-CLASS T-Model S203,C-CLASS W202<\/p>\n","protected":false},"featured_media":0,"template":"","meta":{"site-sidebar-layout":"default","site-content-layout":"default","ast-global-header-display":"","ast-main-header-display":"","ast-hfb-above-header-display":"","ast-hfb-below-header-display":"","ast-hfb-mobile-header-display":"","site-post-title":"","ast-breadcrumbs-content":"","ast-featured-img":"","footer-sml-layout":"","theme-transparent-header-meta":"","adv-header-id-meta":"","stick-header-meta":"","header-above-stick-meta":"","header-main-stick-meta":"","header-below-stick-meta":""},"pwb-brand":[50],"product_cat":[52],"product_tag":[],"class_list":{"0":"post-75450","1":"product","2":"type-product","3":"status-publish","5":"pwb-brand-febi-bilstein","6":"product_cat-hehkutulppa","7":"desktop-align-left","8":"tablet-align-left","9":"mobile-align-left","11":"first","12":"instock","13":"product-type-external"},"brands":[{"id":50,"name":"FEBI BILSTEIN","slug":"febi-bilstein"}],"_links":{"self":[{"href":"https:\/\/www.autonvaraosahaku.fi\/index.php?rest_route=\/wp\/v2\/product\/75450","targetHints":{"allow":["GET"]}}],"collection":[{"href":"https:\/\/www.autonvaraosahaku.fi\/index.php?rest_route=\/wp\/v2\/product"}],"about":[{"href":"https:\/\/www.autonvaraosahaku.fi\/index.php?rest_route=\/wp\/v2\/types\/product"}],"wp:attachment":[{"href":"https:\/\/www.autonvaraosahaku.fi\/index.php?rest_route=%2Fwp%2Fv2%2Fmedia&parent=75450"}],"wp:term":[{"taxonomy":"pwb-brand","embeddable":true,"href":"https:\/\/www.autonvaraosahaku.fi\/index.php?rest_route=%2Fwp%2Fv2%2Fpwb-brand&post=75450"},{"taxonomy":"product_cat","embeddable":true,"href":"https:\/\/www.autonvaraosahaku.fi\/index.php?rest_route=%2Fwp%2Fv2%2Fproduct_cat&post=75450"},{"taxonomy":"product_tag","embeddable":true,"href":"https:\/\/www.autonvaraosahaku.fi\/index.php?rest_route=%2Fwp%2Fv2%2Fproduct_tag&post=75450"}],"curies":[{"name":"wp","href":"https:\/\/api.w.org\/{rel}","templated":true}]}}