{"id":75517,"date":"2021-02-21T19:40:13","date_gmt":"2021-02-21T19:40:13","guid":{"rendered":"https:\/\/www.autonvaraosahaku.fi\/?product=swag-20-92-4321-venttiilikopan-tiiviste"},"modified":"2021-02-21T19:40:17","modified_gmt":"2021-02-21T19:40:17","slug":"swag-20-92-4321-venttiilikopan-tiiviste","status":"publish","type":"product","link":"https:\/\/www.autonvaraosahaku.fi\/?product=swag-20-92-4321-venttiilikopan-tiiviste","title":{"rendered":"SWAG 20 92 4321 Venttiilikopan tiiviste"},"content":{"rendered":"<p>Paksuus [mm]: 6,0; Sis\u00e4l\u00e4pimitta [mm]: 9,0; Ulkol\u00e4pimitta [mm]: 22,5; Materiaali: ACM (polyakryyli-kautsu); Paino [kg]: 0,005, 0,005; Huomioi tekniset tiedot: ; BMW: 3 E46,5 E39,5 E60,5 Touring E61,3 Touring E46,X3 E83,5 Touring E39,3 Compact E46,3 Coupe E46,X5 E53,3 Cabriolet E46,Z3 E36,Z4 E85,7 E65, E66, E67,Z3 Coupe E36; 11121437395, 11121726537<\/p>\n","protected":false},"excerpt":{"rendered":"<p>SWAG Tiiviste, Syl.Kannen Pultit SWAG extra 20 92 4321  BMW,3 E46,5 E39,5 E60,5 Touring E61,3 Touring E46,X3 E83,5 Touring E39,3 Compact E46<\/p>\n","protected":false},"featured_media":0,"template":"","meta":{"site-sidebar-layout":"default","site-content-layout":"default","ast-global-header-display":"","ast-main-header-display":"","ast-hfb-above-header-display":"","ast-hfb-below-header-display":"","ast-hfb-mobile-header-display":"","site-post-title":"","ast-breadcrumbs-content":"","ast-featured-img":"","footer-sml-layout":"","theme-transparent-header-meta":"","adv-header-id-meta":"","stick-header-meta":"","header-above-stick-meta":"","header-main-stick-meta":"","header-below-stick-meta":""},"pwb-brand":[103],"product_cat":[44],"product_tag":[],"class_list":{"0":"post-75517","1":"product","2":"type-product","3":"status-publish","5":"pwb-brand-swag","6":"product_cat-venttiilikopan-tiiviste","7":"desktop-align-left","8":"tablet-align-left","9":"mobile-align-left","11":"first","12":"instock","13":"product-type-external"},"brands":[{"id":103,"name":"SWAG","slug":"swag"}],"_links":{"self":[{"href":"https:\/\/www.autonvaraosahaku.fi\/index.php?rest_route=\/wp\/v2\/product\/75517","targetHints":{"allow":["GET"]}}],"collection":[{"href":"https:\/\/www.autonvaraosahaku.fi\/index.php?rest_route=\/wp\/v2\/product"}],"about":[{"href":"https:\/\/www.autonvaraosahaku.fi\/index.php?rest_route=\/wp\/v2\/types\/product"}],"wp:attachment":[{"href":"https:\/\/www.autonvaraosahaku.fi\/index.php?rest_route=%2Fwp%2Fv2%2Fmedia&parent=75517"}],"wp:term":[{"taxonomy":"pwb-brand","embeddable":true,"href":"https:\/\/www.autonvaraosahaku.fi\/index.php?rest_route=%2Fwp%2Fv2%2Fpwb-brand&post=75517"},{"taxonomy":"product_cat","embeddable":true,"href":"https:\/\/www.autonvaraosahaku.fi\/index.php?rest_route=%2Fwp%2Fv2%2Fproduct_cat&post=75517"},{"taxonomy":"product_tag","embeddable":true,"href":"https:\/\/www.autonvaraosahaku.fi\/index.php?rest_route=%2Fwp%2Fv2%2Fproduct_tag&post=75517"}],"curies":[{"name":"wp","href":"https:\/\/api.w.org\/{rel}","templated":true}]}}