{"id":75533,"date":"2021-02-21T19:40:20","date_gmt":"2021-02-21T19:40:20","guid":{"rendered":"https:\/\/www.autonvaraosahaku.fi\/?product=eibach-e10-79-010-04-22-jouset"},"modified":"2021-02-21T19:40:23","modified_gmt":"2021-02-21T19:40:23","slug":"eibach-e10-79-010-04-22-jouset","status":"publish","type":"product","link":"https:\/\/www.autonvaraosahaku.fi\/?product=eibach-e10-79-010-04-22-jouset","title":{"rendered":"EIBACH E10-79-010-04-22 Jouset"},"content":{"rendered":"<p>Rekister\u00f6ity tyyppi: Yleissertifikaatti (ABE); Akselikuorma, etu, enint. [kg]: 1075; Akselikuorma, taka, enint. [kg]: 1050; Alustarakenne: kaikille vakiovaimennusj\u00e4rjestelmille; Akseli: Puolij\u00e4ykk\u00e4 akseli; Varusteet: Autoihin ilman tasons\u00e4\u00e4t\u00f6\u00e4, Autoihin ilman tasons\u00e4\u00e4t\u00f6\u00e4; Tuotelinja: Pro-Kit; Tuning: 1; Huomioi huolto-ohjeet: ; VW: GOLF VII Kombi BA5,GOLF SPORTSVAN AM1; SKODA: OCTAVIA Combi 5E5,OCTAVIA 5E3; SEAT: LEON ST 5F8; Alustasarja Jouset<\/p>\n","protected":false},"excerpt":{"rendered":"<p>EIBACH Madallusjouset E10-79-010-04-22 Alustasarja Jouset VW,SKODA,SEAT,GOLF VII Kombi BA5,GOLF SPORTSVAN AM1,OCTAVIA Combi 5E5,OCTAVIA 5E3<\/p>\n","protected":false},"featured_media":0,"template":"","meta":{"site-sidebar-layout":"default","site-content-layout":"default","ast-global-header-display":"","ast-main-header-display":"","ast-hfb-above-header-display":"","ast-hfb-below-header-display":"","ast-hfb-mobile-header-display":"","site-post-title":"","ast-breadcrumbs-content":"","ast-featured-img":"","footer-sml-layout":"","theme-transparent-header-meta":"","adv-header-id-meta":"","stick-header-meta":"","header-above-stick-meta":"","header-main-stick-meta":"","header-below-stick-meta":""},"pwb-brand":[328],"product_cat":[171],"product_tag":[],"class_list":{"0":"post-75533","1":"product","2":"type-product","3":"status-publish","5":"pwb-brand-eibach","6":"product_cat-jouset","7":"desktop-align-left","8":"tablet-align-left","9":"mobile-align-left","11":"first","12":"instock","13":"product-type-external"},"brands":[{"id":328,"name":"EIBACH","slug":"eibach"}],"_links":{"self":[{"href":"https:\/\/www.autonvaraosahaku.fi\/index.php?rest_route=\/wp\/v2\/product\/75533","targetHints":{"allow":["GET"]}}],"collection":[{"href":"https:\/\/www.autonvaraosahaku.fi\/index.php?rest_route=\/wp\/v2\/product"}],"about":[{"href":"https:\/\/www.autonvaraosahaku.fi\/index.php?rest_route=\/wp\/v2\/types\/product"}],"wp:attachment":[{"href":"https:\/\/www.autonvaraosahaku.fi\/index.php?rest_route=%2Fwp%2Fv2%2Fmedia&parent=75533"}],"wp:term":[{"taxonomy":"pwb-brand","embeddable":true,"href":"https:\/\/www.autonvaraosahaku.fi\/index.php?rest_route=%2Fwp%2Fv2%2Fpwb-brand&post=75533"},{"taxonomy":"product_cat","embeddable":true,"href":"https:\/\/www.autonvaraosahaku.fi\/index.php?rest_route=%2Fwp%2Fv2%2Fproduct_cat&post=75533"},{"taxonomy":"product_tag","embeddable":true,"href":"https:\/\/www.autonvaraosahaku.fi\/index.php?rest_route=%2Fwp%2Fv2%2Fproduct_tag&post=75533"}],"curies":[{"name":"wp","href":"https:\/\/api.w.org\/{rel}","templated":true}]}}