{"id":75557,"date":"2021-02-21T19:40:27","date_gmt":"2021-02-21T19:40:27","guid":{"rendered":"https:\/\/www.autonvaraosahaku.fi\/?product=reinz-81-53224-00-nokka-akselin-tiiviste"},"modified":"2021-02-21T19:40:31","modified_gmt":"2021-02-21T19:40:31","slug":"reinz-81-53224-00-nokka-akselin-tiiviste","status":"publish","type":"product","link":"https:\/\/www.autonvaraosahaku.fi\/?product=reinz-81-53224-00-nokka-akselin-tiiviste","title":{"rendered":"REINZ 81-53224-00 Nokka akselin tiiviste"},"content":{"rendered":"<p>Materiaali: NBR (nitriili-butadi-kumi); Sis\u00e4l\u00e4pimitta [mm]: 29; Ulkol\u00e4pimitta [mm]: 45; Leveys (mm): 8; Akselitiivisteen malli: A SL; Rihlamalli: Vasen kierre; TECDOC-moottorinumero: 4883; HONDA: CIVIC VII Hatchback EU, EP, EV,CIVIC VI Hatchback EJ, EK,FR-V BE,CIVIC VI Fastback MA, MB,CRX III EH, EG,LOGO GA3,CIVIC VI Aerodeck MB, MC,STREAM RN,HR-V GH,CRX II ED, EE,CIVIC V Hatchback EG,CIVIC VII Coupe EM2,CIVIC IV Hatchback EC, ED, EE,CIVIC VI Stufenheck EJ, EK,CIVIC VI Coupe EJ, EM1,CIVIC V Coupe EJ,CIVIC VII Stufenheck ES,PRELUDE III BA,CIVIC V Stufenheck EG, EH,CONCERTO HW,CIVIC IV Stufenheck ED,CRX I AF, AS,PRELUDE II AB,ACCORD III CA,CIVIC III Hatchback AL, AJ, AG, AH,CONCERTO Stufenheck HWW,ACCORD III Aerodeck CA,CIVIC II Shuttle EE,CIVIC III Stufenheck AM, AK, AU,CIVIC I Shuttle AN, AR,ACCORD II Hatchback AC, AD,INTEGRA DA,ACCORD II AC, AD; ROVER: 200 Hatchback XW,200 XH; 91213P2FA01, 91213PD2004, 91213PE1721; Akselitiiviste, Nokka-Akseli<\/p>\n","protected":false},"excerpt":{"rendered":"<p>REINZ Nokka Akselin Tiiviste 81-53224-00 Akselitiiviste, Nokka-Akseli HONDA,ROVER,CIVIC VII Hatchback EU, EP, EV,CIVIC VI Hatchback EJ, EK,FR-V BE<\/p>\n","protected":false},"featured_media":0,"template":"","meta":{"site-sidebar-layout":"default","site-content-layout":"default","ast-global-header-display":"","ast-main-header-display":"","ast-hfb-above-header-display":"","ast-hfb-below-header-display":"","ast-hfb-mobile-header-display":"","site-post-title":"","ast-breadcrumbs-content":"","ast-featured-img":"","footer-sml-layout":"","theme-transparent-header-meta":"","adv-header-id-meta":"","stick-header-meta":"","header-above-stick-meta":"","header-main-stick-meta":"","header-below-stick-meta":""},"pwb-brand":[138],"product_cat":[122],"product_tag":[],"class_list":{"0":"post-75557","1":"product","2":"type-product","3":"status-publish","5":"pwb-brand-reinz","6":"product_cat-nokka-akselin-tiiviste","7":"desktop-align-left","8":"tablet-align-left","9":"mobile-align-left","11":"first","12":"instock","13":"product-type-external"},"brands":[{"id":138,"name":"REINZ","slug":"reinz"}],"_links":{"self":[{"href":"https:\/\/www.autonvaraosahaku.fi\/index.php?rest_route=\/wp\/v2\/product\/75557","targetHints":{"allow":["GET"]}}],"collection":[{"href":"https:\/\/www.autonvaraosahaku.fi\/index.php?rest_route=\/wp\/v2\/product"}],"about":[{"href":"https:\/\/www.autonvaraosahaku.fi\/index.php?rest_route=\/wp\/v2\/types\/product"}],"wp:attachment":[{"href":"https:\/\/www.autonvaraosahaku.fi\/index.php?rest_route=%2Fwp%2Fv2%2Fmedia&parent=75557"}],"wp:term":[{"taxonomy":"pwb-brand","embeddable":true,"href":"https:\/\/www.autonvaraosahaku.fi\/index.php?rest_route=%2Fwp%2Fv2%2Fpwb-brand&post=75557"},{"taxonomy":"product_cat","embeddable":true,"href":"https:\/\/www.autonvaraosahaku.fi\/index.php?rest_route=%2Fwp%2Fv2%2Fproduct_cat&post=75557"},{"taxonomy":"product_tag","embeddable":true,"href":"https:\/\/www.autonvaraosahaku.fi\/index.php?rest_route=%2Fwp%2Fv2%2Fproduct_tag&post=75557"}],"curies":[{"name":"wp","href":"https:\/\/api.w.org\/{rel}","templated":true}]}}