{"id":7558,"date":"2021-02-21T14:00:29","date_gmt":"2021-02-21T14:00:29","guid":{"rendered":"https:\/\/www.autonvaraosahaku.fi\/?product=valeo-578560-pyyhkijansulat"},"modified":"2021-02-21T14:00:31","modified_gmt":"2021-02-21T14:00:31","slug":"valeo-578560-pyyhkijansulat","status":"publish","type":"product","link":"https:\/\/www.autonvaraosahaku.fi\/?product=valeo-578560-pyyhkijansulat","title":{"rendered":"VALEO 578560 Pyyhkij\u00e4nsulat"},"content":{"rendered":"<p>Asennuspuoli: Takana; M\u00e4\u00e4r\u00e4: 1; Pituus (mm): 240; Pituus (tuumaa): 9; Lis\u00e4adapteri: R,T; Paino [kg]: 0,07; Tuotelinja: HYDROCONNECT; Pyyhkij\u00e4nsulkatyyppi: Rungottomat; Valmistusvuosi alkaen: 10\/2010; VW: UP,SCIROCCO 137, 138,LOAD UP; SKODA: CITIGO; SEAT: Mii KF1_; MERCEDES-BENZ: A-CLASS W176; MINI: MINI COUNTRYMAN F60; FORD: KA; CITRO\u00cbN: C5 III Break TD_; RENAULT: CLIO IV,CLIO Grandtour IV,CLIO III Kasten SB_, SR_; 642334, 1768200545, 287909786R, 1S6955427, 1S6955427, 1K8955427C, 1S6955427; Tuulilasinpyyhkimet,Pyyhkij\u00e4t,Pyyhkij\u00e4nsulka<\/p>\n","protected":false},"excerpt":{"rendered":"<p>VALEO Pyyhkij\u00e4nsulat 578560 Tuulilasinpyyhkimet,Pyyhkij\u00e4t VW,SKODA,SEAT,UP,SCIROCCO 137, 138,LOAD UP,CITIGO,Mii KF1_,A-CLASS W176,MINI COUNTRYMAN F60<\/p>\n","protected":false},"featured_media":0,"template":"","meta":{"site-sidebar-layout":"default","site-content-layout":"default","ast-global-header-display":"","ast-main-header-display":"","ast-hfb-above-header-display":"","ast-hfb-below-header-display":"","ast-hfb-mobile-header-display":"","site-post-title":"","ast-breadcrumbs-content":"","ast-featured-img":"","footer-sml-layout":"","theme-transparent-header-meta":"","adv-header-id-meta":"","stick-header-meta":"","header-above-stick-meta":"","header-main-stick-meta":"","header-below-stick-meta":""},"pwb-brand":[28],"product_cat":[33],"product_tag":[],"class_list":{"0":"post-7558","1":"product","2":"type-product","3":"status-publish","5":"pwb-brand-valeo","6":"product_cat-pyyhkijansulat","7":"desktop-align-left","8":"tablet-align-left","9":"mobile-align-left","11":"first","12":"instock","13":"product-type-external"},"brands":[{"id":28,"name":"VALEO","slug":"valeo"}],"_links":{"self":[{"href":"https:\/\/www.autonvaraosahaku.fi\/index.php?rest_route=\/wp\/v2\/product\/7558","targetHints":{"allow":["GET"]}}],"collection":[{"href":"https:\/\/www.autonvaraosahaku.fi\/index.php?rest_route=\/wp\/v2\/product"}],"about":[{"href":"https:\/\/www.autonvaraosahaku.fi\/index.php?rest_route=\/wp\/v2\/types\/product"}],"wp:attachment":[{"href":"https:\/\/www.autonvaraosahaku.fi\/index.php?rest_route=%2Fwp%2Fv2%2Fmedia&parent=7558"}],"wp:term":[{"taxonomy":"pwb-brand","embeddable":true,"href":"https:\/\/www.autonvaraosahaku.fi\/index.php?rest_route=%2Fwp%2Fv2%2Fpwb-brand&post=7558"},{"taxonomy":"product_cat","embeddable":true,"href":"https:\/\/www.autonvaraosahaku.fi\/index.php?rest_route=%2Fwp%2Fv2%2Fproduct_cat&post=7558"},{"taxonomy":"product_tag","embeddable":true,"href":"https:\/\/www.autonvaraosahaku.fi\/index.php?rest_route=%2Fwp%2Fv2%2Fproduct_tag&post=7558"}],"curies":[{"name":"wp","href":"https:\/\/api.w.org\/{rel}","templated":true}]}}