{"id":7561,"date":"2021-02-21T14:00:33","date_gmt":"2021-02-21T14:00:33","guid":{"rendered":"https:\/\/www.autonvaraosahaku.fi\/?product=monroe-376233sp-iskunvaimennin"},"modified":"2021-02-21T14:00:33","modified_gmt":"2021-02-21T14:00:33","slug":"monroe-376233sp-iskunvaimennin","status":"publish","type":"product","link":"https:\/\/www.autonvaraosahaku.fi\/?product=monroe-376233sp-iskunvaimennin","title":{"rendered":"MONROE 376233SP Iskunvaimennin"},"content":{"rendered":"<p>Iskunvaimennin tyyppi: Kaasupaine; Iskunvaimennusj\u00e4rjestelm\u00e4: Kaksiputki; Iskunvaimennin asennustapa: Silmukka alhaalla, Tappi ylh\u00e4\u00e4ll\u00e4; Paino [kg]: 1,900; Reik\u00e4-\u00d8 [mm]: 25,4; suurin pituus [mm]: 702; v\u00e4h. pituus [mm]: 470; Pakkauspituus [cm]: 60; Pakkausleveys [cm]: 7; Pakkauskorkeus [mm]: 7,2; Tullitariffinumero: 87088035; Tappil\u00e4pimitta [mm]: 11; Asennuspuoli: Hinterachse; VOLVO: V50 MW,C30,S40 II MS; 30683420, 30683422, 30683572, 30683573, 30714085, 30714087, 30714088, 30723047, 30723050, 30736768, 3M5118080ECA, 3M5118080GAD, 3M5118080GAF, 3M5118080GAG, 3M5118080GAH, 3M5118080GAJ, 3M5118080UBC, 3M5118080UBE, 3M5118080UBF, 3M5118080UBG, 3M5118080UBH, 3M5118080UCA, 3M5118097EAF, 3M5118097EAG, 3M5118097ECA, 3M5118097UCA, 4N5118080AAA, 4N5118080AAB, 4N5118080AAC, 4N5118097AAA, 4N5118097AAB; Iskarit,Iskunvaimennin<\/p>\n","protected":false},"excerpt":{"rendered":"<p>MONROE Iskunvaimentimet OESpectrum Premium 376233SP Iskarit,Iskunvaimennin VOLVO,V50 MW,C30,S40 II MS<\/p>\n","protected":false},"featured_media":0,"template":"","meta":{"site-sidebar-layout":"default","site-content-layout":"default","ast-global-header-display":"","ast-main-header-display":"","ast-hfb-above-header-display":"","ast-hfb-below-header-display":"","ast-hfb-mobile-header-display":"","site-post-title":"","ast-breadcrumbs-content":"","ast-featured-img":"","footer-sml-layout":"","theme-transparent-header-meta":"","adv-header-id-meta":"","stick-header-meta":"","header-above-stick-meta":"","header-main-stick-meta":"","header-below-stick-meta":""},"pwb-brand":[79],"product_cat":[80],"product_tag":[],"class_list":{"0":"post-7561","1":"product","2":"type-product","3":"status-publish","5":"pwb-brand-monroe","6":"product_cat-iskunvaimennin","7":"desktop-align-left","8":"tablet-align-left","9":"mobile-align-left","11":"first","12":"instock","13":"product-type-external"},"brands":[{"id":79,"name":"MONROE","slug":"monroe"}],"_links":{"self":[{"href":"https:\/\/www.autonvaraosahaku.fi\/index.php?rest_route=\/wp\/v2\/product\/7561","targetHints":{"allow":["GET"]}}],"collection":[{"href":"https:\/\/www.autonvaraosahaku.fi\/index.php?rest_route=\/wp\/v2\/product"}],"about":[{"href":"https:\/\/www.autonvaraosahaku.fi\/index.php?rest_route=\/wp\/v2\/types\/product"}],"wp:attachment":[{"href":"https:\/\/www.autonvaraosahaku.fi\/index.php?rest_route=%2Fwp%2Fv2%2Fmedia&parent=7561"}],"wp:term":[{"taxonomy":"pwb-brand","embeddable":true,"href":"https:\/\/www.autonvaraosahaku.fi\/index.php?rest_route=%2Fwp%2Fv2%2Fpwb-brand&post=7561"},{"taxonomy":"product_cat","embeddable":true,"href":"https:\/\/www.autonvaraosahaku.fi\/index.php?rest_route=%2Fwp%2Fv2%2Fproduct_cat&post=7561"},{"taxonomy":"product_tag","embeddable":true,"href":"https:\/\/www.autonvaraosahaku.fi\/index.php?rest_route=%2Fwp%2Fv2%2Fproduct_tag&post=7561"}],"curies":[{"name":"wp","href":"https:\/\/api.w.org\/{rel}","templated":true}]}}