{"id":75663,"date":"2021-02-21T19:41:03","date_gmt":"2021-02-21T19:41:03","guid":{"rendered":"https:\/\/www.autonvaraosahaku.fi\/?product=ferodo-fmk207-jarrukengat"},"modified":"2021-02-21T19:41:09","modified_gmt":"2021-02-21T19:41:09","slug":"ferodo-fmk207-jarrukengat","status":"publish","type":"product","link":"https:\/\/www.autonvaraosahaku.fi\/?product=ferodo-fmk207-jarrukengat","title":{"rendered":"FERODO FMK207 Jarrukeng\u00e4t"},"content":{"rendered":"<p>Leveys (mm): 32; Paino [kg]: 1,78; Rumpul\u00e4pimitta: 180; Ulkol\u00e4pimitta [mm]: 180; Asennusmalli: Esiasennettu; Lis\u00e4tarvike\/lis\u00e4tieto: Py\u00f6r\u00e4n jarrun sylinterill\u00e4; J\u00e4lkis\u00e4\u00e4t\u00f6: Automaattisella s\u00e4\u00e4d\u00f6ll\u00e4; Jarruj\u00e4rjestelm\u00e4: BENDIX; Sylinterim\u00e4nn\u00e4n halkaisija [mm]: 20,6; Pakkauspituus [cm]: 18,4; Pakkausleveys [cm]: 16,8; Pakkauskorkeus [mm]: 9,8; Tuotelinja: MAXI KIT; Valmistusvuosi alkaen: 07\/1992; CITRO\u00cbN: XSARA N1,XSARA Break N2,XSARA Coupe N0,ZX N2,ZX Break N2; PEUGEOT: 306 Schr\u00e4gheck 7A, 7C, N3, N5,306 Cabriolet 7D, N3, N5,306 Break 7E, N3, N5,306 7B, N3, N5,306 Van N_, 7_; 42415Y, 42416F, 424206, 424226, 95668071, 424106F, 42413L, 42418R, 424205, 424206, 424226, 4242O6<\/p>\n","protected":false},"excerpt":{"rendered":"<p>FERODO Jarrukenk\u00e4sarja, Rumpujarru FMK207  CITRO\u00cbN,PEUGEOT,XSARA N1,XSARA Break N2,XSARA Coupe N0,ZX N2,ZX Break N2,306 Schr\u00e4gheck 7A, 7C, N3, N5<\/p>\n","protected":false},"featured_media":0,"template":"","meta":{"site-sidebar-layout":"default","site-content-layout":"default","ast-global-header-display":"","ast-main-header-display":"","ast-hfb-above-header-display":"","ast-hfb-below-header-display":"","ast-hfb-mobile-header-display":"","site-post-title":"","ast-breadcrumbs-content":"","ast-featured-img":"","footer-sml-layout":"","theme-transparent-header-meta":"","adv-header-id-meta":"","stick-header-meta":"","header-above-stick-meta":"","header-main-stick-meta":"","header-below-stick-meta":""},"pwb-brand":[298],"product_cat":[176],"product_tag":[],"class_list":{"0":"post-75663","1":"product","2":"type-product","3":"status-publish","5":"pwb-brand-ferodo","6":"product_cat-jarrukengat","7":"desktop-align-left","8":"tablet-align-left","9":"mobile-align-left","11":"first","12":"instock","13":"product-type-external"},"brands":[{"id":298,"name":"FERODO","slug":"ferodo"}],"_links":{"self":[{"href":"https:\/\/www.autonvaraosahaku.fi\/index.php?rest_route=\/wp\/v2\/product\/75663","targetHints":{"allow":["GET"]}}],"collection":[{"href":"https:\/\/www.autonvaraosahaku.fi\/index.php?rest_route=\/wp\/v2\/product"}],"about":[{"href":"https:\/\/www.autonvaraosahaku.fi\/index.php?rest_route=\/wp\/v2\/types\/product"}],"wp:attachment":[{"href":"https:\/\/www.autonvaraosahaku.fi\/index.php?rest_route=%2Fwp%2Fv2%2Fmedia&parent=75663"}],"wp:term":[{"taxonomy":"pwb-brand","embeddable":true,"href":"https:\/\/www.autonvaraosahaku.fi\/index.php?rest_route=%2Fwp%2Fv2%2Fpwb-brand&post=75663"},{"taxonomy":"product_cat","embeddable":true,"href":"https:\/\/www.autonvaraosahaku.fi\/index.php?rest_route=%2Fwp%2Fv2%2Fproduct_cat&post=75663"},{"taxonomy":"product_tag","embeddable":true,"href":"https:\/\/www.autonvaraosahaku.fi\/index.php?rest_route=%2Fwp%2Fv2%2Fproduct_tag&post=75663"}],"curies":[{"name":"wp","href":"https:\/\/api.w.org\/{rel}","templated":true}]}}