{"id":75680,"date":"2021-02-21T19:41:10","date_gmt":"2021-02-21T19:41:10","guid":{"rendered":"https:\/\/www.autonvaraosahaku.fi\/?product=ajusa-01231200-pakosarjan-tiivisteet"},"modified":"2021-02-21T19:41:15","modified_gmt":"2021-02-21T19:41:15","slug":"ajusa-01231200-pakosarjan-tiivisteet","status":"publish","type":"product","link":"https:\/\/www.autonvaraosahaku.fi\/?product=ajusa-01231200-pakosarjan-tiivisteet","title":{"rendered":"AJUSA 01231200 Pakosarjan tiivisteet"},"content":{"rendered":"<p>Asennuspuoli: Poistopuoli; Korkeus (mm): 0,8; Leveys (mm): 80; Pituus (mm): 123; lis\u00e4tieto: MULTILAYER STEEL; Tarvittava kappalem\u00e4\u00e4r\u00e4: 2; KIA: SPORTAGE SL,CEE&#8217;D SW ED,CEE&#8217;D Schr\u00e4gheck ED,SPORTAGE JE_, KM_,VENGA YN,SORENTO II XM,RIO III UB,CEE&#8217;D JD,CARENS III UN,CARNIVAL \/ GRAND CARNIVAL III VQ,CEE`D Sportswagon JD,PRO CEE&#8217;D ED,CARENS IV,SOUL AM,CERATO LD,MAGENTIS MG,PRO CEE\u00b4D JD,CERATO Stufenheck LD,OPTIMA,SPORTAGE QL,K2500 SD,CERATO II Stufenheck TD,SORENTO III,SOUL II PS,BONGO Pritsche\/Fahrgestell,CERATO YD Stufenheck,CERATO KOUP TD,CADENZA,CEE&#8217;D Combi Van JD; HYUNDAI: ix35 LM, EL, ELH,i30 FD,i20 PB, PBT,i30 CW FD,i40 CW VF,SANTA F\u00c9 II CM,i30 GD,ix20 JC,i30 CW GD,COUPE GK,H-1 Travel TQ,TRAJET FO,SONATA V NF,SANTA F\u00c9 III DM,i30 Coupe,GENESIS Coupe,VELOSTER FS,i40 VF,H-1 Kasten,H-1 Cargo TQ,H-1 \/ STAREX,GRANDEUR TG,GRAND SANTA F\u00c9,TUCSON,ELANTRA Stufenheck MD, UD,i20 GB,TIBURON Coupe,ELANTRA Stufenheck HD,SONATA VI YF,H-1 Pritsche\/Fahrgestell,i30 PDE,PORTER Pritsche\/Fahrgestell,GRANDEUR HG,H350 Bus,i30 Kombi PDE,H350 Kasten,i20 ACTIVE GB,i20 Coupe,GENESIS DH,i30 FASTBACK PDE,H350 Pritsche\/Fahrgestell; 287512B300, 287513S100, 287511M100, 287512B300, 287512T100, 2876434250; Tiiviste, Pakoputki<\/p>\n","protected":false},"excerpt":{"rendered":"<p>AJUSA Pakoputken Tiiviste 01231200 Tiiviste, Pakoputki KIA,HYUNDAI,SPORTAGE SL,CEE&#8217;D SW ED,CEE&#8217;D Schr\u00e4gheck ED,SPORTAGE JE_, KM_,VENGA YN<\/p>\n","protected":false},"featured_media":0,"template":"","meta":{"site-sidebar-layout":"default","site-content-layout":"default","ast-global-header-display":"","ast-main-header-display":"","ast-hfb-above-header-display":"","ast-hfb-below-header-display":"","ast-hfb-mobile-header-display":"","site-post-title":"","ast-breadcrumbs-content":"","ast-featured-img":"","footer-sml-layout":"","theme-transparent-header-meta":"","adv-header-id-meta":"","stick-header-meta":"","header-above-stick-meta":"","header-main-stick-meta":"","header-below-stick-meta":""},"pwb-brand":[211],"product_cat":[123],"product_tag":[],"class_list":{"0":"post-75680","1":"product","2":"type-product","3":"status-publish","5":"pwb-brand-ajusa","6":"product_cat-pakosarjan-tiivisteet","7":"desktop-align-left","8":"tablet-align-left","9":"mobile-align-left","11":"first","12":"instock","13":"product-type-external"},"brands":[{"id":211,"name":"AJUSA","slug":"ajusa"}],"_links":{"self":[{"href":"https:\/\/www.autonvaraosahaku.fi\/index.php?rest_route=\/wp\/v2\/product\/75680","targetHints":{"allow":["GET"]}}],"collection":[{"href":"https:\/\/www.autonvaraosahaku.fi\/index.php?rest_route=\/wp\/v2\/product"}],"about":[{"href":"https:\/\/www.autonvaraosahaku.fi\/index.php?rest_route=\/wp\/v2\/types\/product"}],"wp:attachment":[{"href":"https:\/\/www.autonvaraosahaku.fi\/index.php?rest_route=%2Fwp%2Fv2%2Fmedia&parent=75680"}],"wp:term":[{"taxonomy":"pwb-brand","embeddable":true,"href":"https:\/\/www.autonvaraosahaku.fi\/index.php?rest_route=%2Fwp%2Fv2%2Fpwb-brand&post=75680"},{"taxonomy":"product_cat","embeddable":true,"href":"https:\/\/www.autonvaraosahaku.fi\/index.php?rest_route=%2Fwp%2Fv2%2Fproduct_cat&post=75680"},{"taxonomy":"product_tag","embeddable":true,"href":"https:\/\/www.autonvaraosahaku.fi\/index.php?rest_route=%2Fwp%2Fv2%2Fproduct_tag&post=75680"}],"curies":[{"name":"wp","href":"https:\/\/api.w.org\/{rel}","templated":true}]}}