{"id":75683,"date":"2021-02-21T19:41:10","date_gmt":"2021-02-21T19:41:10","guid":{"rendered":"https:\/\/www.autonvaraosahaku.fi\/?product=a-b-s-k19605-kasijarruvaijeri"},"modified":"2021-02-21T19:41:16","modified_gmt":"2021-02-21T19:41:16","slug":"a-b-s-k19605-kasijarruvaijeri","status":"publish","type":"product","link":"https:\/\/www.autonvaraosahaku.fi\/?product=a-b-s-k19605-kasijarruvaijeri","title":{"rendered":"A.B.S. K19605 K\u00e4sijarruvaijeri"},"content":{"rendered":"<p>Paino [kg]: 1,12; Pituus, sis\u00e4 (mm): 1645, 1640; Pituus, ulko (mm): 1432; Vasen \/ oikea liikenne: Oikean-\/vasemmanpuolinen ohjaus; Rakennemalli: 6; MAZDA: 6 Station Wagon GY,6 Hatchback GG,6 GG,6 Schr\u00e4gheck GH; G22C44410C, GJ6A44410A, GJ6A44410B, GJ6A44410C; Jarruvaijeri,Vaijeri, K\u00e4sijarru<\/p>\n","protected":false},"excerpt":{"rendered":"<p>A.B.S. K\u00e4sijarruvaijeri K19605 Jarruvaijeri,Vaijeri, K\u00e4sijarru MAZDA,6 Station Wagon GY,6 Hatchback GG,6 GG,6 Schr\u00e4gheck GH<\/p>\n","protected":false},"featured_media":0,"template":"","meta":{"site-sidebar-layout":"default","site-content-layout":"default","ast-global-header-display":"","ast-main-header-display":"","ast-hfb-above-header-display":"","ast-hfb-below-header-display":"","ast-hfb-mobile-header-display":"","site-post-title":"","ast-breadcrumbs-content":"","ast-featured-img":"","footer-sml-layout":"","theme-transparent-header-meta":"","adv-header-id-meta":"","stick-header-meta":"","header-above-stick-meta":"","header-main-stick-meta":"","header-below-stick-meta":""},"pwb-brand":[326],"product_cat":[210],"product_tag":[],"class_list":{"0":"post-75683","1":"product","2":"type-product","3":"status-publish","5":"pwb-brand-a-b-s","6":"product_cat-kasijarruvaijeri","7":"desktop-align-left","8":"tablet-align-left","9":"mobile-align-left","11":"first","12":"instock","13":"product-type-external"},"brands":[{"id":326,"name":"A.B.S.","slug":"a-b-s"}],"_links":{"self":[{"href":"https:\/\/www.autonvaraosahaku.fi\/index.php?rest_route=\/wp\/v2\/product\/75683","targetHints":{"allow":["GET"]}}],"collection":[{"href":"https:\/\/www.autonvaraosahaku.fi\/index.php?rest_route=\/wp\/v2\/product"}],"about":[{"href":"https:\/\/www.autonvaraosahaku.fi\/index.php?rest_route=\/wp\/v2\/types\/product"}],"wp:attachment":[{"href":"https:\/\/www.autonvaraosahaku.fi\/index.php?rest_route=%2Fwp%2Fv2%2Fmedia&parent=75683"}],"wp:term":[{"taxonomy":"pwb-brand","embeddable":true,"href":"https:\/\/www.autonvaraosahaku.fi\/index.php?rest_route=%2Fwp%2Fv2%2Fpwb-brand&post=75683"},{"taxonomy":"product_cat","embeddable":true,"href":"https:\/\/www.autonvaraosahaku.fi\/index.php?rest_route=%2Fwp%2Fv2%2Fproduct_cat&post=75683"},{"taxonomy":"product_tag","embeddable":true,"href":"https:\/\/www.autonvaraosahaku.fi\/index.php?rest_route=%2Fwp%2Fv2%2Fproduct_tag&post=75683"}],"curies":[{"name":"wp","href":"https:\/\/api.w.org\/{rel}","templated":true}]}}