{"id":7569,"date":"2021-02-21T14:00:33","date_gmt":"2021-02-21T14:00:33","guid":{"rendered":"https:\/\/www.autonvaraosahaku.fi\/?product=topran-116-021-lasinnostimen-kytkin"},"modified":"2021-02-21T14:00:34","modified_gmt":"2021-02-21T14:00:34","slug":"topran-116-021-lasinnostimen-kytkin","status":"publish","type":"product","link":"https:\/\/www.autonvaraosahaku.fi\/?product=topran-116-021-lasinnostimen-kytkin","title":{"rendered":"TOPRAN 116 021 Lasinnostimen kytkin"},"content":{"rendered":"<p>Varusteet: ajon. s\u00e4hk\u00f6-ikkunanostimilla edess\u00e4 ja takana; Asennuspuoli: Edess\u00e4, Etu, vasen, Ajoneuvo-ovi; V\u00e4ri: Musta; V\u00e4rikoodi: 5PR; Vasen \/ oikea liikenne: Oikean-\/vasemmanpuolinen ohjaus; K\u00e4ytt\u00f6tapa: Vipukytkin; Kotelomateriaali: Muovi; Yhdistelm\u00e4kytkintoiminto: Turvakytkint\u00e4; Asennusmalli: Liitin; Moottorinumero: BGB; AUDI: A4 Avant 8ED, B7,A4 8EC, B7; SEAT: EXEO ST 3R5,EXEO 3R2; 8E0959851B, 8E0959851B5PR, 8E0959851D, 8E0959851D5PR, 8E0959851B, 8E0959851B5PR, 8E0959851D, 8E0959851D5PR; Kytkin, Lasinnostin<\/p>\n","protected":false},"excerpt":{"rendered":"<p>TOPRAN Lasinnostimen Kytkin 116 021 Kytkin, Lasinnostin AUDI,SEAT,A4 Avant 8ED, B7,A4 8EC, B7,EXEO ST 3R5,EXEO 3R2<\/p>\n","protected":false},"featured_media":0,"template":"","meta":{"site-sidebar-layout":"default","site-content-layout":"default","ast-global-header-display":"","ast-main-header-display":"","ast-hfb-above-header-display":"","ast-hfb-below-header-display":"","ast-hfb-mobile-header-display":"","site-post-title":"","ast-breadcrumbs-content":"","ast-featured-img":"","footer-sml-layout":"","theme-transparent-header-meta":"","adv-header-id-meta":"","stick-header-meta":"","header-above-stick-meta":"","header-main-stick-meta":"","header-below-stick-meta":""},"pwb-brand":[18],"product_cat":[135],"product_tag":[],"class_list":{"0":"post-7569","1":"product","2":"type-product","3":"status-publish","5":"pwb-brand-topran","6":"product_cat-lasinnostimen-kytkin","7":"desktop-align-left","8":"tablet-align-left","9":"mobile-align-left","11":"first","12":"instock","13":"product-type-external"},"brands":[{"id":18,"name":"TOPRAN","slug":"topran"}],"_links":{"self":[{"href":"https:\/\/www.autonvaraosahaku.fi\/index.php?rest_route=\/wp\/v2\/product\/7569","targetHints":{"allow":["GET"]}}],"collection":[{"href":"https:\/\/www.autonvaraosahaku.fi\/index.php?rest_route=\/wp\/v2\/product"}],"about":[{"href":"https:\/\/www.autonvaraosahaku.fi\/index.php?rest_route=\/wp\/v2\/types\/product"}],"wp:attachment":[{"href":"https:\/\/www.autonvaraosahaku.fi\/index.php?rest_route=%2Fwp%2Fv2%2Fmedia&parent=7569"}],"wp:term":[{"taxonomy":"pwb-brand","embeddable":true,"href":"https:\/\/www.autonvaraosahaku.fi\/index.php?rest_route=%2Fwp%2Fv2%2Fpwb-brand&post=7569"},{"taxonomy":"product_cat","embeddable":true,"href":"https:\/\/www.autonvaraosahaku.fi\/index.php?rest_route=%2Fwp%2Fv2%2Fproduct_cat&post=7569"},{"taxonomy":"product_tag","embeddable":true,"href":"https:\/\/www.autonvaraosahaku.fi\/index.php?rest_route=%2Fwp%2Fv2%2Fproduct_tag&post=7569"}],"curies":[{"name":"wp","href":"https:\/\/api.w.org\/{rel}","templated":true}]}}