{"id":75691,"date":"2021-02-21T19:41:17","date_gmt":"2021-02-21T19:41:17","guid":{"rendered":"https:\/\/www.autonvaraosahaku.fi\/?product=a-b-s-9215-jarrukengat"},"modified":"2021-02-21T19:41:19","modified_gmt":"2021-02-21T19:41:19","slug":"a-b-s-9215-jarrukengat","status":"publish","type":"product","link":"https:\/\/www.autonvaraosahaku.fi\/?product=a-b-s-9215-jarrukengat","title":{"rendered":"A.B.S. 9215 Jarrukeng\u00e4t"},"content":{"rendered":"<p>L\u00e4pimitta [mm]: 228; Leveys (mm): 42,5; Jarruj\u00e4rjestelm\u00e4: LOCKHEED; Paino [kg]: 2,02; Asennuspuoli: Hinterachse; OPEL: CORSA D,ADAM,CORSA D Van,CORSA E,CORSA E Van; FIAT: GRANDE PUNTO 199,PUNTO EVO 199,500 C 312,PUNTO 199,QUBO 225,FIORINO Kasten\/Kombi 225,LINEA 323,PUNTO Van 199,GRANDE PUNTO Van 199_,PUNTO EVO Van 199_; VAUXHALL: CORSA Mk III D L_8,ADAM,CORSAVAN Mk III D,CORSA Mk IV E; 6001073074, 77363858, 77364264, 77366796, 77366797, 1605108, 1605290, 1605459, 93168957, 93190003, 95517923, 93168957, 93190003, 95517923; Jarrukenk\u00e4sarja<\/p>\n","protected":false},"excerpt":{"rendered":"<p>A.B.S. Jarrukeng\u00e4t 9215 Jarrukenk\u00e4sarja OPEL,FIAT,VAUXHALL,CORSA D,ADAM,CORSA D Van,CORSA E,CORSA E Van,GRANDE PUNTO 199,PUNTO EVO 199,500 C 312<\/p>\n","protected":false},"featured_media":0,"template":"","meta":{"site-sidebar-layout":"default","site-content-layout":"default","ast-global-header-display":"","ast-main-header-display":"","ast-hfb-above-header-display":"","ast-hfb-below-header-display":"","ast-hfb-mobile-header-display":"","site-post-title":"","ast-breadcrumbs-content":"","ast-featured-img":"","footer-sml-layout":"","theme-transparent-header-meta":"","adv-header-id-meta":"","stick-header-meta":"","header-above-stick-meta":"","header-main-stick-meta":"","header-below-stick-meta":""},"pwb-brand":[326],"product_cat":[176],"product_tag":[],"class_list":{"0":"post-75691","1":"product","2":"type-product","3":"status-publish","5":"pwb-brand-a-b-s","6":"product_cat-jarrukengat","7":"desktop-align-left","8":"tablet-align-left","9":"mobile-align-left","11":"first","12":"instock","13":"product-type-external"},"brands":[{"id":326,"name":"A.B.S.","slug":"a-b-s"}],"_links":{"self":[{"href":"https:\/\/www.autonvaraosahaku.fi\/index.php?rest_route=\/wp\/v2\/product\/75691","targetHints":{"allow":["GET"]}}],"collection":[{"href":"https:\/\/www.autonvaraosahaku.fi\/index.php?rest_route=\/wp\/v2\/product"}],"about":[{"href":"https:\/\/www.autonvaraosahaku.fi\/index.php?rest_route=\/wp\/v2\/types\/product"}],"wp:attachment":[{"href":"https:\/\/www.autonvaraosahaku.fi\/index.php?rest_route=%2Fwp%2Fv2%2Fmedia&parent=75691"}],"wp:term":[{"taxonomy":"pwb-brand","embeddable":true,"href":"https:\/\/www.autonvaraosahaku.fi\/index.php?rest_route=%2Fwp%2Fv2%2Fpwb-brand&post=75691"},{"taxonomy":"product_cat","embeddable":true,"href":"https:\/\/www.autonvaraosahaku.fi\/index.php?rest_route=%2Fwp%2Fv2%2Fproduct_cat&post=75691"},{"taxonomy":"product_tag","embeddable":true,"href":"https:\/\/www.autonvaraosahaku.fi\/index.php?rest_route=%2Fwp%2Fv2%2Fproduct_tag&post=75691"}],"curies":[{"name":"wp","href":"https:\/\/api.w.org\/{rel}","templated":true}]}}