{"id":75712,"date":"2021-02-21T19:41:24","date_gmt":"2021-02-21T19:41:24","guid":{"rendered":"https:\/\/www.autonvaraosahaku.fi\/?product=swag-30-93-7764-hammastangon-suojakumi"},"modified":"2021-02-21T19:41:27","modified_gmt":"2021-02-21T19:41:27","slug":"swag-30-93-7764-hammastangon-suojakumi","status":"publish","type":"product","link":"https:\/\/www.autonvaraosahaku.fi\/?product=swag-30-93-7764-hammastangon-suojakumi","title":{"rendered":"SWAG 30 93 7764 Hammastangon suojakumi"},"content":{"rendered":"<p>Pituus (mm): 186; Materiaali: Thermoplast; Asennuspuoli: etuakseli molemminpuoleinen; Korkeus (mm): 186; Paino [kg]: 0,135; Sis\u00e4l\u00e4pimitta 1 [mm]: 15; Sis\u00e4l\u00e4pimitta 2 [mm]: 49,5, 49,5; Moottorinumero: AGN; VW: GOLF IV 1J1,GOLF IV Variant 1J5,BORA 1J2,NEW BEETLE 9C1, 1C1,BORA Kombi 1J6,NEW BEETLE Cabriolet 1Y7,BORA,GOLF IV Van 1J1; AUDI: A3 8L1; SKODA: OCTAVIA Combi 1U5,OCTAVIA 1U2; SEAT: LEON 1M1,TOLEDO II 1M2; 1J0422831, 1J0422831B, 1J0422831BS1, 1J0422831, 1J0422831B, 1J0422831BS1, 1J0422831, 1J0422831B, 1J0422831BS1, 1J0422831, 1J0422831B, 1J0422831BS1<\/p>\n","protected":false},"excerpt":{"rendered":"<p>SWAG Paljekumisarja, Ohjaus 30 93 7764  VW,AUDI,SKODA,GOLF IV 1J1,GOLF IV Variant 1J5,BORA 1J2,NEW BEETLE 9C1, 1C1,BORA Kombi 1J6<\/p>\n","protected":false},"featured_media":0,"template":"","meta":{"site-sidebar-layout":"default","site-content-layout":"default","ast-global-header-display":"","ast-main-header-display":"","ast-hfb-above-header-display":"","ast-hfb-below-header-display":"","ast-hfb-mobile-header-display":"","site-post-title":"","ast-breadcrumbs-content":"","ast-featured-img":"","footer-sml-layout":"","theme-transparent-header-meta":"","adv-header-id-meta":"","stick-header-meta":"","header-above-stick-meta":"","header-main-stick-meta":"","header-below-stick-meta":""},"pwb-brand":[103],"product_cat":[81],"product_tag":[],"class_list":{"0":"post-75712","1":"product","2":"type-product","3":"status-publish","5":"pwb-brand-swag","6":"product_cat-hammastangon-suojakumi","7":"desktop-align-left","8":"tablet-align-left","9":"mobile-align-left","11":"first","12":"instock","13":"product-type-external"},"brands":[{"id":103,"name":"SWAG","slug":"swag"}],"_links":{"self":[{"href":"https:\/\/www.autonvaraosahaku.fi\/index.php?rest_route=\/wp\/v2\/product\/75712","targetHints":{"allow":["GET"]}}],"collection":[{"href":"https:\/\/www.autonvaraosahaku.fi\/index.php?rest_route=\/wp\/v2\/product"}],"about":[{"href":"https:\/\/www.autonvaraosahaku.fi\/index.php?rest_route=\/wp\/v2\/types\/product"}],"wp:attachment":[{"href":"https:\/\/www.autonvaraosahaku.fi\/index.php?rest_route=%2Fwp%2Fv2%2Fmedia&parent=75712"}],"wp:term":[{"taxonomy":"pwb-brand","embeddable":true,"href":"https:\/\/www.autonvaraosahaku.fi\/index.php?rest_route=%2Fwp%2Fv2%2Fpwb-brand&post=75712"},{"taxonomy":"product_cat","embeddable":true,"href":"https:\/\/www.autonvaraosahaku.fi\/index.php?rest_route=%2Fwp%2Fv2%2Fproduct_cat&post=75712"},{"taxonomy":"product_tag","embeddable":true,"href":"https:\/\/www.autonvaraosahaku.fi\/index.php?rest_route=%2Fwp%2Fv2%2Fproduct_tag&post=75712"}],"curies":[{"name":"wp","href":"https:\/\/api.w.org\/{rel}","templated":true}]}}