{"id":7572,"date":"2021-02-21T14:00:33","date_gmt":"2021-02-21T14:00:33","guid":{"rendered":"https:\/\/www.autonvaraosahaku.fi\/?product=valeo-032105-lamput-hehkulamppu"},"modified":"2021-02-21T14:00:34","modified_gmt":"2021-02-21T14:00:34","slug":"valeo-032105-lamput-hehkulamppu","status":"publish","type":"product","link":"https:\/\/www.autonvaraosahaku.fi\/?product=valeo-032105-lamput-hehkulamppu","title":{"rendered":"VALEO 032105 Lamput (hehkulamppu)"},"content":{"rendered":"<p>Lamppumalli: P21\/4W; J\u00e4nnite (V): 12; Nimellisteho (W): 21\/4; Kantamalli: BAZ15d; lis\u00e4tieto: ESSENTIAL; Valmistusvuosi alkaen: 09\/1992; VW: POLO 9N_,PASSAT Variant 3B6,CADDY III Kombi 2KB, 2KJ, 2CB, 2CJ,TRANSPORTER V Bus 7HB, 7HJ, 7EB, 7EJ, 7EF,TOUAREG 7LA, 7L6, 7L7,MULTIVAN V 7HM, 7HN, 7HF, 7EF, 7EM, 7EN,UP,CADDY III Kasten 2KA, 2KH, 2CA, 2CH,GOLF III Cabriolet 1E7,TRANSPORTER V Kasten 7HA, 7HH, 7EA, 7EH,PASSAT 3B3,GOLF III Variant 1H5,TRANSPORTER V Pritsche\/Fahrgestell 7JD, 7JE, 7JL, 7JY, 7JZ,,TRANSPORTER VI Kasten SGA, SGH,LOAD UP; LADA: NIVA II 2123,KALINA Kombi 1117,KALINA Schr\u00e4gheck 1119,111 2111,110 2110,KALINA Stufenheck 1118,112 2112,PRIORA Schr\u00e4gheck 2172,KALINA Kombi 2194,KALINA Schr\u00e4gheck 2192; SKODA: OCTAVIA Combi 1Z5,FABIA Combi 6Y5,FABIA,FABIA 6Y2,FABIA Combi,OCTAVIA 1Z3,OCTAVIA 1U2,CITIGO,SUPERB 3U4,RAPID Spaceback NH1,FABIA Stufenheck 6Y3,RAPID NH3,FABIA Praktik,FABIA NJ3,FABIA Kombi NJ5; MERCEDES-BENZ: C-CLASS W203,A-CLASS W169,A-CLASS W168,C-CLASS T-Model S203,C-CLASS W202,E-CLASS W210,C-CLASS Coupe CL203,M-CLASS W163,E-CLASS Kombi S210,CLK C208,SL R129,CLK C209,C-CLASS Kombi S202,S-CLASS W220,VANEO 414,SL R230,CLK Cabriolet A208,CLK Cabriolet A209,S-CLASS W140,S-CLASS Coupe C215; JAGUAR: S-TYPE CCX; OPEL: ASTRA G CC F48_, F08_,ASTRA G Caravan F35_,MERIVA B,VECTRA B 36_,ASTRA F CC 53_, 54_, 58_, 59_,OMEGA B Caravan 21_, 22_, 23_,OMEGA B 25_, 26_, 27_,VECTRA B Caravan 31_,ASTRA F Caravan 51_, 52_,ASTRA G Stufenheck F69_,VECTRA B CC 38_,VECTRA A 86_, 87_,ASTRA F Cabriolet 53_B,ASTRA F 56_, 57_,VECTRA A CC 88_, 89_,COMBO Kasten\/Kombi X12,COMBO 71_,COMBO Tour X12,OMEGA A Caravan 66_, 67_,ASTRA F CLASSIC CC,ASTRA F CLASSIC Stufenheck,ASTRA F CLASSIC Caravan,ASTRA F Van 55_; TOYOTA: PROACE Kasten MDZ_,PROACE Pritsche\/Fahrgestell MDZ_; BMW: 3 E46,3 Touring E46,3 Coupe E46,3 E36,3 Cabriolet E46,3 Coupe E36,3 Cabriolet E36; VOLVO: V40 Kombi VW,V70 II SW,XC90 I,V70 I LV,S60 I,850 Kombi LW,C30,S80 I TS, XY,XC70 CROSS COUNTRY,850 LS,S70 LS; SAAB: 9000 Schr\u00e4gheck,9000<\/p>\n","protected":false},"excerpt":{"rendered":"<p>VALEO Polttimo, Jarru-\/Takavalo 032105  VW,LADA,SKODA,POLO 9N_,PASSAT Variant 3B6,CADDY III Kombi 2KB, 2KJ, 2CB, 2CJ<\/p>\n","protected":false},"featured_media":0,"template":"","meta":{"site-sidebar-layout":"default","site-content-layout":"default","ast-global-header-display":"","ast-main-header-display":"","ast-hfb-above-header-display":"","ast-hfb-below-header-display":"","ast-hfb-mobile-header-display":"","site-post-title":"","ast-breadcrumbs-content":"","ast-featured-img":"","footer-sml-layout":"","theme-transparent-header-meta":"","adv-header-id-meta":"","stick-header-meta":"","header-above-stick-meta":"","header-main-stick-meta":"","header-below-stick-meta":""},"pwb-brand":[28],"product_cat":[151],"product_tag":[],"class_list":{"0":"post-7572","1":"product","2":"type-product","3":"status-publish","5":"pwb-brand-valeo","6":"product_cat-lamput-hehkulamppu","7":"desktop-align-left","8":"tablet-align-left","9":"mobile-align-left","11":"first","12":"instock","13":"product-type-external"},"brands":[{"id":28,"name":"VALEO","slug":"valeo"}],"_links":{"self":[{"href":"https:\/\/www.autonvaraosahaku.fi\/index.php?rest_route=\/wp\/v2\/product\/7572","targetHints":{"allow":["GET"]}}],"collection":[{"href":"https:\/\/www.autonvaraosahaku.fi\/index.php?rest_route=\/wp\/v2\/product"}],"about":[{"href":"https:\/\/www.autonvaraosahaku.fi\/index.php?rest_route=\/wp\/v2\/types\/product"}],"wp:attachment":[{"href":"https:\/\/www.autonvaraosahaku.fi\/index.php?rest_route=%2Fwp%2Fv2%2Fmedia&parent=7572"}],"wp:term":[{"taxonomy":"pwb-brand","embeddable":true,"href":"https:\/\/www.autonvaraosahaku.fi\/index.php?rest_route=%2Fwp%2Fv2%2Fpwb-brand&post=7572"},{"taxonomy":"product_cat","embeddable":true,"href":"https:\/\/www.autonvaraosahaku.fi\/index.php?rest_route=%2Fwp%2Fv2%2Fproduct_cat&post=7572"},{"taxonomy":"product_tag","embeddable":true,"href":"https:\/\/www.autonvaraosahaku.fi\/index.php?rest_route=%2Fwp%2Fv2%2Fproduct_tag&post=7572"}],"curies":[{"name":"wp","href":"https:\/\/api.w.org\/{rel}","templated":true}]}}