{"id":75725,"date":"2021-02-21T19:41:31","date_gmt":"2021-02-21T19:41:31","guid":{"rendered":"https:\/\/www.autonvaraosahaku.fi\/?product=mapco-34893-iskunvaimentimen-suojakumi-pohjaanlyontikumi"},"modified":"2021-02-21T19:41:32","modified_gmt":"2021-02-21T19:41:32","slug":"mapco-34893-iskunvaimentimen-suojakumi-pohjaanlyontikumi","status":"publish","type":"product","link":"https:\/\/www.autonvaraosahaku.fi\/?product=mapco-34893-iskunvaimentimen-suojakumi-pohjaanlyontikumi","title":{"rendered":"MAPCO 34893 Iskunvaimentimen suojakumi &#038; pohjaanly\u00f6ntikumi"},"content":{"rendered":"<p>Asennuspuoli: Etuakseli, vasen, Etuakseli, oikea; Materiaali: Muovi; Tarvittava kappalem\u00e4\u00e4r\u00e4: 1; VW: CRAFTER 30-50 Kasten 2E_,CRAFTER 30-35 Bus 2E_,CRAFTER 30-50 Pritsche\/Fahrgestell 2F_; MERCEDES-BENZ: SPRINTER 3,5-t Kasten 906,SPRINTER 3,5-t Bus 906,SPRINTER 3-t Kasten 906,SPRINTER 3,5-t Pritsche\/Fahrgestell 906,SPRINTER 3-t Bus 906,SPRINTER 5-t Kasten 906,SPRINTER 5-t Pritsche\/Fahrgestell 906,SPRINTER 3-t Pritsche\/Fahrgestell 906,SPRINTER 4,6-t Pritsche\/Fahrgestell 906,SPRINTER 4,6-t Kasten 906; P\u00f6lysuojasarja, Iskunvaimennin<\/p>\n","protected":false},"excerpt":{"rendered":"<p>MAPCO Iskunvaimentimen Suojakumi 34893 P\u00f6lysuojasarja, Iskunvaimennin VW,MERCEDES-BENZ,CRAFTER 30-50 Kasten 2E_,CRAFTER 30-35 Bus 2E_<\/p>\n","protected":false},"featured_media":0,"template":"","meta":{"site-sidebar-layout":"default","site-content-layout":"default","ast-global-header-display":"","ast-main-header-display":"","ast-hfb-above-header-display":"","ast-hfb-below-header-display":"","ast-hfb-mobile-header-display":"","site-post-title":"","ast-breadcrumbs-content":"","ast-featured-img":"","footer-sml-layout":"","theme-transparent-header-meta":"","adv-header-id-meta":"","stick-header-meta":"","header-above-stick-meta":"","header-main-stick-meta":"","header-below-stick-meta":""},"pwb-brand":[36],"product_cat":[92],"product_tag":[],"class_list":{"0":"post-75725","1":"product","2":"type-product","3":"status-publish","5":"pwb-brand-mapco","6":"product_cat-iskunvaimentimen-suojakumi-pohjaanlyontikumi","7":"desktop-align-left","8":"tablet-align-left","9":"mobile-align-left","11":"first","12":"instock","13":"product-type-external"},"brands":[{"id":36,"name":"MAPCO","slug":"mapco"}],"_links":{"self":[{"href":"https:\/\/www.autonvaraosahaku.fi\/index.php?rest_route=\/wp\/v2\/product\/75725","targetHints":{"allow":["GET"]}}],"collection":[{"href":"https:\/\/www.autonvaraosahaku.fi\/index.php?rest_route=\/wp\/v2\/product"}],"about":[{"href":"https:\/\/www.autonvaraosahaku.fi\/index.php?rest_route=\/wp\/v2\/types\/product"}],"wp:attachment":[{"href":"https:\/\/www.autonvaraosahaku.fi\/index.php?rest_route=%2Fwp%2Fv2%2Fmedia&parent=75725"}],"wp:term":[{"taxonomy":"pwb-brand","embeddable":true,"href":"https:\/\/www.autonvaraosahaku.fi\/index.php?rest_route=%2Fwp%2Fv2%2Fpwb-brand&post=75725"},{"taxonomy":"product_cat","embeddable":true,"href":"https:\/\/www.autonvaraosahaku.fi\/index.php?rest_route=%2Fwp%2Fv2%2Fproduct_cat&post=75725"},{"taxonomy":"product_tag","embeddable":true,"href":"https:\/\/www.autonvaraosahaku.fi\/index.php?rest_route=%2Fwp%2Fv2%2Fproduct_tag&post=75725"}],"curies":[{"name":"wp","href":"https:\/\/api.w.org\/{rel}","templated":true}]}}