{"id":75727,"date":"2021-02-21T19:41:31","date_gmt":"2021-02-21T19:41:31","guid":{"rendered":"https:\/\/www.autonvaraosahaku.fi\/?product=topran-400-525-kytkin-ohjausakseli"},"modified":"2021-02-21T19:41:33","modified_gmt":"2021-02-21T19:41:33","slug":"topran-400-525-kytkin-ohjausakseli","status":"publish","type":"product","link":"https:\/\/www.autonvaraosahaku.fi\/?product=topran-400-525-kytkin-ohjausakseli","title":{"rendered":"TOPRAN 400 525 Kytkin ohjausakseli"},"content":{"rendered":"<p>Yhdistelm\u00e4kytkintoiminto: Vilkkutoiminta, Valomerkinantolaitteella, Valonvaihtajalla, Pesutoiminnalla, Aikav\u00e4li-pyyhint\u00e4; Alustanumerosta: A519674; MERCEDES-BENZ: C-CLASS W202,E-CLASS W210,E-CLASS Kombi S210,CLK C208,C-CLASS Kombi S202,CLK Cabriolet A208; 2085450010, A2085450010<\/p>\n","protected":false},"excerpt":{"rendered":"<p>TOPRAN Kytkin Ohjausakseli 400 525  MERCEDES-BENZ,C-CLASS W202,E-CLASS W210,E-CLASS Kombi S210,CLK C208,C-CLASS Kombi S202,CLK Cabriolet A208<\/p>\n","protected":false},"featured_media":0,"template":"","meta":{"site-sidebar-layout":"default","site-content-layout":"default","ast-global-header-display":"","ast-main-header-display":"","ast-hfb-above-header-display":"","ast-hfb-below-header-display":"","ast-hfb-mobile-header-display":"","site-post-title":"","ast-breadcrumbs-content":"","ast-featured-img":"","footer-sml-layout":"","theme-transparent-header-meta":"","adv-header-id-meta":"","stick-header-meta":"","header-above-stick-meta":"","header-main-stick-meta":"","header-below-stick-meta":""},"pwb-brand":[18],"product_cat":[65],"product_tag":[],"class_list":{"0":"post-75727","1":"product","2":"type-product","3":"status-publish","5":"pwb-brand-topran","6":"product_cat-kytkin-ohjausakseli","7":"desktop-align-left","8":"tablet-align-left","9":"mobile-align-left","11":"first","12":"instock","13":"product-type-external"},"brands":[{"id":18,"name":"TOPRAN","slug":"topran"}],"_links":{"self":[{"href":"https:\/\/www.autonvaraosahaku.fi\/index.php?rest_route=\/wp\/v2\/product\/75727","targetHints":{"allow":["GET"]}}],"collection":[{"href":"https:\/\/www.autonvaraosahaku.fi\/index.php?rest_route=\/wp\/v2\/product"}],"about":[{"href":"https:\/\/www.autonvaraosahaku.fi\/index.php?rest_route=\/wp\/v2\/types\/product"}],"wp:attachment":[{"href":"https:\/\/www.autonvaraosahaku.fi\/index.php?rest_route=%2Fwp%2Fv2%2Fmedia&parent=75727"}],"wp:term":[{"taxonomy":"pwb-brand","embeddable":true,"href":"https:\/\/www.autonvaraosahaku.fi\/index.php?rest_route=%2Fwp%2Fv2%2Fpwb-brand&post=75727"},{"taxonomy":"product_cat","embeddable":true,"href":"https:\/\/www.autonvaraosahaku.fi\/index.php?rest_route=%2Fwp%2Fv2%2Fproduct_cat&post=75727"},{"taxonomy":"product_tag","embeddable":true,"href":"https:\/\/www.autonvaraosahaku.fi\/index.php?rest_route=%2Fwp%2Fv2%2Fproduct_tag&post=75727"}],"curies":[{"name":"wp","href":"https:\/\/api.w.org\/{rel}","templated":true}]}}