{"id":75750,"date":"2021-02-21T19:41:38","date_gmt":"2021-02-21T19:41:38","guid":{"rendered":"https:\/\/www.autonvaraosahaku.fi\/?product=swag-20-93-2599-jaahdyttimen-letku"},"modified":"2021-02-21T19:41:40","modified_gmt":"2021-02-21T19:41:40","slug":"swag-20-93-2599-jaahdyttimen-letku","status":"publish","type":"product","link":"https:\/\/www.autonvaraosahaku.fi\/?product=swag-20-93-2599-jaahdyttimen-letku","title":{"rendered":"SWAG 20 93 2599 J\u00e4\u00e4hdyttimen letku"},"content":{"rendered":"<p>J\u00e4\u00e4hdytysjohto: termostaatista j\u00e4\u00e4hdytt\u00e4j\u00e4\u00e4n; Materiaali: Muovi, Kumi; Asennuspuoli: Vasen, yl\u00e4; Paino [kg]: 0,265, 0,265; Huomioi tekniset tiedot: ; BMW: 3 E46,3 Touring E46,3 Compact E46,3 Coupe E46,3 Cabriolet E46; 11531436406, 11534460438, 17127510952<\/p>\n","protected":false},"excerpt":{"rendered":"<p>SWAG J\u00e4\u00e4hdyttimen Letku 20 93 2599  BMW,3 E46,3 Touring E46,3 Compact E46,3 Coupe E46,3 Cabriolet E46<\/p>\n","protected":false},"featured_media":0,"template":"","meta":{"site-sidebar-layout":"default","site-content-layout":"default","ast-global-header-display":"","ast-main-header-display":"","ast-hfb-above-header-display":"","ast-hfb-below-header-display":"","ast-hfb-mobile-header-display":"","site-post-title":"","ast-breadcrumbs-content":"","ast-featured-img":"","footer-sml-layout":"","theme-transparent-header-meta":"","adv-header-id-meta":"","stick-header-meta":"","header-above-stick-meta":"","header-main-stick-meta":"","header-below-stick-meta":""},"pwb-brand":[103],"product_cat":[206],"product_tag":[],"class_list":{"0":"post-75750","1":"product","2":"type-product","3":"status-publish","5":"pwb-brand-swag","6":"product_cat-jaahdyttimen-letku","7":"desktop-align-left","8":"tablet-align-left","9":"mobile-align-left","11":"first","12":"instock","13":"product-type-external"},"brands":[{"id":103,"name":"SWAG","slug":"swag"}],"_links":{"self":[{"href":"https:\/\/www.autonvaraosahaku.fi\/index.php?rest_route=\/wp\/v2\/product\/75750","targetHints":{"allow":["GET"]}}],"collection":[{"href":"https:\/\/www.autonvaraosahaku.fi\/index.php?rest_route=\/wp\/v2\/product"}],"about":[{"href":"https:\/\/www.autonvaraosahaku.fi\/index.php?rest_route=\/wp\/v2\/types\/product"}],"wp:attachment":[{"href":"https:\/\/www.autonvaraosahaku.fi\/index.php?rest_route=%2Fwp%2Fv2%2Fmedia&parent=75750"}],"wp:term":[{"taxonomy":"pwb-brand","embeddable":true,"href":"https:\/\/www.autonvaraosahaku.fi\/index.php?rest_route=%2Fwp%2Fv2%2Fpwb-brand&post=75750"},{"taxonomy":"product_cat","embeddable":true,"href":"https:\/\/www.autonvaraosahaku.fi\/index.php?rest_route=%2Fwp%2Fv2%2Fproduct_cat&post=75750"},{"taxonomy":"product_tag","embeddable":true,"href":"https:\/\/www.autonvaraosahaku.fi\/index.php?rest_route=%2Fwp%2Fv2%2Fproduct_tag&post=75750"}],"curies":[{"name":"wp","href":"https:\/\/api.w.org\/{rel}","templated":true}]}}