{"id":75754,"date":"2021-02-21T19:41:38","date_gmt":"2021-02-21T19:41:38","guid":{"rendered":"https:\/\/www.autonvaraosahaku.fi\/?product=metelli-15-1067-vetonivel"},"modified":"2021-02-21T19:41:42","modified_gmt":"2021-02-21T19:41:42","slug":"metelli-15-1067-vetonivel","status":"publish","type":"product","link":"https:\/\/www.autonvaraosahaku.fi\/?product=metelli-15-1067-vetonivel","title":{"rendered":"METELLI 15-1067 Vetonivel"},"content":{"rendered":"<p>Materiaali: Kumi; Kierremitta: M22 x 1,5, M22x1,5; Mekaanisesti ty\u00f6stetty: Ilman sokkauraa sis\u00e4osassa; Sis\u00e4hammastus, py\u00f6r\u00e4npuoli: 20; Ulkohammastus, py\u00f6r\u00e4npuoli: 22; Tiivisteen l\u00e4pimitta [mm]: 71,4; Ulkol\u00e4pimitta [mm]: 72; Asennuspuoli: radseitig; FIAT: SEICENTO 187,CINQUECENTO 170,SEICENTO Van 187; 7647245, 7720510; Nivelsarja, Vetoakseli<\/p>\n","protected":false},"excerpt":{"rendered":"<p>METELLI Vetonivel 15-1067 Nivelsarja, Vetoakseli FIAT,SEICENTO 187,CINQUECENTO 170,SEICENTO Van 187<\/p>\n","protected":false},"featured_media":0,"template":"","meta":{"site-sidebar-layout":"default","site-content-layout":"default","ast-global-header-display":"","ast-main-header-display":"","ast-hfb-above-header-display":"","ast-hfb-below-header-display":"","ast-hfb-mobile-header-display":"","site-post-title":"","ast-breadcrumbs-content":"","ast-featured-img":"","footer-sml-layout":"","theme-transparent-header-meta":"","adv-header-id-meta":"","stick-header-meta":"","header-above-stick-meta":"","header-main-stick-meta":"","header-below-stick-meta":""},"pwb-brand":[251],"product_cat":[175],"product_tag":[],"class_list":{"0":"post-75754","1":"product","2":"type-product","3":"status-publish","5":"pwb-brand-metelli","6":"product_cat-vetonivel","7":"desktop-align-left","8":"tablet-align-left","9":"mobile-align-left","11":"first","12":"instock","13":"product-type-external"},"brands":[{"id":251,"name":"METELLI","slug":"metelli"}],"_links":{"self":[{"href":"https:\/\/www.autonvaraosahaku.fi\/index.php?rest_route=\/wp\/v2\/product\/75754","targetHints":{"allow":["GET"]}}],"collection":[{"href":"https:\/\/www.autonvaraosahaku.fi\/index.php?rest_route=\/wp\/v2\/product"}],"about":[{"href":"https:\/\/www.autonvaraosahaku.fi\/index.php?rest_route=\/wp\/v2\/types\/product"}],"wp:attachment":[{"href":"https:\/\/www.autonvaraosahaku.fi\/index.php?rest_route=%2Fwp%2Fv2%2Fmedia&parent=75754"}],"wp:term":[{"taxonomy":"pwb-brand","embeddable":true,"href":"https:\/\/www.autonvaraosahaku.fi\/index.php?rest_route=%2Fwp%2Fv2%2Fpwb-brand&post=75754"},{"taxonomy":"product_cat","embeddable":true,"href":"https:\/\/www.autonvaraosahaku.fi\/index.php?rest_route=%2Fwp%2Fv2%2Fproduct_cat&post=75754"},{"taxonomy":"product_tag","embeddable":true,"href":"https:\/\/www.autonvaraosahaku.fi\/index.php?rest_route=%2Fwp%2Fv2%2Fproduct_tag&post=75754"}],"curies":[{"name":"wp","href":"https:\/\/api.w.org\/{rel}","templated":true}]}}