{"id":7576,"date":"2021-02-21T14:00:33","date_gmt":"2021-02-21T14:00:33","guid":{"rendered":"https:\/\/www.autonvaraosahaku.fi\/?product=valeo-578574-pyyhkijansulat"},"modified":"2021-02-21T14:00:34","modified_gmt":"2021-02-21T14:00:34","slug":"valeo-578574-pyyhkijansulat","status":"publish","type":"product","link":"https:\/\/www.autonvaraosahaku.fi\/?product=valeo-578574-pyyhkijansulat","title":{"rendered":"VALEO 578574 Pyyhkij\u00e4nsulat"},"content":{"rendered":"<p>Vasen \/ oikea liikenne: Ohjaus vasemmalla; M\u00e4\u00e4r\u00e4: 1; Pituus (mm): 500; Pituus (tuumaa): 20; Paino [kg]: 0,17; Tuotelinja: HYDROCONNECT; Pyyhkij\u00e4nsulkatyyppi: Rungottomat; Valmistusvuosi alkaen: 10\/1983; VW: PASSAT Variant 3B6,PASSAT Variant 3B5,PASSAT 3B2,PASSAT 3B3; AUDI: A4 8D2, B5,A4 Avant 8D5, B5; MAZDA: TRIBUTE EP,DEMIO DW,RX 8 SE17,626 IV Hatchback GE,626 IV GE,121 II DB; SKODA: SUPERB 3U4,FELICIA I 6U1,FELICIA II 6U1,FELICIA I Fun 797,FELICIA I Kombi 6U5,FELICIA II Kombi 6U5,FAVORIT Forman 785; BMW: 3 E46,3 E90,3 Touring E46,X3 E83,3 Compact E46,3 Coupe E46,3 Compact E36,3 E36,3 E30,3 Cabriolet E46,3 Coupe E36,Z3 E36,3 Cabriolet E30,3 Cabriolet E36,3 Touring E36,Z4 E89,3 Touring E30,Z3 Coupe E36,Z1; SEAT: TOLEDO I 1L; CHEVROLET: EPICA KL1_; JEEP: COMPASS MK49,GRAND CHEROKEE IV WK, WK2; DAEWOO: EVANDA KLAL; NISSAN: PRIMERA P11,TERRANO II R20,PRIMERA Traveller WP11,350 Z Z33,PRIMERA Hatchback P11,PATROL GR II Wagon Y61,PATHFINDER R50,100 NX B13,350 Z Roadster Z33,KUBISTAR Kasten X80,CABSTAR E Pick-up US; 3A1955427, 8D1955427, 61611387678, 61612151749, 61617004901, 6423L9, 1148889, 1611346380, 6426HT, 288903211R, 7711172853, 3A1955427, 8D1955427, 3A1955427, 8D1955427, 3A1955427, 8D1955427; Tuulilasinpyyhkimet,Pyyhkij\u00e4t,Pyyhkij\u00e4nsulka<\/p>\n","protected":false},"excerpt":{"rendered":"<p>VALEO Pyyhkij\u00e4nsulat 578574 Tuulilasinpyyhkimet,Pyyhkij\u00e4t VW,AUDI,MAZDA,PASSAT Variant 3B6,PASSAT Variant 3B5,PASSAT 3B2,PASSAT 3B3,A4 8D2, B5<\/p>\n","protected":false},"featured_media":0,"template":"","meta":{"site-sidebar-layout":"default","site-content-layout":"default","ast-global-header-display":"","ast-main-header-display":"","ast-hfb-above-header-display":"","ast-hfb-below-header-display":"","ast-hfb-mobile-header-display":"","site-post-title":"","ast-breadcrumbs-content":"","ast-featured-img":"","footer-sml-layout":"","theme-transparent-header-meta":"","adv-header-id-meta":"","stick-header-meta":"","header-above-stick-meta":"","header-main-stick-meta":"","header-below-stick-meta":""},"pwb-brand":[28],"product_cat":[33],"product_tag":[],"class_list":{"0":"post-7576","1":"product","2":"type-product","3":"status-publish","5":"pwb-brand-valeo","6":"product_cat-pyyhkijansulat","7":"desktop-align-left","8":"tablet-align-left","9":"mobile-align-left","11":"first","12":"instock","13":"product-type-external"},"brands":[{"id":28,"name":"VALEO","slug":"valeo"}],"_links":{"self":[{"href":"https:\/\/www.autonvaraosahaku.fi\/index.php?rest_route=\/wp\/v2\/product\/7576","targetHints":{"allow":["GET"]}}],"collection":[{"href":"https:\/\/www.autonvaraosahaku.fi\/index.php?rest_route=\/wp\/v2\/product"}],"about":[{"href":"https:\/\/www.autonvaraosahaku.fi\/index.php?rest_route=\/wp\/v2\/types\/product"}],"wp:attachment":[{"href":"https:\/\/www.autonvaraosahaku.fi\/index.php?rest_route=%2Fwp%2Fv2%2Fmedia&parent=7576"}],"wp:term":[{"taxonomy":"pwb-brand","embeddable":true,"href":"https:\/\/www.autonvaraosahaku.fi\/index.php?rest_route=%2Fwp%2Fv2%2Fpwb-brand&post=7576"},{"taxonomy":"product_cat","embeddable":true,"href":"https:\/\/www.autonvaraosahaku.fi\/index.php?rest_route=%2Fwp%2Fv2%2Fproduct_cat&post=7576"},{"taxonomy":"product_tag","embeddable":true,"href":"https:\/\/www.autonvaraosahaku.fi\/index.php?rest_route=%2Fwp%2Fv2%2Fproduct_tag&post=7576"}],"curies":[{"name":"wp","href":"https:\/\/api.w.org\/{rel}","templated":true}]}}