{"id":75805,"date":"2021-02-21T19:42:01","date_gmt":"2021-02-21T19:42:01","guid":{"rendered":"https:\/\/www.autonvaraosahaku.fi\/?product=topran-107-392-huohotin"},"modified":"2021-02-21T19:42:01","modified_gmt":"2021-02-21T19:42:01","slug":"topran-107-392-huohotin","status":"publish","type":"product","link":"https:\/\/www.autonvaraosahaku.fi\/?product=topran-107-392-huohotin","title":{"rendered":"TOPRAN 107 392 Huohotin"},"content":{"rendered":"<p>Asennuspuoli: Sylinteriryhm\u00e4st\u00e4 \u00f6ljynerottimeen; Moottorinumero: ACM; VW: GOLF II 19E, 1G1,POLO 86C, 80; 030103493N<\/p>\n","protected":false},"excerpt":{"rendered":"<p>TOPRAN Letku, Kampikammion Tuuletus 107 392  VW,GOLF II 19E, 1G1,POLO 86C, 80<\/p>\n","protected":false},"featured_media":0,"template":"","meta":{"site-sidebar-layout":"default","site-content-layout":"default","ast-global-header-display":"","ast-main-header-display":"","ast-hfb-above-header-display":"","ast-hfb-below-header-display":"","ast-hfb-mobile-header-display":"","site-post-title":"","ast-breadcrumbs-content":"","ast-featured-img":"","footer-sml-layout":"","theme-transparent-header-meta":"","adv-header-id-meta":"","stick-header-meta":"","header-above-stick-meta":"","header-main-stick-meta":"","header-below-stick-meta":""},"pwb-brand":[18],"product_cat":[125],"product_tag":[],"class_list":{"0":"post-75805","1":"product","2":"type-product","3":"status-publish","5":"pwb-brand-topran","6":"product_cat-huohotin","7":"desktop-align-left","8":"tablet-align-left","9":"mobile-align-left","11":"first","12":"instock","13":"product-type-external"},"brands":[{"id":18,"name":"TOPRAN","slug":"topran"}],"_links":{"self":[{"href":"https:\/\/www.autonvaraosahaku.fi\/index.php?rest_route=\/wp\/v2\/product\/75805","targetHints":{"allow":["GET"]}}],"collection":[{"href":"https:\/\/www.autonvaraosahaku.fi\/index.php?rest_route=\/wp\/v2\/product"}],"about":[{"href":"https:\/\/www.autonvaraosahaku.fi\/index.php?rest_route=\/wp\/v2\/types\/product"}],"wp:attachment":[{"href":"https:\/\/www.autonvaraosahaku.fi\/index.php?rest_route=%2Fwp%2Fv2%2Fmedia&parent=75805"}],"wp:term":[{"taxonomy":"pwb-brand","embeddable":true,"href":"https:\/\/www.autonvaraosahaku.fi\/index.php?rest_route=%2Fwp%2Fv2%2Fpwb-brand&post=75805"},{"taxonomy":"product_cat","embeddable":true,"href":"https:\/\/www.autonvaraosahaku.fi\/index.php?rest_route=%2Fwp%2Fv2%2Fproduct_cat&post=75805"},{"taxonomy":"product_tag","embeddable":true,"href":"https:\/\/www.autonvaraosahaku.fi\/index.php?rest_route=%2Fwp%2Fv2%2Fproduct_tag&post=75805"}],"curies":[{"name":"wp","href":"https:\/\/api.w.org\/{rel}","templated":true}]}}