{"id":75809,"date":"2021-02-21T19:42:01","date_gmt":"2021-02-21T19:42:01","guid":{"rendered":"https:\/\/www.autonvaraosahaku.fi\/?product=topran-104-145-kallistuksenvakaajan-puslat"},"modified":"2021-02-21T19:42:03","modified_gmt":"2021-02-21T19:42:03","slug":"topran-104-145-kallistuksenvakaajan-puslat","status":"publish","type":"product","link":"https:\/\/www.autonvaraosahaku.fi\/?product=topran-104-145-kallistuksenvakaajan-puslat","title":{"rendered":"TOPRAN 104 145 Kallistuksenvakaajan puslat"},"content":{"rendered":"<p>Asennuspuoli: etuakseli molemminpuoleinen, Sisempi; Kiinnitysmalli: Kumilaakeri; Sis\u00e4l\u00e4pimitta [mm]: 20; Vaihdettava pareittain: ; Lukum\u00e4\u00e4r\u00e4 akselille: 2; Muoto: lovella; Kallistuksenvakaajan l\u00e4pimitta [mm]: 21; VW: PASSAT Variant 32B,PASSAT 32B; AUDI: 80 89, 89Q, 8A, B3,80 81, 85, B2,90 89, 89Q, 8A, B3,80 80, 82, B1,90 81, 85, B2; 811411327A, ZBC411327A, 811411327A, ZBC411327A; Kallistuksenvakaajan Kumit,Vakaajan Hela<\/p>\n","protected":false},"excerpt":{"rendered":"<p>TOPRAN Kallistuksenvakaajan Puslat 104 145 Kallistuksenvakaajan Kumit,Vakaajan Hela VW,AUDI,PASSAT Variant 32B,PASSAT 32B,80 89, 89Q, 8A, B3<\/p>\n","protected":false},"featured_media":0,"template":"","meta":{"site-sidebar-layout":"default","site-content-layout":"default","ast-global-header-display":"","ast-main-header-display":"","ast-hfb-above-header-display":"","ast-hfb-below-header-display":"","ast-hfb-mobile-header-display":"","site-post-title":"","ast-breadcrumbs-content":"","ast-featured-img":"","footer-sml-layout":"","theme-transparent-header-meta":"","adv-header-id-meta":"","stick-header-meta":"","header-above-stick-meta":"","header-main-stick-meta":"","header-below-stick-meta":""},"pwb-brand":[18],"product_cat":[82],"product_tag":[],"class_list":{"0":"post-75809","1":"product","2":"type-product","3":"status-publish","5":"pwb-brand-topran","6":"product_cat-kallistuksenvakaajan-puslat","7":"desktop-align-left","8":"tablet-align-left","9":"mobile-align-left","11":"first","12":"instock","13":"product-type-external"},"brands":[{"id":18,"name":"TOPRAN","slug":"topran"}],"_links":{"self":[{"href":"https:\/\/www.autonvaraosahaku.fi\/index.php?rest_route=\/wp\/v2\/product\/75809","targetHints":{"allow":["GET"]}}],"collection":[{"href":"https:\/\/www.autonvaraosahaku.fi\/index.php?rest_route=\/wp\/v2\/product"}],"about":[{"href":"https:\/\/www.autonvaraosahaku.fi\/index.php?rest_route=\/wp\/v2\/types\/product"}],"wp:attachment":[{"href":"https:\/\/www.autonvaraosahaku.fi\/index.php?rest_route=%2Fwp%2Fv2%2Fmedia&parent=75809"}],"wp:term":[{"taxonomy":"pwb-brand","embeddable":true,"href":"https:\/\/www.autonvaraosahaku.fi\/index.php?rest_route=%2Fwp%2Fv2%2Fpwb-brand&post=75809"},{"taxonomy":"product_cat","embeddable":true,"href":"https:\/\/www.autonvaraosahaku.fi\/index.php?rest_route=%2Fwp%2Fv2%2Fproduct_cat&post=75809"},{"taxonomy":"product_tag","embeddable":true,"href":"https:\/\/www.autonvaraosahaku.fi\/index.php?rest_route=%2Fwp%2Fv2%2Fproduct_tag&post=75809"}],"curies":[{"name":"wp","href":"https:\/\/api.w.org\/{rel}","templated":true}]}}