{"id":75814,"date":"2021-02-21T19:42:01","date_gmt":"2021-02-21T19:42:01","guid":{"rendered":"https:\/\/www.autonvaraosahaku.fi\/?product=topran-103-158-pissapojan-pumppu"},"modified":"2021-02-21T19:42:04","modified_gmt":"2021-02-21T19:42:04","slug":"topran-103-158-pissapojan-pumppu","status":"publish","type":"product","link":"https:\/\/www.autonvaraosahaku.fi\/?product=topran-103-158-pissapojan-pumppu","title":{"rendered":"TOPRAN 103 158 Pissapojan pumppu"},"content":{"rendered":"<p>Pumpputyyppi: Pumppu, (monopumppu); Pistokkeen kotelon muoto: suorakulmainen (rectangular); K\u00e4ytt\u00f6: S\u00e4hk\u00f6inen; Napojen m\u00e4\u00e4r\u00e4: 2; Nimellisj\u00e4nnite (V): 12; Moottorinumero: 1.6 D Multijet; VW: TRANSPORTER IV Bus 70XB, 70XC, 7DB, 7DW,TRANSPORTER IV Kasten 70XA,PASSAT 3A2, 35I,TRANSPORTER IV Pritsche\/Fahrgestell 70XD,POLO CLASSIC 6KV2,VENTO 1H2; SEAT: CORDOBA 6K1, 6K2,CORDOBA Vario 6K1; OPEL: CORSA C F08, F68,VECTRA C,VECTRA B 36_,OMEGA B 25_, 26_, 27_,TIGRA TwinTop,ASTRA H TwinTop L67,ASTRA G Cabriolet F67,ASTRA G Coupe F07_,COMBO Kasten\/Kombi,ASTRA G Stufenheck F69_,COMBO Tour,ASTRA H Stufenheck L69,COMBO 71_,ASTRA H Kasten L70; ALFA ROMEO: 159 939,BRERA,SPIDER 939,GIULIA 952_; FIAT: DUCATO Kasten 250,DUCATO Bus 250,DOBLO Kasten\/Kombi 263,QUBO 225,DOBLO Gro\u00dfraumlimousine 152, 263,FIORINO Kasten\/Kombi 225,LINEA 323,DOBLO Pritsche\/Fahrgestell 263; CITRO\u00cbN: JUMPER Kasten,NEMO Kasten AA_,JUMPER Bus,JUMPER Pritsche\/Fahrgestell,NEMO Kombi; PEUGEOT: BOXER Kasten,BOXER Bus,BOXER Pritsche\/Fahrgestell,BIPPER AA_,BIPPER Tepee; VAUXHALL: CORSA Mk II C W5L, F08,ASTRA Mk V H Convertible,VECTRA Mk II C,ASTRA Mk IV G Sedan,OMEGA B,TIGRA Convertible,VECTRA B,ASTRAVAN Mk V H,ASTRA Mk IV G Coupe F67,COMBO Mk I B,ASTRA Mk IV G Convertible,COMBO Mk II C Kasten\/Kombi F25; 6000628403, 71740987, 71744224, 71752217, 1637941580, 6434C5, 6434C9, 6000628403, 71740987, 71744224, 71752217, 1450172, 1450184, 1637941580, 6434C5, 6434C9, 1H5955651, 90585761, 1H5955651; Pesurin Pumppu,Lasinpesurin Pumppu,Pesunestepumppu, Lasinpesu<\/p>\n","protected":false},"excerpt":{"rendered":"<p>TOPRAN Pissapojan Pumppu 103 158 Pesurin Pumppu,Lasinpesurin Pumppu VW,SEAT,OPEL,TRANSPORTER IV Bus 70XB, 70XC, 7DB, 7DW,TRANSPORTER IV Kasten 70XA<\/p>\n","protected":false},"featured_media":0,"template":"","meta":{"site-sidebar-layout":"default","site-content-layout":"default","ast-global-header-display":"","ast-main-header-display":"","ast-hfb-above-header-display":"","ast-hfb-below-header-display":"","ast-hfb-mobile-header-display":"","site-post-title":"","ast-breadcrumbs-content":"","ast-featured-img":"","footer-sml-layout":"","theme-transparent-header-meta":"","adv-header-id-meta":"","stick-header-meta":"","header-above-stick-meta":"","header-main-stick-meta":"","header-below-stick-meta":""},"pwb-brand":[18],"product_cat":[182],"product_tag":[],"class_list":{"0":"post-75814","1":"product","2":"type-product","3":"status-publish","5":"pwb-brand-topran","6":"product_cat-pissapojan-pumppu","7":"desktop-align-left","8":"tablet-align-left","9":"mobile-align-left","11":"first","12":"instock","13":"product-type-external"},"brands":[{"id":18,"name":"TOPRAN","slug":"topran"}],"_links":{"self":[{"href":"https:\/\/www.autonvaraosahaku.fi\/index.php?rest_route=\/wp\/v2\/product\/75814","targetHints":{"allow":["GET"]}}],"collection":[{"href":"https:\/\/www.autonvaraosahaku.fi\/index.php?rest_route=\/wp\/v2\/product"}],"about":[{"href":"https:\/\/www.autonvaraosahaku.fi\/index.php?rest_route=\/wp\/v2\/types\/product"}],"wp:attachment":[{"href":"https:\/\/www.autonvaraosahaku.fi\/index.php?rest_route=%2Fwp%2Fv2%2Fmedia&parent=75814"}],"wp:term":[{"taxonomy":"pwb-brand","embeddable":true,"href":"https:\/\/www.autonvaraosahaku.fi\/index.php?rest_route=%2Fwp%2Fv2%2Fpwb-brand&post=75814"},{"taxonomy":"product_cat","embeddable":true,"href":"https:\/\/www.autonvaraosahaku.fi\/index.php?rest_route=%2Fwp%2Fv2%2Fproduct_cat&post=75814"},{"taxonomy":"product_tag","embeddable":true,"href":"https:\/\/www.autonvaraosahaku.fi\/index.php?rest_route=%2Fwp%2Fv2%2Fproduct_tag&post=75814"}],"curies":[{"name":"wp","href":"https:\/\/api.w.org\/{rel}","templated":true}]}}