{"id":75822,"date":"2021-02-21T19:42:01","date_gmt":"2021-02-21T19:42:01","guid":{"rendered":"https:\/\/www.autonvaraosahaku.fi\/?product=monroe-sp0816-jouset"},"modified":"2021-02-21T19:42:06","modified_gmt":"2021-02-21T19:42:06","slug":"monroe-sp0816-jouset","status":"publish","type":"product","link":"https:\/\/www.autonvaraosahaku.fi\/?product=monroe-sp0816-jouset","title":{"rendered":"MONROE SP0816 Jouset"},"content":{"rendered":"<p>Pituus (mm): 343; Paino [kg]: 1,800; Ulkol\u00e4pimitta [mm]: 152,0; Sis\u00e4l\u00e4pimitta 1 [mm]: 86,0; Sis\u00e4l\u00e4pimitta 2 [mm]: 129,0; Kierroslukum\u00e4\u00e4r\u00e4: 4,50; Pakkauspituus [cm]: 41,5; Pakkausleveys [cm]: 15,1; Pakkauskorkeus [mm]: 15,2; Johtimen l\u00e4pimitta [mm]: 11,5; Asennuspuoli: Hinterachse; ALFA ROMEO: 147 937,156 932; 60613563; Kierrejousi<\/p>\n","protected":false},"excerpt":{"rendered":"<p>MONROE Jousi MONROE OESpectrum SPRINGS SP0816 Kierrejousi ALFA ROMEO,147 937,156 932<\/p>\n","protected":false},"featured_media":0,"template":"","meta":{"site-sidebar-layout":"default","site-content-layout":"default","ast-global-header-display":"","ast-main-header-display":"","ast-hfb-above-header-display":"","ast-hfb-below-header-display":"","ast-hfb-mobile-header-display":"","site-post-title":"","ast-breadcrumbs-content":"","ast-featured-img":"","footer-sml-layout":"","theme-transparent-header-meta":"","adv-header-id-meta":"","stick-header-meta":"","header-above-stick-meta":"","header-main-stick-meta":"","header-below-stick-meta":""},"pwb-brand":[79],"product_cat":[171],"product_tag":[],"class_list":{"0":"post-75822","1":"product","2":"type-product","3":"status-publish","5":"pwb-brand-monroe","6":"product_cat-jouset","7":"desktop-align-left","8":"tablet-align-left","9":"mobile-align-left","11":"first","12":"instock","13":"product-type-external"},"brands":[{"id":79,"name":"MONROE","slug":"monroe"}],"_links":{"self":[{"href":"https:\/\/www.autonvaraosahaku.fi\/index.php?rest_route=\/wp\/v2\/product\/75822","targetHints":{"allow":["GET"]}}],"collection":[{"href":"https:\/\/www.autonvaraosahaku.fi\/index.php?rest_route=\/wp\/v2\/product"}],"about":[{"href":"https:\/\/www.autonvaraosahaku.fi\/index.php?rest_route=\/wp\/v2\/types\/product"}],"wp:attachment":[{"href":"https:\/\/www.autonvaraosahaku.fi\/index.php?rest_route=%2Fwp%2Fv2%2Fmedia&parent=75822"}],"wp:term":[{"taxonomy":"pwb-brand","embeddable":true,"href":"https:\/\/www.autonvaraosahaku.fi\/index.php?rest_route=%2Fwp%2Fv2%2Fpwb-brand&post=75822"},{"taxonomy":"product_cat","embeddable":true,"href":"https:\/\/www.autonvaraosahaku.fi\/index.php?rest_route=%2Fwp%2Fv2%2Fproduct_cat&post=75822"},{"taxonomy":"product_tag","embeddable":true,"href":"https:\/\/www.autonvaraosahaku.fi\/index.php?rest_route=%2Fwp%2Fv2%2Fproduct_tag&post=75822"}],"curies":[{"name":"wp","href":"https:\/\/api.w.org\/{rel}","templated":true}]}}