{"id":75824,"date":"2021-02-21T19:42:08","date_gmt":"2021-02-21T19:42:08","guid":{"rendered":"https:\/\/www.autonvaraosahaku.fi\/?product=prasco-pe6199-lammityslaitteen-kenno"},"modified":"2021-02-21T19:42:08","modified_gmt":"2021-02-21T19:42:08","slug":"prasco-pe6199-lammityslaitteen-kenno","status":"publish","type":"product","link":"https:\/\/www.autonvaraosahaku.fi\/?product=prasco-pe6199-lammityslaitteen-kenno","title":{"rendered":"PRASCO PE6199 L\u00e4mmityslaitteen kenno"},"content":{"rendered":"<p>Valmistaja rajaus: Behr; Materiaali: Alumiini, Muovi; Sis\u00e4\u00e4ntulol\u00e4pimitta [mm]: 21,5; Ulostulon l\u00e4pimitta [mm]: 21,5; J\u00e4\u00e4hdytintyyppi: J\u00e4\u00e4hdytysrivat mekaan. kiinnitetyt; Verkon pituus [mm]: 245; Verkon leveys [mm]: 134; Verkon syvyys [mm]: 42; Valmistusvuoteen: 08\/2005; PEUGEOT: 206 Schr\u00e4gheck 2A\/C,206 CC 2D,206 SW 2E\/K,206 Stufenheck,206 Van; CITRO\u00cbN: XSARA PICASSO N68; 6448G3, 6448G3; L\u00e4mmityskenno<\/p>\n","protected":false},"excerpt":{"rendered":"<p>PRASCO L\u00e4mmityslaitteen Kenno PE6199 L\u00e4mmityskenno PEUGEOT,CITRO\u00cbN,206 Schr\u00e4gheck 2A\/C,206 CC 2D,206 SW 2E\/K,206 Stufenheck,206 Van,XSARA PICASSO N68<\/p>\n","protected":false},"featured_media":0,"template":"","meta":{"site-sidebar-layout":"default","site-content-layout":"default","ast-global-header-display":"","ast-main-header-display":"","ast-hfb-above-header-display":"","ast-hfb-below-header-display":"","ast-hfb-mobile-header-display":"","site-post-title":"","ast-breadcrumbs-content":"","ast-featured-img":"","footer-sml-layout":"","theme-transparent-header-meta":"","adv-header-id-meta":"","stick-header-meta":"","header-above-stick-meta":"","header-main-stick-meta":"","header-below-stick-meta":""},"pwb-brand":[406],"product_cat":[292],"product_tag":[],"class_list":{"0":"post-75824","1":"product","2":"type-product","3":"status-publish","5":"pwb-brand-prasco","6":"product_cat-lammityslaitteen-kenno","7":"desktop-align-left","8":"tablet-align-left","9":"mobile-align-left","11":"first","12":"instock","13":"product-type-external"},"brands":[{"id":406,"name":"PRASCO","slug":"prasco"}],"_links":{"self":[{"href":"https:\/\/www.autonvaraosahaku.fi\/index.php?rest_route=\/wp\/v2\/product\/75824","targetHints":{"allow":["GET"]}}],"collection":[{"href":"https:\/\/www.autonvaraosahaku.fi\/index.php?rest_route=\/wp\/v2\/product"}],"about":[{"href":"https:\/\/www.autonvaraosahaku.fi\/index.php?rest_route=\/wp\/v2\/types\/product"}],"wp:attachment":[{"href":"https:\/\/www.autonvaraosahaku.fi\/index.php?rest_route=%2Fwp%2Fv2%2Fmedia&parent=75824"}],"wp:term":[{"taxonomy":"pwb-brand","embeddable":true,"href":"https:\/\/www.autonvaraosahaku.fi\/index.php?rest_route=%2Fwp%2Fv2%2Fpwb-brand&post=75824"},{"taxonomy":"product_cat","embeddable":true,"href":"https:\/\/www.autonvaraosahaku.fi\/index.php?rest_route=%2Fwp%2Fv2%2Fproduct_cat&post=75824"},{"taxonomy":"product_tag","embeddable":true,"href":"https:\/\/www.autonvaraosahaku.fi\/index.php?rest_route=%2Fwp%2Fv2%2Fproduct_tag&post=75824"}],"curies":[{"name":"wp","href":"https:\/\/api.w.org\/{rel}","templated":true}]}}