{"id":75826,"date":"2021-02-21T19:42:08","date_gmt":"2021-02-21T19:42:08","guid":{"rendered":"https:\/\/www.autonvaraosahaku.fi\/?product=diederichs-2212161-koristelista"},"modified":"2021-02-21T19:42:09","modified_gmt":"2021-02-21T19:42:09","slug":"diederichs-2212161-koristelista","status":"publish","type":"product","link":"https:\/\/www.autonvaraosahaku.fi\/?product=diederichs-2212161-koristelista","title":{"rendered":"DIEDERICHS 2212161 Koristelista"},"content":{"rendered":"<p>Asennuspuoli: Taakse, oikea, Taakse, vasen, Eteen, oikea, Eteen, vasen; Leveys (mm): 65; M\u00e4\u00e4r\u00e4yksikk\u00f6: Sarja; Ei varustelumuunnoksille: Kombi; VW: GOLF III 1H1; 1H0853817B<\/p>\n","protected":false},"excerpt":{"rendered":"<p>DIEDERICHS Suoja-\/Koristelista, Lokasuoja 2212161  VW,GOLF III 1H1<\/p>\n","protected":false},"featured_media":0,"template":"","meta":{"site-sidebar-layout":"default","site-content-layout":"default","ast-global-header-display":"","ast-main-header-display":"","ast-hfb-above-header-display":"","ast-hfb-below-header-display":"","ast-hfb-mobile-header-display":"","site-post-title":"","ast-breadcrumbs-content":"","ast-featured-img":"","footer-sml-layout":"","theme-transparent-header-meta":"","adv-header-id-meta":"","stick-header-meta":"","header-above-stick-meta":"","header-main-stick-meta":"","header-below-stick-meta":""},"pwb-brand":[227],"product_cat":[410],"product_tag":[],"class_list":{"0":"post-75826","1":"product","2":"type-product","3":"status-publish","5":"pwb-brand-diederichs","6":"product_cat-koristelista","7":"desktop-align-left","8":"tablet-align-left","9":"mobile-align-left","11":"first","12":"instock","13":"product-type-external"},"brands":[{"id":227,"name":"DIEDERICHS","slug":"diederichs"}],"_links":{"self":[{"href":"https:\/\/www.autonvaraosahaku.fi\/index.php?rest_route=\/wp\/v2\/product\/75826","targetHints":{"allow":["GET"]}}],"collection":[{"href":"https:\/\/www.autonvaraosahaku.fi\/index.php?rest_route=\/wp\/v2\/product"}],"about":[{"href":"https:\/\/www.autonvaraosahaku.fi\/index.php?rest_route=\/wp\/v2\/types\/product"}],"wp:attachment":[{"href":"https:\/\/www.autonvaraosahaku.fi\/index.php?rest_route=%2Fwp%2Fv2%2Fmedia&parent=75826"}],"wp:term":[{"taxonomy":"pwb-brand","embeddable":true,"href":"https:\/\/www.autonvaraosahaku.fi\/index.php?rest_route=%2Fwp%2Fv2%2Fpwb-brand&post=75826"},{"taxonomy":"product_cat","embeddable":true,"href":"https:\/\/www.autonvaraosahaku.fi\/index.php?rest_route=%2Fwp%2Fv2%2Fproduct_cat&post=75826"},{"taxonomy":"product_tag","embeddable":true,"href":"https:\/\/www.autonvaraosahaku.fi\/index.php?rest_route=%2Fwp%2Fv2%2Fproduct_tag&post=75826"}],"curies":[{"name":"wp","href":"https:\/\/api.w.org\/{rel}","templated":true}]}}