{"id":75838,"date":"2021-02-21T19:42:08","date_gmt":"2021-02-21T19:42:08","guid":{"rendered":"https:\/\/www.autonvaraosahaku.fi\/?product=autofren-seinsa-d41084c-jarrusatula-korjaussarja"},"modified":"2021-02-21T19:42:12","modified_gmt":"2021-02-21T19:42:12","slug":"autofren-seinsa-d41084c-jarrusatula-korjaussarja","status":"publish","type":"product","link":"https:\/\/www.autonvaraosahaku.fi\/?product=autofren-seinsa-d41084c-jarrusatula-korjaussarja","title":{"rendered":"AUTOFREN SEINSA D41084C Jarrusatula korjaussarja"},"content":{"rendered":"<p>Asennuspuoli: Etuakseli; L\u00e4pimitta [mm]: 43; Jarruj\u00e4rjestelm\u00e4: LUCAS; T\u00e4yssarja: ; OE-numerolle: 1954457; NISSAN: TERRANO II R20,SERENA C23M,TERRANO I WD21,VANETTE CARGO Kasten HC 23,TERRANO Van R20,VANETTE CARGO Bus HC 23; SEAT: TOLEDO I 1L; FORD: MAVERICK UDS, UNS,MAVERICK VAN; 1954457, 1954458, 1956422, 1956423, 1956493, 1956494, 1959343, 1959344, 1960054, 1960228, 1960229, 410007C000, 410007F000, 410009C501, 41000OF002, 410017F000, 410017F00A, 410107C000, 410107F000, 410109C501, 41010OF002, 410117F000, 410117F00A, 411117C325, 411117F025, 411119C125, 411119C126, 411127C325, 411127F00A, 411127F025, 411129C125, 411129C126, D11117F00A, D11127F00A; Korjaussarja, Jarrusatula<\/p>\n","protected":false},"excerpt":{"rendered":"<p>AUTOFREN SEINSA Jarrusatula Korjaussarja D41084C Korjaussarja, Jarrusatula NISSAN,SEAT,FORD,TERRANO II R20,SERENA C23M,TERRANO I WD21<\/p>\n","protected":false},"featured_media":0,"template":"","meta":{"site-sidebar-layout":"default","site-content-layout":"default","ast-global-header-display":"","ast-main-header-display":"","ast-hfb-above-header-display":"","ast-hfb-below-header-display":"","ast-hfb-mobile-header-display":"","site-post-title":"","ast-breadcrumbs-content":"","ast-featured-img":"","footer-sml-layout":"","theme-transparent-header-meta":"","adv-header-id-meta":"","stick-header-meta":"","header-above-stick-meta":"","header-main-stick-meta":"","header-below-stick-meta":""},"pwb-brand":[243],"product_cat":[57],"product_tag":[],"class_list":{"0":"post-75838","1":"product","2":"type-product","3":"status-publish","5":"pwb-brand-autofren-seinsa","6":"product_cat-jarrusatula-korjaussarja","7":"desktop-align-left","8":"tablet-align-left","9":"mobile-align-left","11":"first","12":"instock","13":"product-type-external"},"brands":[{"id":243,"name":"AUTOFREN SEINSA","slug":"autofren-seinsa"}],"_links":{"self":[{"href":"https:\/\/www.autonvaraosahaku.fi\/index.php?rest_route=\/wp\/v2\/product\/75838","targetHints":{"allow":["GET"]}}],"collection":[{"href":"https:\/\/www.autonvaraosahaku.fi\/index.php?rest_route=\/wp\/v2\/product"}],"about":[{"href":"https:\/\/www.autonvaraosahaku.fi\/index.php?rest_route=\/wp\/v2\/types\/product"}],"wp:attachment":[{"href":"https:\/\/www.autonvaraosahaku.fi\/index.php?rest_route=%2Fwp%2Fv2%2Fmedia&parent=75838"}],"wp:term":[{"taxonomy":"pwb-brand","embeddable":true,"href":"https:\/\/www.autonvaraosahaku.fi\/index.php?rest_route=%2Fwp%2Fv2%2Fpwb-brand&post=75838"},{"taxonomy":"product_cat","embeddable":true,"href":"https:\/\/www.autonvaraosahaku.fi\/index.php?rest_route=%2Fwp%2Fv2%2Fproduct_cat&post=75838"},{"taxonomy":"product_tag","embeddable":true,"href":"https:\/\/www.autonvaraosahaku.fi\/index.php?rest_route=%2Fwp%2Fv2%2Fproduct_tag&post=75838"}],"curies":[{"name":"wp","href":"https:\/\/api.w.org\/{rel}","templated":true}]}}