{"id":75845,"date":"2021-02-21T19:42:15","date_gmt":"2021-02-21T19:42:15","guid":{"rendered":"https:\/\/www.autonvaraosahaku.fi\/?product=ravenol-1211116-001-01-999-automaattivaihteistooljy"},"modified":"2021-02-21T19:42:16","modified_gmt":"2021-02-21T19:42:16","slug":"ravenol-1211116-001-01-999-automaattivaihteistooljy","status":"publish","type":"product","link":"https:\/\/www.autonvaraosahaku.fi\/?product=ravenol-1211116-001-01-999-automaattivaihteistooljy","title":{"rendered":"RAVENOL 1211116-001-01-999 Automaattivaihteisto\u00f6ljy"},"content":{"rendered":"<p>Kemialliset ominaisuudet: synteettinen; Valmistajan hyv\u00e4ksym\u00e4: M74LE, M85LE, M91LE,, M95LE,, ATF Type TQ95; Tilavuus (litra): 1; Tuotelinja: Sperrdifferential Hypoid Getriebe\u00f6l LS SAE 85W-90, Sperrdifferential Hypoid Getriebe\u00f6l LS SAE 85W-90; DAEWOO: MUSSO FJ,KORANDO KJ,REXTON GAB_,KORANDO Cabrio KJ; SSANGYONG: REXTON GAB_,MUSSO FJ,KORANDO KJ,MUSSO SPORTS,KORANDO Cabrio KJ; MASERATI: QUATTROPORTE IV<\/p>\n","protected":false},"excerpt":{"rendered":"<p>RAVENOL Automaattivaihteisto\u00f6ljy 1211116-001-01-999  DAEWOO,SSANGYONG,MASERATI,MUSSO FJ,KORANDO KJ,REXTON GAB_,KORANDO Cabrio KJ,REXTON GAB_,MUSSO FJ<\/p>\n","protected":false},"featured_media":0,"template":"","meta":{"site-sidebar-layout":"default","site-content-layout":"default","ast-global-header-display":"","ast-main-header-display":"","ast-hfb-above-header-display":"","ast-hfb-below-header-display":"","ast-hfb-mobile-header-display":"","site-post-title":"","ast-breadcrumbs-content":"","ast-featured-img":"","footer-sml-layout":"","theme-transparent-header-meta":"","adv-header-id-meta":"","stick-header-meta":"","header-above-stick-meta":"","header-main-stick-meta":"","header-below-stick-meta":""},"pwb-brand":[130],"product_cat":[143],"product_tag":[],"class_list":{"0":"post-75845","1":"product","2":"type-product","3":"status-publish","5":"pwb-brand-ravenol","6":"product_cat-automaattivaihteistooljy","7":"desktop-align-left","8":"tablet-align-left","9":"mobile-align-left","11":"first","12":"instock","13":"product-type-external"},"brands":[{"id":130,"name":"RAVENOL","slug":"ravenol"}],"_links":{"self":[{"href":"https:\/\/www.autonvaraosahaku.fi\/index.php?rest_route=\/wp\/v2\/product\/75845","targetHints":{"allow":["GET"]}}],"collection":[{"href":"https:\/\/www.autonvaraosahaku.fi\/index.php?rest_route=\/wp\/v2\/product"}],"about":[{"href":"https:\/\/www.autonvaraosahaku.fi\/index.php?rest_route=\/wp\/v2\/types\/product"}],"wp:attachment":[{"href":"https:\/\/www.autonvaraosahaku.fi\/index.php?rest_route=%2Fwp%2Fv2%2Fmedia&parent=75845"}],"wp:term":[{"taxonomy":"pwb-brand","embeddable":true,"href":"https:\/\/www.autonvaraosahaku.fi\/index.php?rest_route=%2Fwp%2Fv2%2Fpwb-brand&post=75845"},{"taxonomy":"product_cat","embeddable":true,"href":"https:\/\/www.autonvaraosahaku.fi\/index.php?rest_route=%2Fwp%2Fv2%2Fproduct_cat&post=75845"},{"taxonomy":"product_tag","embeddable":true,"href":"https:\/\/www.autonvaraosahaku.fi\/index.php?rest_route=%2Fwp%2Fv2%2Fproduct_tag&post=75845"}],"curies":[{"name":"wp","href":"https:\/\/api.w.org\/{rel}","templated":true}]}}