{"id":75865,"date":"2021-02-21T19:42:22","date_gmt":"2021-02-21T19:42:22","guid":{"rendered":"https:\/\/www.autonvaraosahaku.fi\/?product=skf-vkjc-8097-vetoakseli"},"modified":"2021-02-21T19:42:23","modified_gmt":"2021-02-21T19:42:23","slug":"skf-vkjc-8097-vetoakseli","status":"publish","type":"product","link":"https:\/\/www.autonvaraosahaku.fi\/?product=skf-vkjc-8097-vetoakseli","title":{"rendered":"SKF VKJC 8097 Vetoakseli"},"content":{"rendered":"<p>Pituus (mm): 668; Reik\u00e4-\u00d8 [mm]: 10,3; Kierremitta: M24x1,5; Ulkohammastus, py\u00f6r\u00e4npuoli: 27; Tiivisteen l\u00e4pimitta [mm]: 69; Hammasluku, ABS-keh\u00e4: 48; Reikien m\u00e4\u00e4r\u00e4: 6; Reik\u00e4ympyr\u00e4-\u00d8 [mm]: 86; ABS-keh\u00e4 \u00d8(mm): 83; Uusi osa: ; Nivelen l\u00e4pimitta py\u00f6r\u00e4puoli [mm]: 88; Nivelen l\u00e4pimitta vaihteistopuoli [mm]: 101,6; Asennuspuoli: Hinterachse rechts; BMW: 3 Touring E91,3 E90,1 E87,1 E81,3 Coupe E92,1 Cabriolet E88,1 Coupe E82; 33217533446, 33217537716, 33217547074, 33217547076<\/p>\n","protected":false},"excerpt":{"rendered":"<p>SKF Vetoakseli VKJC 8097  BMW,3 Touring E91,3 E90,1 E87,1 E81,3 Coupe E92,1 Cabriolet E88,1 Coupe E82<\/p>\n","protected":false},"featured_media":0,"template":"","meta":{"site-sidebar-layout":"default","site-content-layout":"default","ast-global-header-display":"","ast-main-header-display":"","ast-hfb-above-header-display":"","ast-hfb-below-header-display":"","ast-hfb-mobile-header-display":"","site-post-title":"","ast-breadcrumbs-content":"","ast-featured-img":"","footer-sml-layout":"","theme-transparent-header-meta":"","adv-header-id-meta":"","stick-header-meta":"","header-above-stick-meta":"","header-main-stick-meta":"","header-below-stick-meta":""},"pwb-brand":[237],"product_cat":[215],"product_tag":[],"class_list":{"0":"post-75865","1":"product","2":"type-product","3":"status-publish","5":"pwb-brand-skf","6":"product_cat-vetoakseli","7":"desktop-align-left","8":"tablet-align-left","9":"mobile-align-left","11":"first","12":"instock","13":"product-type-external"},"brands":[{"id":237,"name":"SKF","slug":"skf"}],"_links":{"self":[{"href":"https:\/\/www.autonvaraosahaku.fi\/index.php?rest_route=\/wp\/v2\/product\/75865","targetHints":{"allow":["GET"]}}],"collection":[{"href":"https:\/\/www.autonvaraosahaku.fi\/index.php?rest_route=\/wp\/v2\/product"}],"about":[{"href":"https:\/\/www.autonvaraosahaku.fi\/index.php?rest_route=\/wp\/v2\/types\/product"}],"wp:attachment":[{"href":"https:\/\/www.autonvaraosahaku.fi\/index.php?rest_route=%2Fwp%2Fv2%2Fmedia&parent=75865"}],"wp:term":[{"taxonomy":"pwb-brand","embeddable":true,"href":"https:\/\/www.autonvaraosahaku.fi\/index.php?rest_route=%2Fwp%2Fv2%2Fpwb-brand&post=75865"},{"taxonomy":"product_cat","embeddable":true,"href":"https:\/\/www.autonvaraosahaku.fi\/index.php?rest_route=%2Fwp%2Fv2%2Fproduct_cat&post=75865"},{"taxonomy":"product_tag","embeddable":true,"href":"https:\/\/www.autonvaraosahaku.fi\/index.php?rest_route=%2Fwp%2Fv2%2Fproduct_tag&post=75865"}],"curies":[{"name":"wp","href":"https:\/\/api.w.org\/{rel}","templated":true}]}}