{"id":75875,"date":"2021-02-21T19:42:22","date_gmt":"2021-02-21T19:42:22","guid":{"rendered":"https:\/\/www.autonvaraosahaku.fi\/?product=valeo-587911-polttoainesuodatin"},"modified":"2021-02-21T19:42:26","modified_gmt":"2021-02-21T19:42:26","slug":"valeo-587911-polttoainesuodatin","status":"publish","type":"product","link":"https:\/\/www.autonvaraosahaku.fi\/?product=valeo-587911-polttoainesuodatin","title":{"rendered":"VALEO 587911 Polttoainesuodatin"},"content":{"rendered":"<p>Ulkol\u00e4pimitta [mm]: 63; Sis\u00e4l\u00e4pimitta 1 [mm]: 14; Sis\u00e4l\u00e4pimitta 2 [mm]: 14; Korkeus (mm): 102; Suodatintyyppi: Suodatinpanos; Paino [kg]: 0,113; Valmistaja rajaus: Bosch; CITRO\u00cbN: XM Y4,BX XB-_,C25 Bus 280_, 290_,XM Y3,CX II,C25 Pritsche\/Fahrgestell 280_, 290_,XM Break Y4,BX Break XB-_,C25 Kasten 280_, 290_,C15 VD-_,CX II Break,XM Break Y3,CX I Break MA,C15 Kombi,C35 Kasten; PEUGEOT: 205 II 20A\/C,J5 Pritsche\/Fahrgestell 280L,J5 Pritsche\/Fahrgestell 290L,J5 Kasten 280L,J5 Bus 290P,309 II 3C, 3A,205 I 741A\/C,J5 Kasten 290L,J5 Bus 280P,405 I 15B,605 6B,309 I 10C, 10A,405 I Break 15E,205 Kasten; RENAULT: SAFRANE I B54_; 9560890101, 95608910, 5017832, 190601, 190611, 7701203657<\/p>\n","protected":false},"excerpt":{"rendered":"<p>VALEO Polttoainesuodatin 587911  CITRO\u00cbN,PEUGEOT,RENAULT,XM Y4,BX XB-_,C25 Bus 280_, 290_,XM Y3,CX II,C25 Pritsche\/Fahrgestell 280_, 290_,XM Break Y4<\/p>\n","protected":false},"featured_media":0,"template":"","meta":{"site-sidebar-layout":"default","site-content-layout":"default","ast-global-header-display":"","ast-main-header-display":"","ast-hfb-above-header-display":"","ast-hfb-below-header-display":"","ast-hfb-mobile-header-display":"","site-post-title":"","ast-breadcrumbs-content":"","ast-featured-img":"","footer-sml-layout":"","theme-transparent-header-meta":"","adv-header-id-meta":"","stick-header-meta":"","header-above-stick-meta":"","header-main-stick-meta":"","header-below-stick-meta":""},"pwb-brand":[28],"product_cat":[29],"product_tag":[],"class_list":{"0":"post-75875","1":"product","2":"type-product","3":"status-publish","5":"pwb-brand-valeo","6":"product_cat-polttoainesuodatin","7":"desktop-align-left","8":"tablet-align-left","9":"mobile-align-left","11":"first","12":"instock","13":"product-type-external"},"brands":[{"id":28,"name":"VALEO","slug":"valeo"}],"_links":{"self":[{"href":"https:\/\/www.autonvaraosahaku.fi\/index.php?rest_route=\/wp\/v2\/product\/75875","targetHints":{"allow":["GET"]}}],"collection":[{"href":"https:\/\/www.autonvaraosahaku.fi\/index.php?rest_route=\/wp\/v2\/product"}],"about":[{"href":"https:\/\/www.autonvaraosahaku.fi\/index.php?rest_route=\/wp\/v2\/types\/product"}],"wp:attachment":[{"href":"https:\/\/www.autonvaraosahaku.fi\/index.php?rest_route=%2Fwp%2Fv2%2Fmedia&parent=75875"}],"wp:term":[{"taxonomy":"pwb-brand","embeddable":true,"href":"https:\/\/www.autonvaraosahaku.fi\/index.php?rest_route=%2Fwp%2Fv2%2Fpwb-brand&post=75875"},{"taxonomy":"product_cat","embeddable":true,"href":"https:\/\/www.autonvaraosahaku.fi\/index.php?rest_route=%2Fwp%2Fv2%2Fproduct_cat&post=75875"},{"taxonomy":"product_tag","embeddable":true,"href":"https:\/\/www.autonvaraosahaku.fi\/index.php?rest_route=%2Fwp%2Fv2%2Fproduct_tag&post=75875"}],"curies":[{"name":"wp","href":"https:\/\/api.w.org\/{rel}","templated":true}]}}