{"id":75876,"date":"2021-02-21T19:42:22","date_gmt":"2021-02-21T19:42:22","guid":{"rendered":"https:\/\/www.autonvaraosahaku.fi\/?product=gates-rc107-jaahdyttimen-korkki"},"modified":"2021-02-21T19:42:26","modified_gmt":"2021-02-21T19:42:26","slug":"gates-rc107-jaahdyttimen-korkki","status":"publish","type":"product","link":"https:\/\/www.autonvaraosahaku.fi\/?product=gates-rc107-jaahdyttimen-korkki","title":{"rendered":"GATES RC107 J\u00e4\u00e4hdyttimen korkki"},"content":{"rendered":"<p>Paine (bar): 0,5; Ulkol\u00e4pimitta [mm]: 59; Korkeus (mm): 24; Paine (psi): 7; Valmistusvuosi alkaen: 01\/1968; ALFA ROMEO: SPIDER 115,SPIDER 105,GIULIA,GT,GTV 116,ALFETTA GT 116,ALFASUD Sprint 902.A,ALFETTA 116,ALFASUD 901,GIULIETTA 116,GIULIA GT,GIULIETTA Sprint,ALFASUD Giardinetta 904,ARNA 920; LANCIA: BETA Coupe 828BC,BETA MONTE CARLO 137AS, 137BS,BETA  H.P.E. 828BF,BETA 828_B_; AUTOBIANCHI: A 112; TRIUMPH: SPITFIRE,TR 6,TR 4,HERALD Cabriolet,TR 4A,HERALD,HERALD Estate; TALBOT: SIMCA 1000,SIMCA 1100 Schr\u00e4gheck,1307-1510; 1747955, GRC102, GRC112; Korkki, J\u00e4\u00e4hdytin<\/p>\n","protected":false},"excerpt":{"rendered":"<p>GATES J\u00e4\u00e4hdyttimen Korkki RC107 Korkki, J\u00e4\u00e4hdytin ALFA ROMEO,LANCIA,AUTOBIANCHI,SPIDER 115,SPIDER 105,GIULIA,GT,GTV 116,ALFETTA GT 116<\/p>\n","protected":false},"featured_media":0,"template":"","meta":{"site-sidebar-layout":"default","site-content-layout":"default","ast-global-header-display":"","ast-main-header-display":"","ast-hfb-above-header-display":"","ast-hfb-below-header-display":"","ast-hfb-mobile-header-display":"","site-post-title":"","ast-breadcrumbs-content":"","ast-featured-img":"","footer-sml-layout":"","theme-transparent-header-meta":"","adv-header-id-meta":"","stick-header-meta":"","header-above-stick-meta":"","header-main-stick-meta":"","header-below-stick-meta":""},"pwb-brand":[22],"product_cat":[173],"product_tag":[],"class_list":{"0":"post-75876","1":"product","2":"type-product","3":"status-publish","5":"pwb-brand-gates","6":"product_cat-jaahdyttimen-korkki","7":"desktop-align-left","8":"tablet-align-left","9":"mobile-align-left","11":"first","12":"instock","13":"product-type-external"},"brands":[{"id":22,"name":"GATES","slug":"gates"}],"_links":{"self":[{"href":"https:\/\/www.autonvaraosahaku.fi\/index.php?rest_route=\/wp\/v2\/product\/75876","targetHints":{"allow":["GET"]}}],"collection":[{"href":"https:\/\/www.autonvaraosahaku.fi\/index.php?rest_route=\/wp\/v2\/product"}],"about":[{"href":"https:\/\/www.autonvaraosahaku.fi\/index.php?rest_route=\/wp\/v2\/types\/product"}],"wp:attachment":[{"href":"https:\/\/www.autonvaraosahaku.fi\/index.php?rest_route=%2Fwp%2Fv2%2Fmedia&parent=75876"}],"wp:term":[{"taxonomy":"pwb-brand","embeddable":true,"href":"https:\/\/www.autonvaraosahaku.fi\/index.php?rest_route=%2Fwp%2Fv2%2Fpwb-brand&post=75876"},{"taxonomy":"product_cat","embeddable":true,"href":"https:\/\/www.autonvaraosahaku.fi\/index.php?rest_route=%2Fwp%2Fv2%2Fproduct_cat&post=75876"},{"taxonomy":"product_tag","embeddable":true,"href":"https:\/\/www.autonvaraosahaku.fi\/index.php?rest_route=%2Fwp%2Fv2%2Fproduct_tag&post=75876"}],"curies":[{"name":"wp","href":"https:\/\/api.w.org\/{rel}","templated":true}]}}